{"id":1215,"date":"2023-10-31T12:25:24","date_gmt":"2023-10-31T09:25:24","guid":{"rendered":"https:\/\/nei-tv.com\/?post_type=product&#038;p=1215"},"modified":"2026-04-20T00:24:41","modified_gmt":"2026-04-19T21:24:41","slug":"smart-tv-32ne4600-android-hd-ready-80-cm-wifi-ci","status":"publish","type":"product","link":"https:\/\/nei-tv.com\/de\/produkt\/smart-tv-32ne4600-android-hd-ready-80-cm-wifi-ci\/","title":{"rendered":"Smart TV 32NE4600, Android, HD Ready, 80 cm, WiFi, CI+"},"content":{"rendered":"<p><img decoding=\"async\" class=\"aligncenter wp-image-1217 size-full\" src=\"https:\/\/nei-tv.com\/wp-content\/uploads\/2023\/10\/Banner_NEI_43NE6800.jpg\" alt=\"NEI_43NE6800\" width=\"100%\" srcset=\"https:\/\/nei-tv.com\/wp-content\/uploads\/2023\/10\/Banner_NEI_43NE6800.jpg 927w, https:\/\/nei-tv.com\/wp-content\/uploads\/2023\/10\/Banner_NEI_43NE6800-300x97.jpg 300w, https:\/\/nei-tv.com\/wp-content\/uploads\/2023\/10\/Banner_NEI_43NE6800-768x249.jpg 768w, https:\/\/nei-tv.com\/wp-content\/uploads\/2023\/10\/Banner_NEI_43NE6800-18x6.jpg 18w, https:\/\/nei-tv.com\/wp-content\/uploads\/2023\/10\/Banner_NEI_43NE6800-600x194.jpg 600w\" sizes=\"(max-width: 927px) 100vw, 927px\" \/><\/p>\n<p><strong>Der Fernseher NEI 32NE4600<\/strong> bietet hervorragende Leistung und garantiert Ihnen den Komfort und die Freiheit, jede gew\u00fcnschte Sendung anzusehen, und das bei maximaler Qualit\u00e4t und Klarheit!<\/p>\n<p>Erschwingliche Qualit\u00e4t. Technologien der neuesten Generation von einer Marke mit Tradition.<\/p>\n<p>In Rum\u00e4nien bringt die Marke NEI seit 1993 Fernseher der neuesten Generation zu erschwinglichen Preisen zur\u00fcck. Jetzt ist die Qualit\u00e4t f\u00fcr jedermann zug\u00e4nglich und bringt die ganze Familie zusammen, um ihre Lieblingssendungen und -filme zu genie\u00dfen.<\/p>\n<p>Gute Qualit\u00e4t. Ihre Lieblingssendungen und -filme in einer 4K-Ultra-HD-Aufl\u00f6sung.<\/p>\n<p>Schauen Sie sich gemeinsam mit Ihren Liebsten in maximaler Aufl\u00f6sung (Ultra HD, 4K) die mit der Kamera\/dem Video aufgenommenen Filme, Serien, Sport\u00fcbertragungen und alle Momente aus dem Urlaub an. Die Qualit\u00e4t des Bildes bringt Sie mitten ins Geschehen.<\/p>\n<p><img decoding=\"async\" class=\"aligncenter wp-image-1218 size-full\" src=\"https:\/\/nei-tv.com\/wp-content\/uploads\/2023\/10\/Banner-nei-32NE4600.png\" alt=\"Banner nei 32NE4600\" width=\"100%\" srcset=\"https:\/\/nei-tv.com\/wp-content\/uploads\/2023\/10\/Banner-nei-32NE4600.png 1849w, https:\/\/nei-tv.com\/wp-content\/uploads\/2023\/10\/Banner-nei-32NE4600-300x143.png 300w, https:\/\/nei-tv.com\/wp-content\/uploads\/2023\/10\/Banner-nei-32NE4600-1024x488.png 1024w, https:\/\/nei-tv.com\/wp-content\/uploads\/2023\/10\/Banner-nei-32NE4600-768x366.png 768w, https:\/\/nei-tv.com\/wp-content\/uploads\/2023\/10\/Banner-nei-32NE4600-1536x732.png 1536w, https:\/\/nei-tv.com\/wp-content\/uploads\/2023\/10\/Banner-nei-32NE4600-18x9.png 18w, https:\/\/nei-tv.com\/wp-content\/uploads\/2023\/10\/Banner-nei-32NE4600-600x286.png 600w\" sizes=\"(max-width: 1849px) 100vw, 1849px\" \/><\/p>\n<p>Verbinden Sie sich \u00fcber WLAN. F\u00fcr den schnellen und einfachen Zugriff auf Ihre Lieblingsinhalte.<\/p>\n<p>Schnelle und einfache Verbindung f\u00fcr den Zugriff auf Ihre Lieblingsinhalte direkt auf dem Fernseher, ohne Kabel oder umst\u00e4ndliche Einstellungen. Jetzt haben Sie einfachen und komfortablen Zugriff auf mobile Ger\u00e4te und das Internet.<\/p>\n<p>CI+-Schnittstelle. Einfacher und bequemer Empfang und Auswahl von Fernsehkan\u00e4len.<\/p>\n<p>Mithilfe der CI+-Schnittstelle k\u00f6nnen Sie auf die zweite TV-Box-Fernbedienung Ihres Kabelnetzbetreibers verzichten und die TV-Kan\u00e4le direkt \u00fcber die NEI-TV-Fernbedienung steuern. Nichts einfacher!<\/p>","protected":false},"excerpt":{"rendered":"<p><strong>Der Fernseher NEI 32NE4600<\/strong> bietet hervorragende Leistung und garantiert Ihnen den Komfort und die Freiheit, jede gew\u00fcnschte Sendung anzusehen, und das bei maximaler Qualit\u00e4t und Klarheit!<\/p>","protected":false},"featured_media":2096,"comment_status":"open","ping_status":"closed","template":"","meta":[],"product_brand":[],"product_cat":[32,33],"product_tag":[],"class_list":{"0":"post-1215","1":"product","2":"type-product","3":"status-publish","4":"has-post-thumbnail","6":"product_cat-android-tv","7":"product_cat-android-tv-hd","9":"first","10":"instock","11":"shipping-taxable","12":"product-type-simple"},"yoast_head":"<!-- This site is optimized with the Yoast SEO plugin v24.7 - https:\/\/yoast.com\/wordpress\/plugins\/seo\/ -->\n<title>Smart TV 32NE4600, Android, HD Ready, 80 cm, WiFi, CI+ - NEI TV<\/title>\n<meta name=\"robots\" content=\"index, follow, max-snippet:-1, max-image-preview:large, max-video-preview:-1\" \/>\n<link rel=\"canonical\" href=\"https:\/\/nei-tv.com\/de\/produkt\/smart-tv-32ne4600-android-hd-ready-80-cm-wifi-ci\/\" \/>\n<meta property=\"og:locale\" content=\"de_DE\" \/>\n<meta property=\"og:type\" content=\"article\" \/>\n<meta property=\"og:title\" content=\"Smart TV 32NE4600, Android, HD Ready, 80 cm, WiFi, CI+ - NEI TV\" \/>\n<meta property=\"og:description\" content=\"The NEI 32NE4600 TV brings excellent performance and guarantees you the comfort and freedom to watch any show you want, offering maximum quality and clarity!\" \/>\n<meta property=\"og:url\" content=\"https:\/\/nei-tv.com\/de\/produkt\/smart-tv-32ne4600-android-hd-ready-80-cm-wifi-ci\/\" \/>\n<meta property=\"og:site_name\" content=\"NEI TV\" \/>\n<meta property=\"article:modified_time\" content=\"2026-04-19T21:24:41+00:00\" \/>\n<meta property=\"og:image\" content=\"https:\/\/nei-tv.com\/wp-content\/uploads\/2023\/10\/NEI-32NE4600.jpg\" \/>\n\t<meta property=\"og:image:width\" content=\"1000\" \/>\n\t<meta property=\"og:image:height\" content=\"1000\" \/>\n\t<meta property=\"og:image:type\" content=\"image\/jpeg\" \/>\n<meta name=\"twitter:card\" content=\"summary_large_image\" \/>\n<meta name=\"twitter:label1\" content=\"Gesch\u00e4tzte Lesezeit\" \/>\n\t<meta name=\"twitter:data1\" content=\"2\u00a0Minuten\" \/>\n<script type=\"application\/ld+json\" class=\"yoast-schema-graph\">{\"@context\":\"https:\/\/schema.org\",\"@graph\":[{\"@type\":\"WebPage\",\"@id\":\"https:\/\/nei-tv.com\/product\/smart-tv-32ne4600-android-hd-ready-80-cm-wifi-ci\/\",\"url\":\"https:\/\/nei-tv.com\/product\/smart-tv-32ne4600-android-hd-ready-80-cm-wifi-ci\/\",\"name\":\"Smart TV 32NE4600, Android, HD Ready, 80 cm, WiFi, CI+ - NEI TV\",\"isPartOf\":{\"@id\":\"https:\/\/nei-tv.com\/#website\"},\"primaryImageOfPage\":{\"@id\":\"https:\/\/nei-tv.com\/product\/smart-tv-32ne4600-android-hd-ready-80-cm-wifi-ci\/#primaryimage\"},\"image\":{\"@id\":\"https:\/\/nei-tv.com\/product\/smart-tv-32ne4600-android-hd-ready-80-cm-wifi-ci\/#primaryimage\"},\"thumbnailUrl\":\"https:\/\/nei-tv.com\/wp-content\/uploads\/2023\/10\/NEI-32NE4600.jpg\",\"datePublished\":\"2023-10-31T09:25:24+00:00\",\"dateModified\":\"2026-04-19T21:24:41+00:00\",\"breadcrumb\":{\"@id\":\"https:\/\/nei-tv.com\/product\/smart-tv-32ne4600-android-hd-ready-80-cm-wifi-ci\/#breadcrumb\"},\"inLanguage\":\"de\",\"potentialAction\":[{\"@type\":\"ReadAction\",\"target\":[\"https:\/\/nei-tv.com\/product\/smart-tv-32ne4600-android-hd-ready-80-cm-wifi-ci\/\"]}]},{\"@type\":\"ImageObject\",\"inLanguage\":\"de\",\"@id\":\"https:\/\/nei-tv.com\/product\/smart-tv-32ne4600-android-hd-ready-80-cm-wifi-ci\/#primaryimage\",\"url\":\"https:\/\/nei-tv.com\/wp-content\/uploads\/2023\/10\/NEI-32NE4600.jpg\",\"contentUrl\":\"https:\/\/nei-tv.com\/wp-content\/uploads\/2023\/10\/NEI-32NE4600.jpg\",\"width\":1000,\"height\":1000},{\"@type\":\"BreadcrumbList\",\"@id\":\"https:\/\/nei-tv.com\/product\/smart-tv-32ne4600-android-hd-ready-80-cm-wifi-ci\/#breadcrumb\",\"itemListElement\":[{\"@type\":\"ListItem\",\"position\":1,\"name\":\"Home\",\"item\":\"https:\/\/nei-tv.com\/\"},{\"@type\":\"ListItem\",\"position\":2,\"name\":\"Shop\",\"item\":\"https:\/\/nei-tv.com\/shop\/\"},{\"@type\":\"ListItem\",\"position\":3,\"name\":\"Smart TV 32NE4600, Android, HD Ready, 80 cm, WiFi, CI+\"}]},{\"@type\":\"WebSite\",\"@id\":\"https:\/\/nei-tv.com\/#website\",\"url\":\"https:\/\/nei-tv.com\/\",\"name\":\"NEI TV\",\"description\":\"NEI\",\"publisher\":{\"@id\":\"https:\/\/nei-tv.com\/#organization\"},\"potentialAction\":[{\"@type\":\"SearchAction\",\"target\":{\"@type\":\"EntryPoint\",\"urlTemplate\":\"https:\/\/nei-tv.com\/?s={search_term_string}\"},\"query-input\":{\"@type\":\"PropertyValueSpecification\",\"valueRequired\":true,\"valueName\":\"search_term_string\"}}],\"inLanguage\":\"de\"},{\"@type\":\"Organization\",\"@id\":\"https:\/\/nei-tv.com\/#organization\",\"name\":\"NEI TV\",\"url\":\"https:\/\/nei-tv.com\/\",\"logo\":{\"@type\":\"ImageObject\",\"inLanguage\":\"de\",\"@id\":\"https:\/\/nei-tv.com\/#\/schema\/logo\/image\/\",\"url\":\"https:\/\/nei-tv.com\/wp-content\/uploads\/2023\/09\/logo_nei_tv_black_en.svg\",\"contentUrl\":\"https:\/\/nei-tv.com\/wp-content\/uploads\/2023\/09\/logo_nei_tv_black_en.svg\",\"width\":512,\"height\":205,\"caption\":\"NEI TV\"},\"image\":{\"@id\":\"https:\/\/nei-tv.com\/#\/schema\/logo\/image\/\"}}]}<\/script>\n<!-- \/ Yoast SEO plugin. -->","yoast_head_json":{"title":"Smart TV 32NE4600, Android, HD Ready, 80 cm, WiFi, CI+ - NEI TV","robots":{"index":"index","follow":"follow","max-snippet":"max-snippet:-1","max-image-preview":"max-image-preview:large","max-video-preview":"max-video-preview:-1"},"canonical":"https:\/\/nei-tv.com\/de\/produkt\/smart-tv-32ne4600-android-hd-ready-80-cm-wifi-ci\/","og_locale":"de_DE","og_type":"article","og_title":"Smart TV 32NE4600, Android, HD Ready, 80 cm, WiFi, CI+ - NEI TV","og_description":"The NEI 32NE4600 TV brings excellent performance and guarantees you the comfort and freedom to watch any show you want, offering maximum quality and clarity!","og_url":"https:\/\/nei-tv.com\/de\/produkt\/smart-tv-32ne4600-android-hd-ready-80-cm-wifi-ci\/","og_site_name":"NEI TV","article_modified_time":"2026-04-19T21:24:41+00:00","og_image":[{"width":1000,"height":1000,"url":"https:\/\/nei-tv.com\/wp-content\/uploads\/2023\/10\/NEI-32NE4600.jpg","type":"image\/jpeg"}],"twitter_card":"summary_large_image","twitter_misc":{"Gesch\u00e4tzte Lesezeit":"2\u00a0Minuten"},"schema":{"@context":"https:\/\/schema.org","@graph":[{"@type":"WebPage","@id":"https:\/\/nei-tv.com\/product\/smart-tv-32ne4600-android-hd-ready-80-cm-wifi-ci\/","url":"https:\/\/nei-tv.com\/product\/smart-tv-32ne4600-android-hd-ready-80-cm-wifi-ci\/","name":"Smart TV 32NE4600, Android, HD Ready, 80 cm, WiFi, CI+ - NEI TV","isPartOf":{"@id":"https:\/\/nei-tv.com\/#website"},"primaryImageOfPage":{"@id":"https:\/\/nei-tv.com\/product\/smart-tv-32ne4600-android-hd-ready-80-cm-wifi-ci\/#primaryimage"},"image":{"@id":"https:\/\/nei-tv.com\/product\/smart-tv-32ne4600-android-hd-ready-80-cm-wifi-ci\/#primaryimage"},"thumbnailUrl":"https:\/\/nei-tv.com\/wp-content\/uploads\/2023\/10\/NEI-32NE4600.jpg","datePublished":"2023-10-31T09:25:24+00:00","dateModified":"2026-04-19T21:24:41+00:00","breadcrumb":{"@id":"https:\/\/nei-tv.com\/product\/smart-tv-32ne4600-android-hd-ready-80-cm-wifi-ci\/#breadcrumb"},"inLanguage":"de","potentialAction":[{"@type":"ReadAction","target":["https:\/\/nei-tv.com\/product\/smart-tv-32ne4600-android-hd-ready-80-cm-wifi-ci\/"]}]},{"@type":"ImageObject","inLanguage":"de","@id":"https:\/\/nei-tv.com\/product\/smart-tv-32ne4600-android-hd-ready-80-cm-wifi-ci\/#primaryimage","url":"https:\/\/nei-tv.com\/wp-content\/uploads\/2023\/10\/NEI-32NE4600.jpg","contentUrl":"https:\/\/nei-tv.com\/wp-content\/uploads\/2023\/10\/NEI-32NE4600.jpg","width":1000,"height":1000},{"@type":"BreadcrumbList","@id":"https:\/\/nei-tv.com\/product\/smart-tv-32ne4600-android-hd-ready-80-cm-wifi-ci\/#breadcrumb","itemListElement":[{"@type":"ListItem","position":1,"name":"Home","item":"https:\/\/nei-tv.com\/"},{"@type":"ListItem","position":2,"name":"Shop","item":"https:\/\/nei-tv.com\/shop\/"},{"@type":"ListItem","position":3,"name":"Smart TV 32NE4600, Android, HD Ready, 80 cm, WiFi, CI+"}]},{"@type":"WebSite","@id":"https:\/\/nei-tv.com\/#website","url":"https:\/\/nei-tv.com\/","name":"NEI TV","description":"NEI","publisher":{"@id":"https:\/\/nei-tv.com\/#organization"},"potentialAction":[{"@type":"SearchAction","target":{"@type":"EntryPoint","urlTemplate":"https:\/\/nei-tv.com\/?s={search_term_string}"},"query-input":{"@type":"PropertyValueSpecification","valueRequired":true,"valueName":"search_term_string"}}],"inLanguage":"de"},{"@type":"Organization","@id":"https:\/\/nei-tv.com\/#organization","name":"NEI TV","url":"https:\/\/nei-tv.com\/","logo":{"@type":"ImageObject","inLanguage":"de","@id":"https:\/\/nei-tv.com\/#\/schema\/logo\/image\/","url":"https:\/\/nei-tv.com\/wp-content\/uploads\/2023\/09\/logo_nei_tv_black_en.svg","contentUrl":"https:\/\/nei-tv.com\/wp-content\/uploads\/2023\/09\/logo_nei_tv_black_en.svg","width":512,"height":205,"caption":"NEI TV"},"image":{"@id":"https:\/\/nei-tv.com\/#\/schema\/logo\/image\/"}}]}},"_links":{"self":[{"href":"https:\/\/nei-tv.com\/de\/wp-json\/wp\/v2\/product\/1215","targetHints":{"allow":["GET"]}}],"collection":[{"href":"https:\/\/nei-tv.com\/de\/wp-json\/wp\/v2\/product"}],"about":[{"href":"https:\/\/nei-tv.com\/de\/wp-json\/wp\/v2\/types\/product"}],"replies":[{"embeddable":true,"href":"https:\/\/nei-tv.com\/de\/wp-json\/wp\/v2\/comments?post=1215"}],"version-history":[{"count":4,"href":"https:\/\/nei-tv.com\/de\/wp-json\/wp\/v2\/product\/1215\/revisions"}],"predecessor-version":[{"id":1583,"href":"https:\/\/nei-tv.com\/de\/wp-json\/wp\/v2\/product\/1215\/revisions\/1583"}],"wp:featuredmedia":[{"embeddable":true,"href":"https:\/\/nei-tv.com\/de\/wp-json\/wp\/v2\/media\/2096"}],"wp:attachment":[{"href":"https:\/\/nei-tv.com\/de\/wp-json\/wp\/v2\/media?parent=1215"}],"wp:term":[{"taxonomy":"product_brand","embeddable":true,"href":"https:\/\/nei-tv.com\/de\/wp-json\/wp\/v2\/product_brand?post=1215"},{"taxonomy":"product_cat","embeddable":true,"href":"https:\/\/nei-tv.com\/de\/wp-json\/wp\/v2\/product_cat?post=1215"},{"taxonomy":"product_tag","embeddable":true,"href":"https:\/\/nei-tv.com\/de\/wp-json\/wp\/v2\/product_tag?post=1215"}],"curies":[{"name":"wp","href":"https:\/\/api.w.org\/{rel}","templated":true}]}}