{"id":1280,"date":"2023-11-02T11:04:48","date_gmt":"2023-11-02T08:04:48","guid":{"rendered":"https:\/\/nei-tv.com\/?post_type=product&#038;p=1280"},"modified":"2024-02-15T14:36:57","modified_gmt":"2024-02-15T11:36:57","slug":"smart-tv-39ne4700-linux-hd-98-cm-wifi-ci","status":"publish","type":"product","link":"https:\/\/nei-tv.com\/de\/produkt\/smart-tv-39ne4700-linux-hd-98-cm-wifi-ci\/","title":{"rendered":"Smart TV 39NE4700, Linux, HD, 98 cm, WiFi, CI+"},"content":{"rendered":"<p><img decoding=\"async\" class=\"wp-image-1288 size-full aligncenter\" src=\"https:\/\/nei-tv.com\/wp-content\/uploads\/2023\/11\/Smart-TV-39NE4700-Linux-HD-98-cm-WiFi-CI.jpg\" alt=\"\" width=\"100%\" srcset=\"https:\/\/nei-tv.com\/wp-content\/uploads\/2023\/11\/Smart-TV-39NE4700-Linux-HD-98-cm-WiFi-CI.jpg 500w, https:\/\/nei-tv.com\/wp-content\/uploads\/2023\/11\/Smart-TV-39NE4700-Linux-HD-98-cm-WiFi-CI-300x144.jpg 300w, https:\/\/nei-tv.com\/wp-content\/uploads\/2023\/11\/Smart-TV-39NE4700-Linux-HD-98-cm-WiFi-CI-18x9.jpg 18w\" sizes=\"(max-width: 500px) 100vw, 500px\" \/><\/p>\n<p>Der Fernseher NEI 39NE4700 bietet ein modernes Design, die dezenten Abmessungen erleichtern die Unterbringung des Fernsehers im gew\u00fcnschten Raum.<\/p>\n<p>Erschwingliche Qualit\u00e4t.<\/p>\n<p>Technologien der neuesten Generation von einer Marke mit Tradition. Jetzt ist die Qualit\u00e4t f\u00fcr jedermann zug\u00e4nglich und bringt die ganze Familie zusammen, um ihre Lieblingssendungen und -filme zu genie\u00dfen.<\/p>\n<p><img decoding=\"async\" class=\"wp-image-1289 size-full aligncenter\" src=\"https:\/\/nei-tv.com\/wp-content\/uploads\/2023\/11\/TV-39NE4700.jpg\" alt=\"\" width=\"100%\" srcset=\"https:\/\/nei-tv.com\/wp-content\/uploads\/2023\/11\/TV-39NE4700.jpg 500w, https:\/\/nei-tv.com\/wp-content\/uploads\/2023\/11\/TV-39NE4700-300x144.jpg 300w, https:\/\/nei-tv.com\/wp-content\/uploads\/2023\/11\/TV-39NE4700-18x9.jpg 18w\" sizes=\"(max-width: 500px) 100vw, 500px\" \/><\/p>\n<p>Gute Qualit\u00e4t.<\/p>\n<p>Ihre Lieblingssendungen und -filme in HD-Aufl\u00f6sung. Schauen Sie sich gemeinsam mit Ihren Liebsten die mit der Kamera\/dem Video aufgenommenen Filme, Serien, Sport\u00fcbertragungen und alle mit der Kamera\/dem Video aufgenommenen Momente aus dem Urlaub in maximaler Aufl\u00f6sung (HD, 720p) an. Die Qualit\u00e4t des Bildes bringt Sie mitten ins Geschehen.<\/p>","protected":false},"excerpt":{"rendered":"<p>Der Fernseher NEI 39NE4700 bietet ein modernes Design, die dezenten Abmessungen erleichtern die Unterbringung des Fernsehers im gew\u00fcnschten Raum.<\/p>\n<p>&nbsp;<\/p>\n<pre id=\"tw-target-text\" class=\"tw-data-text tw-text-large tw-ta\" dir=\"ltr\" data-placeholder=\"Translation\" data-ved=\"2ahUKEwjS5YTB5qKCAxXYhv0HHemlCqAQ3ewLegQIBhAQ\"><\/pre>","protected":false},"featured_media":2100,"comment_status":"open","ping_status":"closed","template":"","meta":[],"product_brand":[],"product_cat":[28,29],"product_tag":[],"class_list":{"0":"post-1280","1":"product","2":"type-product","3":"status-publish","4":"has-post-thumbnail","6":"product_cat-linux-tv","7":"product_cat-linux-tv-hd","9":"first","10":"instock","11":"shipping-taxable","12":"product-type-simple"},"yoast_head":"<!-- This site is optimized with the Yoast SEO plugin v24.7 - https:\/\/yoast.com\/wordpress\/plugins\/seo\/ -->\n<title>Smart TV 39NE4700, Linux, HD, 98 cm, WiFi, CI+ - NEI TV<\/title>\n<meta name=\"robots\" content=\"index, follow, max-snippet:-1, max-image-preview:large, max-video-preview:-1\" \/>\n<link rel=\"canonical\" href=\"https:\/\/nei-tv.com\/de\/produkt\/smart-tv-39ne4700-linux-hd-98-cm-wifi-ci\/\" \/>\n<meta property=\"og:locale\" content=\"de_DE\" \/>\n<meta property=\"og:type\" content=\"article\" \/>\n<meta property=\"og:title\" content=\"Smart TV 39NE4700, Linux, HD, 98 cm, WiFi, CI+ - NEI TV\" \/>\n<meta property=\"og:description\" content=\"The NEI 39NE4700 TV offers a modern design, the discreet dimensions make it easier to fit the TV in the desired space.  &nbsp;\" \/>\n<meta property=\"og:url\" content=\"https:\/\/nei-tv.com\/de\/produkt\/smart-tv-39ne4700-linux-hd-98-cm-wifi-ci\/\" \/>\n<meta property=\"og:site_name\" content=\"NEI TV\" \/>\n<meta property=\"article:modified_time\" content=\"2024-02-15T11:36:57+00:00\" \/>\n<meta property=\"og:image\" content=\"https:\/\/nei-tv.com\/wp-content\/uploads\/2023\/11\/Nei-39NE4700.jpg\" \/>\n\t<meta property=\"og:image:width\" content=\"1000\" \/>\n\t<meta property=\"og:image:height\" content=\"1000\" \/>\n\t<meta property=\"og:image:type\" content=\"image\/jpeg\" \/>\n<meta name=\"twitter:card\" content=\"summary_large_image\" \/>\n<meta name=\"twitter:label1\" content=\"Gesch\u00e4tzte Lesezeit\" \/>\n\t<meta name=\"twitter:data1\" content=\"2\u00a0Minuten\" \/>\n<script type=\"application\/ld+json\" class=\"yoast-schema-graph\">{\"@context\":\"https:\/\/schema.org\",\"@graph\":[{\"@type\":\"WebPage\",\"@id\":\"https:\/\/nei-tv.com\/product\/smart-tv-39ne4700-linux-hd-98-cm-wifi-ci\/\",\"url\":\"https:\/\/nei-tv.com\/product\/smart-tv-39ne4700-linux-hd-98-cm-wifi-ci\/\",\"name\":\"Smart TV 39NE4700, Linux, HD, 98 cm, WiFi, CI+ - NEI TV\",\"isPartOf\":{\"@id\":\"https:\/\/nei-tv.com\/#website\"},\"primaryImageOfPage\":{\"@id\":\"https:\/\/nei-tv.com\/product\/smart-tv-39ne4700-linux-hd-98-cm-wifi-ci\/#primaryimage\"},\"image\":{\"@id\":\"https:\/\/nei-tv.com\/product\/smart-tv-39ne4700-linux-hd-98-cm-wifi-ci\/#primaryimage\"},\"thumbnailUrl\":\"https:\/\/nei-tv.com\/wp-content\/uploads\/2023\/11\/Nei-39NE4700.jpg\",\"datePublished\":\"2023-11-02T08:04:48+00:00\",\"dateModified\":\"2024-02-15T11:36:57+00:00\",\"breadcrumb\":{\"@id\":\"https:\/\/nei-tv.com\/product\/smart-tv-39ne4700-linux-hd-98-cm-wifi-ci\/#breadcrumb\"},\"inLanguage\":\"de\",\"potentialAction\":[{\"@type\":\"ReadAction\",\"target\":[\"https:\/\/nei-tv.com\/product\/smart-tv-39ne4700-linux-hd-98-cm-wifi-ci\/\"]}]},{\"@type\":\"ImageObject\",\"inLanguage\":\"de\",\"@id\":\"https:\/\/nei-tv.com\/product\/smart-tv-39ne4700-linux-hd-98-cm-wifi-ci\/#primaryimage\",\"url\":\"https:\/\/nei-tv.com\/wp-content\/uploads\/2023\/11\/Nei-39NE4700.jpg\",\"contentUrl\":\"https:\/\/nei-tv.com\/wp-content\/uploads\/2023\/11\/Nei-39NE4700.jpg\",\"width\":1000,\"height\":1000},{\"@type\":\"BreadcrumbList\",\"@id\":\"https:\/\/nei-tv.com\/product\/smart-tv-39ne4700-linux-hd-98-cm-wifi-ci\/#breadcrumb\",\"itemListElement\":[{\"@type\":\"ListItem\",\"position\":1,\"name\":\"Home\",\"item\":\"https:\/\/nei-tv.com\/\"},{\"@type\":\"ListItem\",\"position\":2,\"name\":\"Shop\",\"item\":\"https:\/\/nei-tv.com\/shop\/\"},{\"@type\":\"ListItem\",\"position\":3,\"name\":\"Smart TV 39NE4700, Linux, HD, 98 cm, WiFi, CI+\"}]},{\"@type\":\"WebSite\",\"@id\":\"https:\/\/nei-tv.com\/#website\",\"url\":\"https:\/\/nei-tv.com\/\",\"name\":\"NEI TV\",\"description\":\"NEI\",\"publisher\":{\"@id\":\"https:\/\/nei-tv.com\/#organization\"},\"potentialAction\":[{\"@type\":\"SearchAction\",\"target\":{\"@type\":\"EntryPoint\",\"urlTemplate\":\"https:\/\/nei-tv.com\/?s={search_term_string}\"},\"query-input\":{\"@type\":\"PropertyValueSpecification\",\"valueRequired\":true,\"valueName\":\"search_term_string\"}}],\"inLanguage\":\"de\"},{\"@type\":\"Organization\",\"@id\":\"https:\/\/nei-tv.com\/#organization\",\"name\":\"NEI TV\",\"url\":\"https:\/\/nei-tv.com\/\",\"logo\":{\"@type\":\"ImageObject\",\"inLanguage\":\"de\",\"@id\":\"https:\/\/nei-tv.com\/#\/schema\/logo\/image\/\",\"url\":\"https:\/\/nei-tv.com\/wp-content\/uploads\/2023\/09\/logo_nei_tv_black_en.svg\",\"contentUrl\":\"https:\/\/nei-tv.com\/wp-content\/uploads\/2023\/09\/logo_nei_tv_black_en.svg\",\"width\":512,\"height\":205,\"caption\":\"NEI TV\"},\"image\":{\"@id\":\"https:\/\/nei-tv.com\/#\/schema\/logo\/image\/\"}}]}<\/script>\n<!-- \/ Yoast SEO plugin. -->","yoast_head_json":{"title":"Smart TV 39NE4700, Linux, HD, 98 cm, WiFi, CI+ - NEI TV","robots":{"index":"index","follow":"follow","max-snippet":"max-snippet:-1","max-image-preview":"max-image-preview:large","max-video-preview":"max-video-preview:-1"},"canonical":"https:\/\/nei-tv.com\/de\/produkt\/smart-tv-39ne4700-linux-hd-98-cm-wifi-ci\/","og_locale":"de_DE","og_type":"article","og_title":"Smart TV 39NE4700, Linux, HD, 98 cm, WiFi, CI+ - NEI TV","og_description":"The NEI 39NE4700 TV offers a modern design, the discreet dimensions make it easier to fit the TV in the desired space.  &nbsp;","og_url":"https:\/\/nei-tv.com\/de\/produkt\/smart-tv-39ne4700-linux-hd-98-cm-wifi-ci\/","og_site_name":"NEI TV","article_modified_time":"2024-02-15T11:36:57+00:00","og_image":[{"width":1000,"height":1000,"url":"https:\/\/nei-tv.com\/wp-content\/uploads\/2023\/11\/Nei-39NE4700.jpg","type":"image\/jpeg"}],"twitter_card":"summary_large_image","twitter_misc":{"Gesch\u00e4tzte Lesezeit":"2\u00a0Minuten"},"schema":{"@context":"https:\/\/schema.org","@graph":[{"@type":"WebPage","@id":"https:\/\/nei-tv.com\/product\/smart-tv-39ne4700-linux-hd-98-cm-wifi-ci\/","url":"https:\/\/nei-tv.com\/product\/smart-tv-39ne4700-linux-hd-98-cm-wifi-ci\/","name":"Smart TV 39NE4700, Linux, HD, 98 cm, WiFi, CI+ - NEI TV","isPartOf":{"@id":"https:\/\/nei-tv.com\/#website"},"primaryImageOfPage":{"@id":"https:\/\/nei-tv.com\/product\/smart-tv-39ne4700-linux-hd-98-cm-wifi-ci\/#primaryimage"},"image":{"@id":"https:\/\/nei-tv.com\/product\/smart-tv-39ne4700-linux-hd-98-cm-wifi-ci\/#primaryimage"},"thumbnailUrl":"https:\/\/nei-tv.com\/wp-content\/uploads\/2023\/11\/Nei-39NE4700.jpg","datePublished":"2023-11-02T08:04:48+00:00","dateModified":"2024-02-15T11:36:57+00:00","breadcrumb":{"@id":"https:\/\/nei-tv.com\/product\/smart-tv-39ne4700-linux-hd-98-cm-wifi-ci\/#breadcrumb"},"inLanguage":"de","potentialAction":[{"@type":"ReadAction","target":["https:\/\/nei-tv.com\/product\/smart-tv-39ne4700-linux-hd-98-cm-wifi-ci\/"]}]},{"@type":"ImageObject","inLanguage":"de","@id":"https:\/\/nei-tv.com\/product\/smart-tv-39ne4700-linux-hd-98-cm-wifi-ci\/#primaryimage","url":"https:\/\/nei-tv.com\/wp-content\/uploads\/2023\/11\/Nei-39NE4700.jpg","contentUrl":"https:\/\/nei-tv.com\/wp-content\/uploads\/2023\/11\/Nei-39NE4700.jpg","width":1000,"height":1000},{"@type":"BreadcrumbList","@id":"https:\/\/nei-tv.com\/product\/smart-tv-39ne4700-linux-hd-98-cm-wifi-ci\/#breadcrumb","itemListElement":[{"@type":"ListItem","position":1,"name":"Home","item":"https:\/\/nei-tv.com\/"},{"@type":"ListItem","position":2,"name":"Shop","item":"https:\/\/nei-tv.com\/shop\/"},{"@type":"ListItem","position":3,"name":"Smart TV 39NE4700, Linux, HD, 98 cm, WiFi, CI+"}]},{"@type":"WebSite","@id":"https:\/\/nei-tv.com\/#website","url":"https:\/\/nei-tv.com\/","name":"NEI TV","description":"NEI","publisher":{"@id":"https:\/\/nei-tv.com\/#organization"},"potentialAction":[{"@type":"SearchAction","target":{"@type":"EntryPoint","urlTemplate":"https:\/\/nei-tv.com\/?s={search_term_string}"},"query-input":{"@type":"PropertyValueSpecification","valueRequired":true,"valueName":"search_term_string"}}],"inLanguage":"de"},{"@type":"Organization","@id":"https:\/\/nei-tv.com\/#organization","name":"NEI TV","url":"https:\/\/nei-tv.com\/","logo":{"@type":"ImageObject","inLanguage":"de","@id":"https:\/\/nei-tv.com\/#\/schema\/logo\/image\/","url":"https:\/\/nei-tv.com\/wp-content\/uploads\/2023\/09\/logo_nei_tv_black_en.svg","contentUrl":"https:\/\/nei-tv.com\/wp-content\/uploads\/2023\/09\/logo_nei_tv_black_en.svg","width":512,"height":205,"caption":"NEI TV"},"image":{"@id":"https:\/\/nei-tv.com\/#\/schema\/logo\/image\/"}}]}},"_links":{"self":[{"href":"https:\/\/nei-tv.com\/de\/wp-json\/wp\/v2\/product\/1280","targetHints":{"allow":["GET"]}}],"collection":[{"href":"https:\/\/nei-tv.com\/de\/wp-json\/wp\/v2\/product"}],"about":[{"href":"https:\/\/nei-tv.com\/de\/wp-json\/wp\/v2\/types\/product"}],"replies":[{"embeddable":true,"href":"https:\/\/nei-tv.com\/de\/wp-json\/wp\/v2\/comments?post=1280"}],"version-history":[{"count":4,"href":"https:\/\/nei-tv.com\/de\/wp-json\/wp\/v2\/product\/1280\/revisions"}],"predecessor-version":[{"id":1873,"href":"https:\/\/nei-tv.com\/de\/wp-json\/wp\/v2\/product\/1280\/revisions\/1873"}],"wp:featuredmedia":[{"embeddable":true,"href":"https:\/\/nei-tv.com\/de\/wp-json\/wp\/v2\/media\/2100"}],"wp:attachment":[{"href":"https:\/\/nei-tv.com\/de\/wp-json\/wp\/v2\/media?parent=1280"}],"wp:term":[{"taxonomy":"product_brand","embeddable":true,"href":"https:\/\/nei-tv.com\/de\/wp-json\/wp\/v2\/product_brand?post=1280"},{"taxonomy":"product_cat","embeddable":true,"href":"https:\/\/nei-tv.com\/de\/wp-json\/wp\/v2\/product_cat?post=1280"},{"taxonomy":"product_tag","embeddable":true,"href":"https:\/\/nei-tv.com\/de\/wp-json\/wp\/v2\/product_tag?post=1280"}],"curies":[{"name":"wp","href":"https:\/\/api.w.org\/{rel}","templated":true}]}}