{"id":1291,"date":"2023-11-02T11:29:43","date_gmt":"2023-11-02T08:29:43","guid":{"rendered":"https:\/\/nei-tv.com\/?post_type=product&#038;p=1291"},"modified":"2024-02-15T14:39:49","modified_gmt":"2024-02-15T11:39:49","slug":"smart-tv-40ne5700-linux-full-hd-100-cm-wifi-ci","status":"publish","type":"product","link":"https:\/\/nei-tv.com\/de\/produkt\/smart-tv-40ne5700-linux-full-hd-100-cm-wifi-ci\/","title":{"rendered":"Smart TV 40NE5700, Linux, Full HD, 100 cm, WiFi, CI+"},"content":{"rendered":"<p><img decoding=\"async\" class=\"wp-image-1300 size-full aligncenter\" src=\"https:\/\/nei-tv.com\/wp-content\/uploads\/2023\/11\/Nei-40NE5700.jpg\" alt=\"\" width=\"100%\" srcset=\"https:\/\/nei-tv.com\/wp-content\/uploads\/2023\/11\/Nei-40NE5700.jpg 824w, https:\/\/nei-tv.com\/wp-content\/uploads\/2023\/11\/Nei-40NE5700-300x164.jpg 300w, https:\/\/nei-tv.com\/wp-content\/uploads\/2023\/11\/Nei-40NE5700-768x419.jpg 768w, https:\/\/nei-tv.com\/wp-content\/uploads\/2023\/11\/Nei-40NE5700-18x10.jpg 18w, https:\/\/nei-tv.com\/wp-content\/uploads\/2023\/11\/Nei-40NE5700-600x328.jpg 600w\" sizes=\"(max-width: 824px) 100vw, 824px\" \/><\/p>\n<p>Die seit 1993 in Rum\u00e4nien pr\u00e4sente Marke NEI bringt Fernseher der neuesten Generation zu erschwinglichen Preisen zur\u00fcck.<br \/>\nJetzt ist die Qualit\u00e4t f\u00fcr jedermann zug\u00e4nglich und bringt die ganze Familie zusammen, um ihre Lieblingssendungen und -filme zu genie\u00dfen.<\/p>\n<p>Schauen Sie sich gemeinsam mit Ihren Lieben Filme, Serien, Sport\u00fcbertragungen und alle mit Ihrer Foto-\/Videokamera aufgenommenen Urlaubsmomente in maximaler Aufl\u00f6sung (Full HD, 1080p) an.<br \/>\nDie Qualit\u00e4t des Bildes bringt Sie mitten ins Geschehen.<br \/>\nEine ganze Welt auf dem Bildschirm Ihres SMART TV. Ihre Lieblingsanwendungen (Netflix\u00ae, YouTube\u00ae etc.), direkt auf dem Fernseher, f\u00fcr vielf\u00e4ltige Inhalte, wann immer Sie wollen.<\/p>\n<p>Schnelle und einfache Verbindung f\u00fcr den Zugriff auf Ihre Lieblingsinhalte direkt auf dem Fernseher, ohne Kabel oder umst\u00e4ndliche Einstellungen.<br \/>\nJetzt haben Sie einfachen und komfortablen Zugriff auf mobile Ger\u00e4te und das Internet.<\/p>\n<p>Mithilfe der CI+-Schnittstelle k\u00f6nnen Sie auf die zweite TV-Box-Fernbedienung Ihres Kabelnetzbetreibers verzichten und die TV-Kan\u00e4le direkt \u00fcber die NEI-TV-Fernbedienung steuern. Nichts einfacher!<\/p>","protected":false},"excerpt":{"rendered":"<p>Schauen Sie sich gemeinsam mit Ihren Lieben Filme, Serien, Sport\u00fcbertragungen und alle mit Ihrer Foto-\/Videokamera aufgenommenen Urlaubsmomente in maximaler Aufl\u00f6sung (Full HD, 1080p) an.<\/p>","protected":false},"featured_media":2103,"comment_status":"open","ping_status":"closed","template":"","meta":[],"product_brand":[],"product_cat":[28,30],"product_tag":[],"class_list":{"0":"post-1291","1":"product","2":"type-product","3":"status-publish","4":"has-post-thumbnail","6":"product_cat-linux-tv","7":"product_cat-linux-tv-fhd","9":"first","10":"instock","11":"shipping-taxable","12":"product-type-simple"},"yoast_head":"<!-- This site is optimized with the Yoast SEO plugin v24.7 - https:\/\/yoast.com\/wordpress\/plugins\/seo\/ -->\n<title>Smart TV 40NE5700, Linux, Full HD, 100 cm, WiFi, CI+ - NEI TV<\/title>\n<meta name=\"robots\" content=\"index, follow, max-snippet:-1, max-image-preview:large, max-video-preview:-1\" \/>\n<link rel=\"canonical\" href=\"https:\/\/nei-tv.com\/de\/produkt\/smart-tv-40ne5700-linux-full-hd-100-cm-wifi-ci\/\" \/>\n<meta property=\"og:locale\" content=\"de_DE\" \/>\n<meta property=\"og:type\" content=\"article\" \/>\n<meta property=\"og:title\" content=\"Smart TV 40NE5700, Linux, Full HD, 100 cm, WiFi, CI+ - NEI TV\" \/>\n<meta property=\"og:description\" content=\"Watch in maximum resolution (Full HD, 1080p) movies, shows, sports broadcasts and all the moments from your vacation recorded with your photo\/video camera together with your loved ones.\" \/>\n<meta property=\"og:url\" content=\"https:\/\/nei-tv.com\/de\/produkt\/smart-tv-40ne5700-linux-full-hd-100-cm-wifi-ci\/\" \/>\n<meta property=\"og:site_name\" content=\"NEI TV\" \/>\n<meta property=\"article:modified_time\" content=\"2024-02-15T11:39:49+00:00\" \/>\n<meta property=\"og:image\" content=\"https:\/\/nei-tv.com\/wp-content\/uploads\/2023\/11\/NEI-40NE5700-1.jpg\" \/>\n\t<meta property=\"og:image:width\" content=\"1000\" \/>\n\t<meta property=\"og:image:height\" content=\"1000\" \/>\n\t<meta property=\"og:image:type\" content=\"image\/jpeg\" \/>\n<meta name=\"twitter:card\" content=\"summary_large_image\" \/>\n<meta name=\"twitter:label1\" content=\"Gesch\u00e4tzte Lesezeit\" \/>\n\t<meta name=\"twitter:data1\" content=\"2\u00a0Minuten\" \/>\n<script type=\"application\/ld+json\" class=\"yoast-schema-graph\">{\"@context\":\"https:\/\/schema.org\",\"@graph\":[{\"@type\":\"WebPage\",\"@id\":\"https:\/\/nei-tv.com\/product\/smart-tv-40ne5700-linux-full-hd-100-cm-wifi-ci\/\",\"url\":\"https:\/\/nei-tv.com\/product\/smart-tv-40ne5700-linux-full-hd-100-cm-wifi-ci\/\",\"name\":\"Smart TV 40NE5700, Linux, Full HD, 100 cm, WiFi, CI+ - NEI TV\",\"isPartOf\":{\"@id\":\"https:\/\/nei-tv.com\/#website\"},\"primaryImageOfPage\":{\"@id\":\"https:\/\/nei-tv.com\/product\/smart-tv-40ne5700-linux-full-hd-100-cm-wifi-ci\/#primaryimage\"},\"image\":{\"@id\":\"https:\/\/nei-tv.com\/product\/smart-tv-40ne5700-linux-full-hd-100-cm-wifi-ci\/#primaryimage\"},\"thumbnailUrl\":\"https:\/\/nei-tv.com\/wp-content\/uploads\/2023\/11\/NEI-40NE5700-1.jpg\",\"datePublished\":\"2023-11-02T08:29:43+00:00\",\"dateModified\":\"2024-02-15T11:39:49+00:00\",\"breadcrumb\":{\"@id\":\"https:\/\/nei-tv.com\/product\/smart-tv-40ne5700-linux-full-hd-100-cm-wifi-ci\/#breadcrumb\"},\"inLanguage\":\"de\",\"potentialAction\":[{\"@type\":\"ReadAction\",\"target\":[\"https:\/\/nei-tv.com\/product\/smart-tv-40ne5700-linux-full-hd-100-cm-wifi-ci\/\"]}]},{\"@type\":\"ImageObject\",\"inLanguage\":\"de\",\"@id\":\"https:\/\/nei-tv.com\/product\/smart-tv-40ne5700-linux-full-hd-100-cm-wifi-ci\/#primaryimage\",\"url\":\"https:\/\/nei-tv.com\/wp-content\/uploads\/2023\/11\/NEI-40NE5700-1.jpg\",\"contentUrl\":\"https:\/\/nei-tv.com\/wp-content\/uploads\/2023\/11\/NEI-40NE5700-1.jpg\",\"width\":1000,\"height\":1000},{\"@type\":\"BreadcrumbList\",\"@id\":\"https:\/\/nei-tv.com\/product\/smart-tv-40ne5700-linux-full-hd-100-cm-wifi-ci\/#breadcrumb\",\"itemListElement\":[{\"@type\":\"ListItem\",\"position\":1,\"name\":\"Home\",\"item\":\"https:\/\/nei-tv.com\/\"},{\"@type\":\"ListItem\",\"position\":2,\"name\":\"Shop\",\"item\":\"https:\/\/nei-tv.com\/shop\/\"},{\"@type\":\"ListItem\",\"position\":3,\"name\":\"Smart TV 40NE5700, Linux, Full HD, 100 cm, WiFi, CI+\"}]},{\"@type\":\"WebSite\",\"@id\":\"https:\/\/nei-tv.com\/#website\",\"url\":\"https:\/\/nei-tv.com\/\",\"name\":\"NEI TV\",\"description\":\"NEI\",\"publisher\":{\"@id\":\"https:\/\/nei-tv.com\/#organization\"},\"potentialAction\":[{\"@type\":\"SearchAction\",\"target\":{\"@type\":\"EntryPoint\",\"urlTemplate\":\"https:\/\/nei-tv.com\/?s={search_term_string}\"},\"query-input\":{\"@type\":\"PropertyValueSpecification\",\"valueRequired\":true,\"valueName\":\"search_term_string\"}}],\"inLanguage\":\"de\"},{\"@type\":\"Organization\",\"@id\":\"https:\/\/nei-tv.com\/#organization\",\"name\":\"NEI TV\",\"url\":\"https:\/\/nei-tv.com\/\",\"logo\":{\"@type\":\"ImageObject\",\"inLanguage\":\"de\",\"@id\":\"https:\/\/nei-tv.com\/#\/schema\/logo\/image\/\",\"url\":\"https:\/\/nei-tv.com\/wp-content\/uploads\/2023\/09\/logo_nei_tv_black_en.svg\",\"contentUrl\":\"https:\/\/nei-tv.com\/wp-content\/uploads\/2023\/09\/logo_nei_tv_black_en.svg\",\"width\":512,\"height\":205,\"caption\":\"NEI TV\"},\"image\":{\"@id\":\"https:\/\/nei-tv.com\/#\/schema\/logo\/image\/\"}}]}<\/script>\n<!-- \/ Yoast SEO plugin. -->","yoast_head_json":{"title":"Smart TV 40NE5700, Linux, Full HD, 100 cm, WiFi, CI+ - NEI TV","robots":{"index":"index","follow":"follow","max-snippet":"max-snippet:-1","max-image-preview":"max-image-preview:large","max-video-preview":"max-video-preview:-1"},"canonical":"https:\/\/nei-tv.com\/de\/produkt\/smart-tv-40ne5700-linux-full-hd-100-cm-wifi-ci\/","og_locale":"de_DE","og_type":"article","og_title":"Smart TV 40NE5700, Linux, Full HD, 100 cm, WiFi, CI+ - NEI TV","og_description":"Watch in maximum resolution (Full HD, 1080p) movies, shows, sports broadcasts and all the moments from your vacation recorded with your photo\/video camera together with your loved ones.","og_url":"https:\/\/nei-tv.com\/de\/produkt\/smart-tv-40ne5700-linux-full-hd-100-cm-wifi-ci\/","og_site_name":"NEI TV","article_modified_time":"2024-02-15T11:39:49+00:00","og_image":[{"width":1000,"height":1000,"url":"https:\/\/nei-tv.com\/wp-content\/uploads\/2023\/11\/NEI-40NE5700-1.jpg","type":"image\/jpeg"}],"twitter_card":"summary_large_image","twitter_misc":{"Gesch\u00e4tzte Lesezeit":"2\u00a0Minuten"},"schema":{"@context":"https:\/\/schema.org","@graph":[{"@type":"WebPage","@id":"https:\/\/nei-tv.com\/product\/smart-tv-40ne5700-linux-full-hd-100-cm-wifi-ci\/","url":"https:\/\/nei-tv.com\/product\/smart-tv-40ne5700-linux-full-hd-100-cm-wifi-ci\/","name":"Smart TV 40NE5700, Linux, Full HD, 100 cm, WiFi, CI+ - NEI TV","isPartOf":{"@id":"https:\/\/nei-tv.com\/#website"},"primaryImageOfPage":{"@id":"https:\/\/nei-tv.com\/product\/smart-tv-40ne5700-linux-full-hd-100-cm-wifi-ci\/#primaryimage"},"image":{"@id":"https:\/\/nei-tv.com\/product\/smart-tv-40ne5700-linux-full-hd-100-cm-wifi-ci\/#primaryimage"},"thumbnailUrl":"https:\/\/nei-tv.com\/wp-content\/uploads\/2023\/11\/NEI-40NE5700-1.jpg","datePublished":"2023-11-02T08:29:43+00:00","dateModified":"2024-02-15T11:39:49+00:00","breadcrumb":{"@id":"https:\/\/nei-tv.com\/product\/smart-tv-40ne5700-linux-full-hd-100-cm-wifi-ci\/#breadcrumb"},"inLanguage":"de","potentialAction":[{"@type":"ReadAction","target":["https:\/\/nei-tv.com\/product\/smart-tv-40ne5700-linux-full-hd-100-cm-wifi-ci\/"]}]},{"@type":"ImageObject","inLanguage":"de","@id":"https:\/\/nei-tv.com\/product\/smart-tv-40ne5700-linux-full-hd-100-cm-wifi-ci\/#primaryimage","url":"https:\/\/nei-tv.com\/wp-content\/uploads\/2023\/11\/NEI-40NE5700-1.jpg","contentUrl":"https:\/\/nei-tv.com\/wp-content\/uploads\/2023\/11\/NEI-40NE5700-1.jpg","width":1000,"height":1000},{"@type":"BreadcrumbList","@id":"https:\/\/nei-tv.com\/product\/smart-tv-40ne5700-linux-full-hd-100-cm-wifi-ci\/#breadcrumb","itemListElement":[{"@type":"ListItem","position":1,"name":"Home","item":"https:\/\/nei-tv.com\/"},{"@type":"ListItem","position":2,"name":"Shop","item":"https:\/\/nei-tv.com\/shop\/"},{"@type":"ListItem","position":3,"name":"Smart TV 40NE5700, Linux, Full HD, 100 cm, WiFi, CI+"}]},{"@type":"WebSite","@id":"https:\/\/nei-tv.com\/#website","url":"https:\/\/nei-tv.com\/","name":"NEI TV","description":"NEI","publisher":{"@id":"https:\/\/nei-tv.com\/#organization"},"potentialAction":[{"@type":"SearchAction","target":{"@type":"EntryPoint","urlTemplate":"https:\/\/nei-tv.com\/?s={search_term_string}"},"query-input":{"@type":"PropertyValueSpecification","valueRequired":true,"valueName":"search_term_string"}}],"inLanguage":"de"},{"@type":"Organization","@id":"https:\/\/nei-tv.com\/#organization","name":"NEI TV","url":"https:\/\/nei-tv.com\/","logo":{"@type":"ImageObject","inLanguage":"de","@id":"https:\/\/nei-tv.com\/#\/schema\/logo\/image\/","url":"https:\/\/nei-tv.com\/wp-content\/uploads\/2023\/09\/logo_nei_tv_black_en.svg","contentUrl":"https:\/\/nei-tv.com\/wp-content\/uploads\/2023\/09\/logo_nei_tv_black_en.svg","width":512,"height":205,"caption":"NEI TV"},"image":{"@id":"https:\/\/nei-tv.com\/#\/schema\/logo\/image\/"}}]}},"_links":{"self":[{"href":"https:\/\/nei-tv.com\/de\/wp-json\/wp\/v2\/product\/1291","targetHints":{"allow":["GET"]}}],"collection":[{"href":"https:\/\/nei-tv.com\/de\/wp-json\/wp\/v2\/product"}],"about":[{"href":"https:\/\/nei-tv.com\/de\/wp-json\/wp\/v2\/types\/product"}],"replies":[{"embeddable":true,"href":"https:\/\/nei-tv.com\/de\/wp-json\/wp\/v2\/comments?post=1291"}],"version-history":[{"count":3,"href":"https:\/\/nei-tv.com\/de\/wp-json\/wp\/v2\/product\/1291\/revisions"}],"predecessor-version":[{"id":1871,"href":"https:\/\/nei-tv.com\/de\/wp-json\/wp\/v2\/product\/1291\/revisions\/1871"}],"wp:featuredmedia":[{"embeddable":true,"href":"https:\/\/nei-tv.com\/de\/wp-json\/wp\/v2\/media\/2103"}],"wp:attachment":[{"href":"https:\/\/nei-tv.com\/de\/wp-json\/wp\/v2\/media?parent=1291"}],"wp:term":[{"taxonomy":"product_brand","embeddable":true,"href":"https:\/\/nei-tv.com\/de\/wp-json\/wp\/v2\/product_brand?post=1291"},{"taxonomy":"product_cat","embeddable":true,"href":"https:\/\/nei-tv.com\/de\/wp-json\/wp\/v2\/product_cat?post=1291"},{"taxonomy":"product_tag","embeddable":true,"href":"https:\/\/nei-tv.com\/de\/wp-json\/wp\/v2\/product_tag?post=1291"}],"curies":[{"name":"wp","href":"https:\/\/api.w.org\/{rel}","templated":true}]}}