{"id":1309,"date":"2023-11-02T12:28:40","date_gmt":"2023-11-02T09:28:40","guid":{"rendered":"https:\/\/nei-tv.com\/?post_type=product&#038;p=1309"},"modified":"2024-02-15T14:48:41","modified_gmt":"2024-02-15T11:48:41","slug":"smart-tv-50ne6700-linux-4k-ultra-hd-126-cm-wifi-ci","status":"publish","type":"product","link":"https:\/\/nei-tv.com\/de\/produkt\/smart-tv-50ne6700-linux-4k-ultra-hd-126-cm-wifi-ci\/","title":{"rendered":"Smart TV 50NE6700, Linux 4K, Ultra HD, 126 cm, WiFi, CI+"},"content":{"rendered":"<p><img decoding=\"async\" class=\"wp-image-1313 size-full aligncenter\" src=\"https:\/\/nei-tv.com\/wp-content\/uploads\/2023\/11\/Nei-50NE6700.jpg\" alt=\"\" width=\"100%\" srcset=\"https:\/\/nei-tv.com\/wp-content\/uploads\/2023\/11\/Nei-50NE6700.jpg 824w, https:\/\/nei-tv.com\/wp-content\/uploads\/2023\/11\/Nei-50NE6700-300x164.jpg 300w, https:\/\/nei-tv.com\/wp-content\/uploads\/2023\/11\/Nei-50NE6700-768x419.jpg 768w, https:\/\/nei-tv.com\/wp-content\/uploads\/2023\/11\/Nei-50NE6700-18x10.jpg 18w, https:\/\/nei-tv.com\/wp-content\/uploads\/2023\/11\/Nei-50NE6700-600x328.jpg 600w\" sizes=\"(max-width: 824px) 100vw, 824px\" \/><\/p>\n<p>Die seit 1993 in Rum\u00e4nien pr\u00e4sente Marke NEI bringt Fernseher der neuesten Generation zu erschwinglichen Preisen zur\u00fcck. Jetzt ist Qualit\u00e4t f\u00fcr jedermann zug\u00e4nglich und bringt die ganze Familie zusammen, um ihre Lieblingssendungen und -filme zu genie\u00dfen.<br \/>\nGute Qualit\u00e4t. Ihre Lieblingssendungen und -filme in einer 4K-Ultra-HD-Aufl\u00f6sung.<\/p>\n<p>Jetzt haben Sie auf dem Fernseher Nei 50NE6700 die M\u00f6glichkeit, Sendungen, Filme, Fu\u00dfballspiele und alle anderen beliebten Medieninhalte in unglaublicher 4K-Ultra-HD-Qualit\u00e4t zu genie\u00dfen.<\/p>\n<p>Technologie der neuesten Generation.<br \/>\nMithilfe der Smart-TV-Technologie haben Sie die Freiheit zu w\u00e4hlen, was Sie auf dem Nei 50NE6700-Fernseher sehen m\u00f6chten. So k\u00f6nnen Sie Ihre Lieblingsfilme oder -serien auf Netflix ansehen oder eine Online-Sendung direkt auf YouTube ansehen.<\/p>\n<p>Verbinden Sie sich \u00fcber WLAN. F\u00fcr den schnellen und einfachen Zugriff auf Ihre Lieblingsinhalte.<br \/>\nSchnelle und einfache Verbindung f\u00fcr den Zugriff auf Ihre Lieblingsinhalte direkt auf dem Nei 50NE6700-Fernseher, ohne Kabel oder umst\u00e4ndliche Einstellungen. Jetzt haben Sie einfach und bequem Zugriff auf mobile Ger\u00e4te und das Internet.<br \/>\nCI+-Schnittstelle. Einfacher und bequemer Empfang und Auswahl von Fernsehkan\u00e4len.<br \/>\nMit Hilfe der CI+-Schnittstelle k\u00f6nnen Sie auf die zweite Fernbedienung der TV-Box Ihres Kabelnetzbetreibers verzichten und die TV-Kan\u00e4le direkt \u00fcber die TV-Fernbedienung Nei 50NE6700 steuern. Nichts einfacher!<\/p>","protected":false},"excerpt":{"rendered":"<p>Jetzt haben Sie auf dem Fernseher Nei 50NE6700 die M\u00f6glichkeit, Sendungen, Filme, Fu\u00dfballspiele und alle anderen beliebten Medieninhalte in unglaublicher 4K-Ultra-HD-Qualit\u00e4t zu genie\u00dfen.<\/p>","protected":false},"featured_media":2113,"comment_status":"open","ping_status":"closed","template":"","meta":[],"product_brand":[],"product_cat":[28,31],"product_tag":[],"class_list":{"0":"post-1309","1":"product","2":"type-product","3":"status-publish","4":"has-post-thumbnail","6":"product_cat-linux-tv","7":"product_cat-linux-tv-uhd-4k","9":"first","10":"instock","11":"shipping-taxable","12":"product-type-simple"},"yoast_head":"<!-- This site is optimized with the Yoast SEO plugin v24.7 - https:\/\/yoast.com\/wordpress\/plugins\/seo\/ -->\n<title>Smart TV 50NE6700, Linux 4K, Ultra HD, 126 cm, WiFi, CI+ - NEI TV<\/title>\n<meta name=\"robots\" content=\"index, follow, max-snippet:-1, max-image-preview:large, max-video-preview:-1\" \/>\n<link rel=\"canonical\" href=\"https:\/\/nei-tv.com\/de\/produkt\/smart-tv-50ne6700-linux-4k-ultra-hd-126-cm-wifi-ci\/\" \/>\n<meta property=\"og:locale\" content=\"de_DE\" \/>\n<meta property=\"og:type\" content=\"article\" \/>\n<meta property=\"og:title\" content=\"Smart TV 50NE6700, Linux 4K, Ultra HD, 126 cm, WiFi, CI+ - NEI TV\" \/>\n<meta property=\"og:description\" content=\"Now on the Nei 50NE6700 TV you have the opportunity to enjoy shows, movies, football matches and all other media content favorites in incredible 4K Ultra HD quality.\" \/>\n<meta property=\"og:url\" content=\"https:\/\/nei-tv.com\/de\/produkt\/smart-tv-50ne6700-linux-4k-ultra-hd-126-cm-wifi-ci\/\" \/>\n<meta property=\"og:site_name\" content=\"NEI TV\" \/>\n<meta property=\"article:modified_time\" content=\"2024-02-15T11:48:41+00:00\" \/>\n<meta property=\"og:image\" content=\"https:\/\/nei-tv.com\/wp-content\/uploads\/2023\/11\/NEI-50NE6700-1.jpg\" \/>\n\t<meta property=\"og:image:width\" content=\"1000\" \/>\n\t<meta property=\"og:image:height\" content=\"1000\" \/>\n\t<meta property=\"og:image:type\" content=\"image\/jpeg\" \/>\n<meta name=\"twitter:card\" content=\"summary_large_image\" \/>\n<meta name=\"twitter:label1\" content=\"Gesch\u00e4tzte Lesezeit\" \/>\n\t<meta name=\"twitter:data1\" content=\"2\u00a0Minuten\" \/>\n<script type=\"application\/ld+json\" class=\"yoast-schema-graph\">{\"@context\":\"https:\/\/schema.org\",\"@graph\":[{\"@type\":\"WebPage\",\"@id\":\"https:\/\/nei-tv.com\/product\/smart-tv-50ne6700-linux-4k-ultra-hd-126-cm-wifi-ci\/\",\"url\":\"https:\/\/nei-tv.com\/product\/smart-tv-50ne6700-linux-4k-ultra-hd-126-cm-wifi-ci\/\",\"name\":\"Smart TV 50NE6700, Linux 4K, Ultra HD, 126 cm, WiFi, CI+ - NEI TV\",\"isPartOf\":{\"@id\":\"https:\/\/nei-tv.com\/#website\"},\"primaryImageOfPage\":{\"@id\":\"https:\/\/nei-tv.com\/product\/smart-tv-50ne6700-linux-4k-ultra-hd-126-cm-wifi-ci\/#primaryimage\"},\"image\":{\"@id\":\"https:\/\/nei-tv.com\/product\/smart-tv-50ne6700-linux-4k-ultra-hd-126-cm-wifi-ci\/#primaryimage\"},\"thumbnailUrl\":\"https:\/\/nei-tv.com\/wp-content\/uploads\/2023\/11\/NEI-50NE6700-1.jpg\",\"datePublished\":\"2023-11-02T09:28:40+00:00\",\"dateModified\":\"2024-02-15T11:48:41+00:00\",\"breadcrumb\":{\"@id\":\"https:\/\/nei-tv.com\/product\/smart-tv-50ne6700-linux-4k-ultra-hd-126-cm-wifi-ci\/#breadcrumb\"},\"inLanguage\":\"de\",\"potentialAction\":[{\"@type\":\"ReadAction\",\"target\":[\"https:\/\/nei-tv.com\/product\/smart-tv-50ne6700-linux-4k-ultra-hd-126-cm-wifi-ci\/\"]}]},{\"@type\":\"ImageObject\",\"inLanguage\":\"de\",\"@id\":\"https:\/\/nei-tv.com\/product\/smart-tv-50ne6700-linux-4k-ultra-hd-126-cm-wifi-ci\/#primaryimage\",\"url\":\"https:\/\/nei-tv.com\/wp-content\/uploads\/2023\/11\/NEI-50NE6700-1.jpg\",\"contentUrl\":\"https:\/\/nei-tv.com\/wp-content\/uploads\/2023\/11\/NEI-50NE6700-1.jpg\",\"width\":1000,\"height\":1000},{\"@type\":\"BreadcrumbList\",\"@id\":\"https:\/\/nei-tv.com\/product\/smart-tv-50ne6700-linux-4k-ultra-hd-126-cm-wifi-ci\/#breadcrumb\",\"itemListElement\":[{\"@type\":\"ListItem\",\"position\":1,\"name\":\"Home\",\"item\":\"https:\/\/nei-tv.com\/\"},{\"@type\":\"ListItem\",\"position\":2,\"name\":\"Shop\",\"item\":\"https:\/\/nei-tv.com\/shop\/\"},{\"@type\":\"ListItem\",\"position\":3,\"name\":\"Smart TV 50NE6700, Linux 4K, Ultra HD, 126 cm, WiFi, CI+\"}]},{\"@type\":\"WebSite\",\"@id\":\"https:\/\/nei-tv.com\/#website\",\"url\":\"https:\/\/nei-tv.com\/\",\"name\":\"NEI TV\",\"description\":\"NEI\",\"publisher\":{\"@id\":\"https:\/\/nei-tv.com\/#organization\"},\"potentialAction\":[{\"@type\":\"SearchAction\",\"target\":{\"@type\":\"EntryPoint\",\"urlTemplate\":\"https:\/\/nei-tv.com\/?s={search_term_string}\"},\"query-input\":{\"@type\":\"PropertyValueSpecification\",\"valueRequired\":true,\"valueName\":\"search_term_string\"}}],\"inLanguage\":\"de\"},{\"@type\":\"Organization\",\"@id\":\"https:\/\/nei-tv.com\/#organization\",\"name\":\"NEI TV\",\"url\":\"https:\/\/nei-tv.com\/\",\"logo\":{\"@type\":\"ImageObject\",\"inLanguage\":\"de\",\"@id\":\"https:\/\/nei-tv.com\/#\/schema\/logo\/image\/\",\"url\":\"https:\/\/nei-tv.com\/wp-content\/uploads\/2023\/09\/logo_nei_tv_black_en.svg\",\"contentUrl\":\"https:\/\/nei-tv.com\/wp-content\/uploads\/2023\/09\/logo_nei_tv_black_en.svg\",\"width\":512,\"height\":205,\"caption\":\"NEI TV\"},\"image\":{\"@id\":\"https:\/\/nei-tv.com\/#\/schema\/logo\/image\/\"}}]}<\/script>\n<!-- \/ Yoast SEO plugin. -->","yoast_head_json":{"title":"Smart TV 50NE6700, Linux 4K, Ultra HD, 126 cm, WiFi, CI+ - NEI TV","robots":{"index":"index","follow":"follow","max-snippet":"max-snippet:-1","max-image-preview":"max-image-preview:large","max-video-preview":"max-video-preview:-1"},"canonical":"https:\/\/nei-tv.com\/de\/produkt\/smart-tv-50ne6700-linux-4k-ultra-hd-126-cm-wifi-ci\/","og_locale":"de_DE","og_type":"article","og_title":"Smart TV 50NE6700, Linux 4K, Ultra HD, 126 cm, WiFi, CI+ - NEI TV","og_description":"Now on the Nei 50NE6700 TV you have the opportunity to enjoy shows, movies, football matches and all other media content favorites in incredible 4K Ultra HD quality.","og_url":"https:\/\/nei-tv.com\/de\/produkt\/smart-tv-50ne6700-linux-4k-ultra-hd-126-cm-wifi-ci\/","og_site_name":"NEI TV","article_modified_time":"2024-02-15T11:48:41+00:00","og_image":[{"width":1000,"height":1000,"url":"https:\/\/nei-tv.com\/wp-content\/uploads\/2023\/11\/NEI-50NE6700-1.jpg","type":"image\/jpeg"}],"twitter_card":"summary_large_image","twitter_misc":{"Gesch\u00e4tzte Lesezeit":"2\u00a0Minuten"},"schema":{"@context":"https:\/\/schema.org","@graph":[{"@type":"WebPage","@id":"https:\/\/nei-tv.com\/product\/smart-tv-50ne6700-linux-4k-ultra-hd-126-cm-wifi-ci\/","url":"https:\/\/nei-tv.com\/product\/smart-tv-50ne6700-linux-4k-ultra-hd-126-cm-wifi-ci\/","name":"Smart TV 50NE6700, Linux 4K, Ultra HD, 126 cm, WiFi, CI+ - NEI TV","isPartOf":{"@id":"https:\/\/nei-tv.com\/#website"},"primaryImageOfPage":{"@id":"https:\/\/nei-tv.com\/product\/smart-tv-50ne6700-linux-4k-ultra-hd-126-cm-wifi-ci\/#primaryimage"},"image":{"@id":"https:\/\/nei-tv.com\/product\/smart-tv-50ne6700-linux-4k-ultra-hd-126-cm-wifi-ci\/#primaryimage"},"thumbnailUrl":"https:\/\/nei-tv.com\/wp-content\/uploads\/2023\/11\/NEI-50NE6700-1.jpg","datePublished":"2023-11-02T09:28:40+00:00","dateModified":"2024-02-15T11:48:41+00:00","breadcrumb":{"@id":"https:\/\/nei-tv.com\/product\/smart-tv-50ne6700-linux-4k-ultra-hd-126-cm-wifi-ci\/#breadcrumb"},"inLanguage":"de","potentialAction":[{"@type":"ReadAction","target":["https:\/\/nei-tv.com\/product\/smart-tv-50ne6700-linux-4k-ultra-hd-126-cm-wifi-ci\/"]}]},{"@type":"ImageObject","inLanguage":"de","@id":"https:\/\/nei-tv.com\/product\/smart-tv-50ne6700-linux-4k-ultra-hd-126-cm-wifi-ci\/#primaryimage","url":"https:\/\/nei-tv.com\/wp-content\/uploads\/2023\/11\/NEI-50NE6700-1.jpg","contentUrl":"https:\/\/nei-tv.com\/wp-content\/uploads\/2023\/11\/NEI-50NE6700-1.jpg","width":1000,"height":1000},{"@type":"BreadcrumbList","@id":"https:\/\/nei-tv.com\/product\/smart-tv-50ne6700-linux-4k-ultra-hd-126-cm-wifi-ci\/#breadcrumb","itemListElement":[{"@type":"ListItem","position":1,"name":"Home","item":"https:\/\/nei-tv.com\/"},{"@type":"ListItem","position":2,"name":"Shop","item":"https:\/\/nei-tv.com\/shop\/"},{"@type":"ListItem","position":3,"name":"Smart TV 50NE6700, Linux 4K, Ultra HD, 126 cm, WiFi, CI+"}]},{"@type":"WebSite","@id":"https:\/\/nei-tv.com\/#website","url":"https:\/\/nei-tv.com\/","name":"NEI TV","description":"NEI","publisher":{"@id":"https:\/\/nei-tv.com\/#organization"},"potentialAction":[{"@type":"SearchAction","target":{"@type":"EntryPoint","urlTemplate":"https:\/\/nei-tv.com\/?s={search_term_string}"},"query-input":{"@type":"PropertyValueSpecification","valueRequired":true,"valueName":"search_term_string"}}],"inLanguage":"de"},{"@type":"Organization","@id":"https:\/\/nei-tv.com\/#organization","name":"NEI TV","url":"https:\/\/nei-tv.com\/","logo":{"@type":"ImageObject","inLanguage":"de","@id":"https:\/\/nei-tv.com\/#\/schema\/logo\/image\/","url":"https:\/\/nei-tv.com\/wp-content\/uploads\/2023\/09\/logo_nei_tv_black_en.svg","contentUrl":"https:\/\/nei-tv.com\/wp-content\/uploads\/2023\/09\/logo_nei_tv_black_en.svg","width":512,"height":205,"caption":"NEI TV"},"image":{"@id":"https:\/\/nei-tv.com\/#\/schema\/logo\/image\/"}}]}},"_links":{"self":[{"href":"https:\/\/nei-tv.com\/de\/wp-json\/wp\/v2\/product\/1309","targetHints":{"allow":["GET"]}}],"collection":[{"href":"https:\/\/nei-tv.com\/de\/wp-json\/wp\/v2\/product"}],"about":[{"href":"https:\/\/nei-tv.com\/de\/wp-json\/wp\/v2\/types\/product"}],"replies":[{"embeddable":true,"href":"https:\/\/nei-tv.com\/de\/wp-json\/wp\/v2\/comments?post=1309"}],"version-history":[{"count":4,"href":"https:\/\/nei-tv.com\/de\/wp-json\/wp\/v2\/product\/1309\/revisions"}],"predecessor-version":[{"id":1868,"href":"https:\/\/nei-tv.com\/de\/wp-json\/wp\/v2\/product\/1309\/revisions\/1868"}],"wp:featuredmedia":[{"embeddable":true,"href":"https:\/\/nei-tv.com\/de\/wp-json\/wp\/v2\/media\/2113"}],"wp:attachment":[{"href":"https:\/\/nei-tv.com\/de\/wp-json\/wp\/v2\/media?parent=1309"}],"wp:term":[{"taxonomy":"product_brand","embeddable":true,"href":"https:\/\/nei-tv.com\/de\/wp-json\/wp\/v2\/product_brand?post=1309"},{"taxonomy":"product_cat","embeddable":true,"href":"https:\/\/nei-tv.com\/de\/wp-json\/wp\/v2\/product_cat?post=1309"},{"taxonomy":"product_tag","embeddable":true,"href":"https:\/\/nei-tv.com\/de\/wp-json\/wp\/v2\/product_tag?post=1309"}],"curies":[{"name":"wp","href":"https:\/\/api.w.org\/{rel}","templated":true}]}}