{"id":1322,"date":"2023-11-02T13:29:33","date_gmt":"2023-11-02T10:29:33","guid":{"rendered":"https:\/\/nei-tv.com\/?post_type=product&#038;p=1322"},"modified":"2024-02-15T14:29:16","modified_gmt":"2024-02-15T11:29:16","slug":"tv-led-24ne4000-hd-ready-60-cm","status":"publish","type":"product","link":"https:\/\/nei-tv.com\/de\/produkt\/tv-led-24ne4000-hd-ready-60-cm\/","title":{"rendered":"TV LED 24NE4000, HD Ready, 60 cm"},"content":{"rendered":"<p><img decoding=\"async\" class=\"wp-image-1329 size-full aligncenter\" src=\"https:\/\/nei-tv.com\/wp-content\/uploads\/2023\/11\/Nei_24NE4000.jpg\" alt=\"\" width=\"100%\" srcset=\"https:\/\/nei-tv.com\/wp-content\/uploads\/2023\/11\/Nei_24NE4000.jpg 824w, https:\/\/nei-tv.com\/wp-content\/uploads\/2023\/11\/Nei_24NE4000-300x164.jpg 300w, https:\/\/nei-tv.com\/wp-content\/uploads\/2023\/11\/Nei_24NE4000-768x419.jpg 768w, https:\/\/nei-tv.com\/wp-content\/uploads\/2023\/11\/Nei_24NE4000-18x10.jpg 18w, https:\/\/nei-tv.com\/wp-content\/uploads\/2023\/11\/Nei_24NE4000-600x328.jpg 600w\" sizes=\"(max-width: 824px) 100vw, 824px\" \/><\/p>\n<p>Fernseher mit LED-Bildschirm, mit einer Diagonale von 60 cm und HD-Aufl\u00f6sung (1366\u00d7768). Als Schnittstelle listen wir auf: 1 HDMI-Anschluss, 1 USB-Anschluss, 1 CI+-Steckplatz, 1 3,5-mm-Klinkenanschluss, 1 YPBPR-Anschluss, 1 CVBS-Anschluss, 1 VGA-Anschluss. Die seit 1993 in Rum\u00e4nien pr\u00e4sente Marke NEI bringt Fernseher der neuesten Generation zu erschwinglichen Preisen zur\u00fcck. Jetzt ist die Qualit\u00e4t f\u00fcr jedermann zug\u00e4nglich und bringt die ganze Familie zusammen, um ihre Lieblingssendungen und -filme zu genie\u00dfen.<\/p>\n<p><img decoding=\"async\" class=\"wp-image-1330 size-full aligncenter\" src=\"https:\/\/nei-tv.com\/wp-content\/uploads\/2023\/11\/TV-LED-24NE4000.jpg\" alt=\"\" width=\"100%\" srcset=\"https:\/\/nei-tv.com\/wp-content\/uploads\/2023\/11\/TV-LED-24NE4000.jpg 500w, https:\/\/nei-tv.com\/wp-content\/uploads\/2023\/11\/TV-LED-24NE4000-300x144.jpg 300w, https:\/\/nei-tv.com\/wp-content\/uploads\/2023\/11\/TV-LED-24NE4000-18x9.jpg 18w\" sizes=\"(max-width: 500px) 100vw, 500px\" \/><\/p>\n<p>Der NEI-Fernseher passt mit seinem schlanken und modernen Erscheinungsbild in jeden Wohnraum. Dank der HD-Aufl\u00f6sung k\u00f6nnen Sie jetzt sogar die feinen Details in jeder Szene erkennen. Die Diagonale von 60 cm erm\u00f6glicht es Ihnen, das Bild als Ganzes zu sehen, wodurch alles sehr real wird. Sie haben einfachen Zugriff auf Inhalte und eine vereinfachte Steuerung \u00fcber eine einzige Fernbedienung. Mehr Anschl\u00fcsse und Kompatibilit\u00e4t dank der 8 Ports.<\/p>\n<p>Schauen Sie sich gemeinsam mit Ihren Liebsten die mit der Kamera\/dem Video aufgenommenen Filme, Serien, Sport\u00fcbertragungen und alle mit der Kamera\/dem Video aufgenommenen Momente aus dem Urlaub in maximaler Aufl\u00f6sung (HD, 720p) an. Die Qualit\u00e4t des Bildes bringt Sie mitten ins Geschehen.<\/p>\n<p><img decoding=\"async\" class=\"wp-image-1331 size-full aligncenter\" src=\"https:\/\/nei-tv.com\/wp-content\/uploads\/2023\/11\/TV-LED-24NE4000-1.jpg\" alt=\"\" width=\"100%\" srcset=\"https:\/\/nei-tv.com\/wp-content\/uploads\/2023\/11\/TV-LED-24NE4000-1.jpg 500w, https:\/\/nei-tv.com\/wp-content\/uploads\/2023\/11\/TV-LED-24NE4000-1-300x144.jpg 300w, https:\/\/nei-tv.com\/wp-content\/uploads\/2023\/11\/TV-LED-24NE4000-1-18x9.jpg 18w\" sizes=\"(max-width: 500px) 100vw, 500px\" \/><\/p>\n<p>Konnektivit\u00e4t: Der Fernseher ist \u00fcber seine vielf\u00e4ltige Schnittstelle mit mehreren Ger\u00e4ten kompatibel, wie zum Beispiel:<\/p>\n<ul>\n<li>HDMI ist eine Art Multimedia-Anschluss, der gem\u00e4\u00df einem etablierten Standard ein Video- und Audiosignal \u00fcber denselben Stecker bereitstellt.<\/li>\n<li>Der RF-Eingang (Radiofrequenz) dient zum Anschluss von TV-Diensten \u00fcber ein Koaxialkabel.<\/li>\n<li>Der YPbPr-Anschluss ist ein analoger Videosignaleingang mit drei Koaxialsteckern, auch Component-Video genannt.<\/li>\n<li>USB oder Universal Serial Bus ist eine Plug-and-Play-Schnittstelle, d. h. Sie m\u00fcssen lediglich ein Ger\u00e4t mit USB-Anschluss an den TV-Anschluss anschlie\u00dfen und es kann es erkennen.<\/li>\n<li>Der VGA-Anschluss (Video Graphics Array) ist ein Standardverbindungstyp f\u00fcr Videoger\u00e4te, der nur Videosignale, kein Audio, \u00fcber ein analoges Signal \u00fcbertr\u00e4gt.<\/li>\n<li>CI+ Common Interface Plus ist eine Schnittstelle, die den Einsatz einer beim Fernsehanbieter erworbenen Common Interface (CI)-Karte erm\u00f6glicht, um Zugriff auf ein bestimmtes Programmraster zu erhalten.<\/li>\n<\/ul>\n<p>Teilen Sie die richtigen Inhalte von mehreren Ger\u00e4ten direkt auf dem NEI-TV-Bildschirm. Auf diese Weise genie\u00dfen Sie Ihre pers\u00f6nlichen Entscheidungen und haben die Kontrolle dar\u00fcber, was Sie sehen. Alles ist einfach und leicht zu bedienen.<\/p>\n<p><img decoding=\"async\" class=\"wp-image-1332 size-full aligncenter\" src=\"https:\/\/nei-tv.com\/wp-content\/uploads\/2023\/11\/24NE4000.jpg\" alt=\"\" width=\"100%\" srcset=\"https:\/\/nei-tv.com\/wp-content\/uploads\/2023\/11\/24NE4000.jpg 1850w, https:\/\/nei-tv.com\/wp-content\/uploads\/2023\/11\/24NE4000-300x144.jpg 300w, https:\/\/nei-tv.com\/wp-content\/uploads\/2023\/11\/24NE4000-1024x490.jpg 1024w, https:\/\/nei-tv.com\/wp-content\/uploads\/2023\/11\/24NE4000-768x368.jpg 768w, https:\/\/nei-tv.com\/wp-content\/uploads\/2023\/11\/24NE4000-1536x736.jpg 1536w, https:\/\/nei-tv.com\/wp-content\/uploads\/2023\/11\/24NE4000-18x9.jpg 18w, https:\/\/nei-tv.com\/wp-content\/uploads\/2023\/11\/24NE4000-600x287.jpg 600w\" sizes=\"(max-width: 1850px) 100vw, 1850px\" \/><\/p>\n<p>Positionierungsvorschl\u00e4ge<\/p>\n<p>Stellen Sie den Fernseher so auf, dass das Licht nicht direkt auf den Bildschirm f\u00e4llt. Der ideale Abstand zum Fernsehen betr\u00e4gt das Dreifache der Bildschirmdiagonale. Wenn Sie sitzen, m\u00fcssen sich Ihre Augen auf H\u00f6he der Bildschirmmitte befinden.<\/p>\n<p>Wartungsempfehlungen:<\/p>\n<ul>\n<li>Trennen Sie den Fernseher vom Stromnetz, bevor Sie ihn reinigen.<\/li>\n<li>Reinigen Sie den Fernseher und den Rahmen mit einem weichen, feuchten Tuch und wischen Sie ihn vorsichtig ab.<\/li>\n<li>Vermeiden Sie so weit wie m\u00f6glich station\u00e4re Bilder. Stillstehende Bilder wie Bildschirmmen\u00fcs oder schwarze Balken bleiben \u00fcber einen l\u00e4ngeren Zeitraum auf dem Bildschirm.<\/li>\n<li>Wenn Sie Standbilder verwenden m\u00fcssen, reduzieren Sie den Kontrast und die Helligkeit des Bildschirms, um eine Besch\u00e4digung des Bildschirms zu vermeiden.<\/li>\n<li>Um Bildverzerrungen und Farbverblassungen zu vermeiden, wischen Sie die Wassertropfen so schnell wie m\u00f6glich ab.<\/li>\n<\/ul>\n<p>Mithilfe der CI+-Schnittstelle k\u00f6nnen Sie auf die zweite TV-Box-Fernbedienung Ihres Kabelnetzbetreibers verzichten und die TV-Kan\u00e4le direkt \u00fcber die NEI-TV-Fernbedienung steuern. Nichts einfacher!<\/p>","protected":false},"excerpt":{"rendered":"<p>Der NEI-Fernseher passt mit seinem schlanken und modernen Erscheinungsbild in jeden Wohnraum. Dank der HD-Aufl\u00f6sung k\u00f6nnen Sie jetzt sogar die feinen Details in jeder Szene erkennen.<\/p>","protected":false},"featured_media":2092,"comment_status":"open","ping_status":"closed","template":"","meta":[],"product_brand":[],"product_cat":[36,37],"product_tag":[],"class_list":{"0":"post-1322","1":"product","2":"type-product","3":"status-publish","4":"has-post-thumbnail","6":"product_cat-non-smart-tv","7":"product_cat-non-smart-tv-hd","9":"first","10":"instock","11":"shipping-taxable","12":"product-type-simple"},"yoast_head":"<!-- This site is optimized with the Yoast SEO plugin v24.7 - https:\/\/yoast.com\/wordpress\/plugins\/seo\/ -->\n<title>TV LED 24NE4000, HD Ready, 60 cm - NEI TV<\/title>\n<meta name=\"robots\" content=\"index, follow, max-snippet:-1, max-image-preview:large, max-video-preview:-1\" \/>\n<link rel=\"canonical\" href=\"https:\/\/nei-tv.com\/de\/produkt\/tv-led-24ne4000-hd-ready-60-cm\/\" \/>\n<meta property=\"og:locale\" content=\"de_DE\" \/>\n<meta property=\"og:type\" content=\"article\" \/>\n<meta property=\"og:title\" content=\"TV LED 24NE4000, HD Ready, 60 cm - NEI TV\" \/>\n<meta property=\"og:description\" content=\"The NEI TV, with a slim and modern appearance, is suitable for any living space. You can now see even the fine details in each scene, thanks to the HD resolution.\" \/>\n<meta property=\"og:url\" content=\"https:\/\/nei-tv.com\/de\/produkt\/tv-led-24ne4000-hd-ready-60-cm\/\" \/>\n<meta property=\"og:site_name\" content=\"NEI TV\" \/>\n<meta property=\"article:modified_time\" content=\"2024-02-15T11:29:16+00:00\" \/>\n<meta property=\"og:image\" content=\"https:\/\/nei-tv.com\/wp-content\/uploads\/2023\/11\/NEI-24NE4000.jpg\" \/>\n\t<meta property=\"og:image:width\" content=\"1000\" \/>\n\t<meta property=\"og:image:height\" content=\"1000\" \/>\n\t<meta property=\"og:image:type\" content=\"image\/jpeg\" \/>\n<meta name=\"twitter:card\" content=\"summary_large_image\" \/>\n<meta name=\"twitter:label1\" content=\"Gesch\u00e4tzte Lesezeit\" \/>\n\t<meta name=\"twitter:data1\" content=\"4\u00a0Minuten\" \/>\n<script type=\"application\/ld+json\" class=\"yoast-schema-graph\">{\"@context\":\"https:\/\/schema.org\",\"@graph\":[{\"@type\":\"WebPage\",\"@id\":\"https:\/\/nei-tv.com\/product\/tv-led-24ne4000-hd-ready-60-cm\/\",\"url\":\"https:\/\/nei-tv.com\/product\/tv-led-24ne4000-hd-ready-60-cm\/\",\"name\":\"TV LED 24NE4000, HD Ready, 60 cm - NEI TV\",\"isPartOf\":{\"@id\":\"https:\/\/nei-tv.com\/#website\"},\"primaryImageOfPage\":{\"@id\":\"https:\/\/nei-tv.com\/product\/tv-led-24ne4000-hd-ready-60-cm\/#primaryimage\"},\"image\":{\"@id\":\"https:\/\/nei-tv.com\/product\/tv-led-24ne4000-hd-ready-60-cm\/#primaryimage\"},\"thumbnailUrl\":\"https:\/\/nei-tv.com\/wp-content\/uploads\/2023\/11\/NEI-24NE4000.jpg\",\"datePublished\":\"2023-11-02T10:29:33+00:00\",\"dateModified\":\"2024-02-15T11:29:16+00:00\",\"breadcrumb\":{\"@id\":\"https:\/\/nei-tv.com\/product\/tv-led-24ne4000-hd-ready-60-cm\/#breadcrumb\"},\"inLanguage\":\"de\",\"potentialAction\":[{\"@type\":\"ReadAction\",\"target\":[\"https:\/\/nei-tv.com\/product\/tv-led-24ne4000-hd-ready-60-cm\/\"]}]},{\"@type\":\"ImageObject\",\"inLanguage\":\"de\",\"@id\":\"https:\/\/nei-tv.com\/product\/tv-led-24ne4000-hd-ready-60-cm\/#primaryimage\",\"url\":\"https:\/\/nei-tv.com\/wp-content\/uploads\/2023\/11\/NEI-24NE4000.jpg\",\"contentUrl\":\"https:\/\/nei-tv.com\/wp-content\/uploads\/2023\/11\/NEI-24NE4000.jpg\",\"width\":1000,\"height\":1000},{\"@type\":\"BreadcrumbList\",\"@id\":\"https:\/\/nei-tv.com\/product\/tv-led-24ne4000-hd-ready-60-cm\/#breadcrumb\",\"itemListElement\":[{\"@type\":\"ListItem\",\"position\":1,\"name\":\"Home\",\"item\":\"https:\/\/nei-tv.com\/\"},{\"@type\":\"ListItem\",\"position\":2,\"name\":\"Shop\",\"item\":\"https:\/\/nei-tv.com\/shop\/\"},{\"@type\":\"ListItem\",\"position\":3,\"name\":\"TV LED 24NE4000, HD Ready, 60 cm\"}]},{\"@type\":\"WebSite\",\"@id\":\"https:\/\/nei-tv.com\/#website\",\"url\":\"https:\/\/nei-tv.com\/\",\"name\":\"NEI TV\",\"description\":\"NEI\",\"publisher\":{\"@id\":\"https:\/\/nei-tv.com\/#organization\"},\"potentialAction\":[{\"@type\":\"SearchAction\",\"target\":{\"@type\":\"EntryPoint\",\"urlTemplate\":\"https:\/\/nei-tv.com\/?s={search_term_string}\"},\"query-input\":{\"@type\":\"PropertyValueSpecification\",\"valueRequired\":true,\"valueName\":\"search_term_string\"}}],\"inLanguage\":\"de\"},{\"@type\":\"Organization\",\"@id\":\"https:\/\/nei-tv.com\/#organization\",\"name\":\"NEI TV\",\"url\":\"https:\/\/nei-tv.com\/\",\"logo\":{\"@type\":\"ImageObject\",\"inLanguage\":\"de\",\"@id\":\"https:\/\/nei-tv.com\/#\/schema\/logo\/image\/\",\"url\":\"https:\/\/nei-tv.com\/wp-content\/uploads\/2023\/09\/logo_nei_tv_black_en.svg\",\"contentUrl\":\"https:\/\/nei-tv.com\/wp-content\/uploads\/2023\/09\/logo_nei_tv_black_en.svg\",\"width\":512,\"height\":205,\"caption\":\"NEI TV\"},\"image\":{\"@id\":\"https:\/\/nei-tv.com\/#\/schema\/logo\/image\/\"}}]}<\/script>\n<!-- \/ Yoast SEO plugin. -->","yoast_head_json":{"title":"TV LED 24NE4000, HD Ready, 60 cm - NEI TV","robots":{"index":"index","follow":"follow","max-snippet":"max-snippet:-1","max-image-preview":"max-image-preview:large","max-video-preview":"max-video-preview:-1"},"canonical":"https:\/\/nei-tv.com\/de\/produkt\/tv-led-24ne4000-hd-ready-60-cm\/","og_locale":"de_DE","og_type":"article","og_title":"TV LED 24NE4000, HD Ready, 60 cm - NEI TV","og_description":"The NEI TV, with a slim and modern appearance, is suitable for any living space. You can now see even the fine details in each scene, thanks to the HD resolution.","og_url":"https:\/\/nei-tv.com\/de\/produkt\/tv-led-24ne4000-hd-ready-60-cm\/","og_site_name":"NEI TV","article_modified_time":"2024-02-15T11:29:16+00:00","og_image":[{"width":1000,"height":1000,"url":"https:\/\/nei-tv.com\/wp-content\/uploads\/2023\/11\/NEI-24NE4000.jpg","type":"image\/jpeg"}],"twitter_card":"summary_large_image","twitter_misc":{"Gesch\u00e4tzte Lesezeit":"4\u00a0Minuten"},"schema":{"@context":"https:\/\/schema.org","@graph":[{"@type":"WebPage","@id":"https:\/\/nei-tv.com\/product\/tv-led-24ne4000-hd-ready-60-cm\/","url":"https:\/\/nei-tv.com\/product\/tv-led-24ne4000-hd-ready-60-cm\/","name":"TV LED 24NE4000, HD Ready, 60 cm - NEI TV","isPartOf":{"@id":"https:\/\/nei-tv.com\/#website"},"primaryImageOfPage":{"@id":"https:\/\/nei-tv.com\/product\/tv-led-24ne4000-hd-ready-60-cm\/#primaryimage"},"image":{"@id":"https:\/\/nei-tv.com\/product\/tv-led-24ne4000-hd-ready-60-cm\/#primaryimage"},"thumbnailUrl":"https:\/\/nei-tv.com\/wp-content\/uploads\/2023\/11\/NEI-24NE4000.jpg","datePublished":"2023-11-02T10:29:33+00:00","dateModified":"2024-02-15T11:29:16+00:00","breadcrumb":{"@id":"https:\/\/nei-tv.com\/product\/tv-led-24ne4000-hd-ready-60-cm\/#breadcrumb"},"inLanguage":"de","potentialAction":[{"@type":"ReadAction","target":["https:\/\/nei-tv.com\/product\/tv-led-24ne4000-hd-ready-60-cm\/"]}]},{"@type":"ImageObject","inLanguage":"de","@id":"https:\/\/nei-tv.com\/product\/tv-led-24ne4000-hd-ready-60-cm\/#primaryimage","url":"https:\/\/nei-tv.com\/wp-content\/uploads\/2023\/11\/NEI-24NE4000.jpg","contentUrl":"https:\/\/nei-tv.com\/wp-content\/uploads\/2023\/11\/NEI-24NE4000.jpg","width":1000,"height":1000},{"@type":"BreadcrumbList","@id":"https:\/\/nei-tv.com\/product\/tv-led-24ne4000-hd-ready-60-cm\/#breadcrumb","itemListElement":[{"@type":"ListItem","position":1,"name":"Home","item":"https:\/\/nei-tv.com\/"},{"@type":"ListItem","position":2,"name":"Shop","item":"https:\/\/nei-tv.com\/shop\/"},{"@type":"ListItem","position":3,"name":"TV LED 24NE4000, HD Ready, 60 cm"}]},{"@type":"WebSite","@id":"https:\/\/nei-tv.com\/#website","url":"https:\/\/nei-tv.com\/","name":"NEI TV","description":"NEI","publisher":{"@id":"https:\/\/nei-tv.com\/#organization"},"potentialAction":[{"@type":"SearchAction","target":{"@type":"EntryPoint","urlTemplate":"https:\/\/nei-tv.com\/?s={search_term_string}"},"query-input":{"@type":"PropertyValueSpecification","valueRequired":true,"valueName":"search_term_string"}}],"inLanguage":"de"},{"@type":"Organization","@id":"https:\/\/nei-tv.com\/#organization","name":"NEI TV","url":"https:\/\/nei-tv.com\/","logo":{"@type":"ImageObject","inLanguage":"de","@id":"https:\/\/nei-tv.com\/#\/schema\/logo\/image\/","url":"https:\/\/nei-tv.com\/wp-content\/uploads\/2023\/09\/logo_nei_tv_black_en.svg","contentUrl":"https:\/\/nei-tv.com\/wp-content\/uploads\/2023\/09\/logo_nei_tv_black_en.svg","width":512,"height":205,"caption":"NEI TV"},"image":{"@id":"https:\/\/nei-tv.com\/#\/schema\/logo\/image\/"}}]}},"_links":{"self":[{"href":"https:\/\/nei-tv.com\/de\/wp-json\/wp\/v2\/product\/1322","targetHints":{"allow":["GET"]}}],"collection":[{"href":"https:\/\/nei-tv.com\/de\/wp-json\/wp\/v2\/product"}],"about":[{"href":"https:\/\/nei-tv.com\/de\/wp-json\/wp\/v2\/types\/product"}],"replies":[{"embeddable":true,"href":"https:\/\/nei-tv.com\/de\/wp-json\/wp\/v2\/comments?post=1322"}],"version-history":[{"count":5,"href":"https:\/\/nei-tv.com\/de\/wp-json\/wp\/v2\/product\/1322\/revisions"}],"predecessor-version":[{"id":2033,"href":"https:\/\/nei-tv.com\/de\/wp-json\/wp\/v2\/product\/1322\/revisions\/2033"}],"wp:featuredmedia":[{"embeddable":true,"href":"https:\/\/nei-tv.com\/de\/wp-json\/wp\/v2\/media\/2092"}],"wp:attachment":[{"href":"https:\/\/nei-tv.com\/de\/wp-json\/wp\/v2\/media?parent=1322"}],"wp:term":[{"taxonomy":"product_brand","embeddable":true,"href":"https:\/\/nei-tv.com\/de\/wp-json\/wp\/v2\/product_brand?post=1322"},{"taxonomy":"product_cat","embeddable":true,"href":"https:\/\/nei-tv.com\/de\/wp-json\/wp\/v2\/product_cat?post=1322"},{"taxonomy":"product_tag","embeddable":true,"href":"https:\/\/nei-tv.com\/de\/wp-json\/wp\/v2\/product_tag?post=1322"}],"curies":[{"name":"wp","href":"https:\/\/api.w.org\/{rel}","templated":true}]}}