{"id":1518,"date":"2023-11-03T03:33:09","date_gmt":"2023-11-03T00:33:09","guid":{"rendered":"https:\/\/nei-tv.com\/?post_type=product&#038;p=1518"},"modified":"2024-02-15T14:52:30","modified_gmt":"2024-02-15T11:52:30","slug":"smart-tv-58ne6800-webos-4k-ultra-hd-147-cm-wifi-ci","status":"publish","type":"product","link":"https:\/\/nei-tv.com\/de\/produkt\/smart-tv-58ne6800-webos-4k-ultra-hd-147-cm-wifi-ci\/","title":{"rendered":"Smart TV 58NE6800, WebOS 4K, Ultra HD, 147 cm, WiFi, CI+"},"content":{"rendered":"<p><img decoding=\"async\" class=\"wp-image-1528 size-full aligncenter\" src=\"https:\/\/nei-tv.com\/wp-content\/uploads\/2023\/11\/NEI_43NE6800-4.jpg\" alt=\"\" width=\"100%\" srcset=\"https:\/\/nei-tv.com\/wp-content\/uploads\/2023\/11\/NEI_43NE6800-4.jpg 927w, https:\/\/nei-tv.com\/wp-content\/uploads\/2023\/11\/NEI_43NE6800-4-300x97.jpg 300w, https:\/\/nei-tv.com\/wp-content\/uploads\/2023\/11\/NEI_43NE6800-4-768x249.jpg 768w, https:\/\/nei-tv.com\/wp-content\/uploads\/2023\/11\/NEI_43NE6800-4-18x6.jpg 18w, https:\/\/nei-tv.com\/wp-content\/uploads\/2023\/11\/NEI_43NE6800-4-600x194.jpg 600w\" sizes=\"(max-width: 927px) 100vw, 927px\" \/><\/p>\n<p>Der Fernseher NEI 58NE6800 bietet hervorragende Leistung und garantiert Ihnen den Komfort und die Freiheit, jede gew\u00fcnschte Sendung anzusehen, und das bei maximaler Qualit\u00e4t und Klarheit!<\/p>\n<p>Erschwingliche Qualit\u00e4t. Technologien der neuesten Generation von einer Marke mit Tradition.<\/p>\n<p>Die seit 1993 in Rum\u00e4nien pr\u00e4sente Marke NEI bringt Fernseher der neuesten Generation zu erschwinglichen Preisen zur\u00fcck. Jetzt ist die Qualit\u00e4t f\u00fcr jedermann zug\u00e4nglich und bringt die ganze Familie zusammen, um ihre Lieblingssendungen und -filme zu genie\u00dfen.<\/p>\n<p>Gute Qualit\u00e4t. Ihre Lieblingssendungen und -filme in einer 4K-Ultra-HD-Aufl\u00f6sung.<\/p>\n<p>Sehen Sie sich Filme, Shows, Sport\u00fcbertragungen und alle mit Ihrer Kamera\/Video aufgezeichneten Momente Ihres Urlaubs zusammen mit Ihren Lieben in maximaler Aufl\u00f6sung (Ultra HD, 4K) an. Die Qualit\u00e4t des Bildes bringt Sie mitten ins Geschehen.<\/p>\n<p>Verbinden Sie sich \u00fcber WLAN. F\u00fcr den schnellen und einfachen Zugriff auf Ihre Lieblingsinhalte.<\/p>\n<p>Schnelle und einfache Verbindung f\u00fcr den Zugriff auf Ihre Lieblingsinhalte direkt auf dem Fernseher, ohne Kabel oder umst\u00e4ndliche Einstellungen. Jetzt haben Sie einfachen und komfortablen Zugriff auf mobile Ger\u00e4te und das Internet.<\/p>\n<p>CI+-Schnittstelle. Einfacher und bequemer Empfang und Auswahl von Fernsehkan\u00e4len.<\/p>\n<p>Mithilfe der CI+-Schnittstelle k\u00f6nnen Sie auf die zweite TV-Box-Fernbedienung Ihres Kabelnetzbetreibers verzichten und die TV-Kan\u00e4le direkt \u00fcber die NEI-TV-Fernbedienung steuern. Nichts einfacher!<\/p>","protected":false},"excerpt":{"rendered":"<p>Der Fernseher NEI 58NE6800 bietet hervorragende Leistung und garantiert Ihnen den Komfort und die Freiheit, jede gew\u00fcnschte Sendung anzusehen, und das bei maximaler Qualit\u00e4t und Klarheit!<\/p>","protected":false},"featured_media":2118,"comment_status":"open","ping_status":"closed","template":"","meta":[],"product_brand":[],"product_cat":[24,27],"product_tag":[],"class_list":{"0":"post-1518","1":"product","2":"type-product","3":"status-publish","4":"has-post-thumbnail","6":"product_cat-webos-tv","7":"product_cat-webos-tv-uhd-4k","9":"first","10":"instock","11":"shipping-taxable","12":"product-type-simple"},"yoast_head":"<!-- This site is optimized with the Yoast SEO plugin v24.7 - https:\/\/yoast.com\/wordpress\/plugins\/seo\/ -->\n<title>Smart TV 58NE6800, WebOS 4K, Ultra HD, 147 cm, WiFi, CI+ - NEI TV<\/title>\n<meta name=\"robots\" content=\"index, follow, max-snippet:-1, max-image-preview:large, max-video-preview:-1\" \/>\n<link rel=\"canonical\" href=\"https:\/\/nei-tv.com\/de\/produkt\/smart-tv-58ne6800-webos-4k-ultra-hd-147-cm-wifi-ci\/\" \/>\n<meta property=\"og:locale\" content=\"de_DE\" \/>\n<meta property=\"og:type\" content=\"article\" \/>\n<meta property=\"og:title\" content=\"Smart TV 58NE6800, WebOS 4K, Ultra HD, 147 cm, WiFi, CI+ - NEI TV\" \/>\n<meta property=\"og:description\" content=\"The NEI 58NE6800 TV brings excellent performance and guarantees you the comfort and freedom to watch any show you want, offering maximum quality and clarity!\" \/>\n<meta property=\"og:url\" content=\"https:\/\/nei-tv.com\/de\/produkt\/smart-tv-58ne6800-webos-4k-ultra-hd-147-cm-wifi-ci\/\" \/>\n<meta property=\"og:site_name\" content=\"NEI TV\" \/>\n<meta property=\"article:modified_time\" content=\"2024-02-15T11:52:30+00:00\" \/>\n<meta property=\"og:image\" content=\"https:\/\/nei-tv.com\/wp-content\/uploads\/2023\/11\/NEI-58NE6800.jpg\" \/>\n\t<meta property=\"og:image:width\" content=\"1000\" \/>\n\t<meta property=\"og:image:height\" content=\"1000\" \/>\n\t<meta property=\"og:image:type\" content=\"image\/jpeg\" \/>\n<meta name=\"twitter:card\" content=\"summary_large_image\" \/>\n<meta name=\"twitter:label1\" content=\"Gesch\u00e4tzte Lesezeit\" \/>\n\t<meta name=\"twitter:data1\" content=\"2\u00a0Minuten\" \/>\n<script type=\"application\/ld+json\" class=\"yoast-schema-graph\">{\"@context\":\"https:\/\/schema.org\",\"@graph\":[{\"@type\":\"WebPage\",\"@id\":\"https:\/\/nei-tv.com\/product\/smart-tv-58ne6800-webos-4k-ultra-hd-147-cm-wifi-ci\/\",\"url\":\"https:\/\/nei-tv.com\/product\/smart-tv-58ne6800-webos-4k-ultra-hd-147-cm-wifi-ci\/\",\"name\":\"Smart TV 58NE6800, WebOS 4K, Ultra HD, 147 cm, WiFi, CI+ - NEI TV\",\"isPartOf\":{\"@id\":\"https:\/\/nei-tv.com\/#website\"},\"primaryImageOfPage\":{\"@id\":\"https:\/\/nei-tv.com\/product\/smart-tv-58ne6800-webos-4k-ultra-hd-147-cm-wifi-ci\/#primaryimage\"},\"image\":{\"@id\":\"https:\/\/nei-tv.com\/product\/smart-tv-58ne6800-webos-4k-ultra-hd-147-cm-wifi-ci\/#primaryimage\"},\"thumbnailUrl\":\"https:\/\/nei-tv.com\/wp-content\/uploads\/2023\/11\/NEI-58NE6800.jpg\",\"datePublished\":\"2023-11-03T00:33:09+00:00\",\"dateModified\":\"2024-02-15T11:52:30+00:00\",\"breadcrumb\":{\"@id\":\"https:\/\/nei-tv.com\/product\/smart-tv-58ne6800-webos-4k-ultra-hd-147-cm-wifi-ci\/#breadcrumb\"},\"inLanguage\":\"de\",\"potentialAction\":[{\"@type\":\"ReadAction\",\"target\":[\"https:\/\/nei-tv.com\/product\/smart-tv-58ne6800-webos-4k-ultra-hd-147-cm-wifi-ci\/\"]}]},{\"@type\":\"ImageObject\",\"inLanguage\":\"de\",\"@id\":\"https:\/\/nei-tv.com\/product\/smart-tv-58ne6800-webos-4k-ultra-hd-147-cm-wifi-ci\/#primaryimage\",\"url\":\"https:\/\/nei-tv.com\/wp-content\/uploads\/2023\/11\/NEI-58NE6800.jpg\",\"contentUrl\":\"https:\/\/nei-tv.com\/wp-content\/uploads\/2023\/11\/NEI-58NE6800.jpg\",\"width\":1000,\"height\":1000},{\"@type\":\"BreadcrumbList\",\"@id\":\"https:\/\/nei-tv.com\/product\/smart-tv-58ne6800-webos-4k-ultra-hd-147-cm-wifi-ci\/#breadcrumb\",\"itemListElement\":[{\"@type\":\"ListItem\",\"position\":1,\"name\":\"Home\",\"item\":\"https:\/\/nei-tv.com\/\"},{\"@type\":\"ListItem\",\"position\":2,\"name\":\"Shop\",\"item\":\"https:\/\/nei-tv.com\/shop\/\"},{\"@type\":\"ListItem\",\"position\":3,\"name\":\"Smart TV 58NE6800, WebOS 4K, Ultra HD, 147 cm, WiFi, CI+\"}]},{\"@type\":\"WebSite\",\"@id\":\"https:\/\/nei-tv.com\/#website\",\"url\":\"https:\/\/nei-tv.com\/\",\"name\":\"NEI TV\",\"description\":\"NEI\",\"publisher\":{\"@id\":\"https:\/\/nei-tv.com\/#organization\"},\"potentialAction\":[{\"@type\":\"SearchAction\",\"target\":{\"@type\":\"EntryPoint\",\"urlTemplate\":\"https:\/\/nei-tv.com\/?s={search_term_string}\"},\"query-input\":{\"@type\":\"PropertyValueSpecification\",\"valueRequired\":true,\"valueName\":\"search_term_string\"}}],\"inLanguage\":\"de\"},{\"@type\":\"Organization\",\"@id\":\"https:\/\/nei-tv.com\/#organization\",\"name\":\"NEI TV\",\"url\":\"https:\/\/nei-tv.com\/\",\"logo\":{\"@type\":\"ImageObject\",\"inLanguage\":\"de\",\"@id\":\"https:\/\/nei-tv.com\/#\/schema\/logo\/image\/\",\"url\":\"https:\/\/nei-tv.com\/wp-content\/uploads\/2023\/09\/logo_nei_tv_black_en.svg\",\"contentUrl\":\"https:\/\/nei-tv.com\/wp-content\/uploads\/2023\/09\/logo_nei_tv_black_en.svg\",\"width\":512,\"height\":205,\"caption\":\"NEI TV\"},\"image\":{\"@id\":\"https:\/\/nei-tv.com\/#\/schema\/logo\/image\/\"}}]}<\/script>\n<!-- \/ Yoast SEO plugin. -->","yoast_head_json":{"title":"Smart TV 58NE6800, WebOS 4K, Ultra HD, 147 cm, WiFi, CI+ - NEI TV","robots":{"index":"index","follow":"follow","max-snippet":"max-snippet:-1","max-image-preview":"max-image-preview:large","max-video-preview":"max-video-preview:-1"},"canonical":"https:\/\/nei-tv.com\/de\/produkt\/smart-tv-58ne6800-webos-4k-ultra-hd-147-cm-wifi-ci\/","og_locale":"de_DE","og_type":"article","og_title":"Smart TV 58NE6800, WebOS 4K, Ultra HD, 147 cm, WiFi, CI+ - NEI TV","og_description":"The NEI 58NE6800 TV brings excellent performance and guarantees you the comfort and freedom to watch any show you want, offering maximum quality and clarity!","og_url":"https:\/\/nei-tv.com\/de\/produkt\/smart-tv-58ne6800-webos-4k-ultra-hd-147-cm-wifi-ci\/","og_site_name":"NEI TV","article_modified_time":"2024-02-15T11:52:30+00:00","og_image":[{"width":1000,"height":1000,"url":"https:\/\/nei-tv.com\/wp-content\/uploads\/2023\/11\/NEI-58NE6800.jpg","type":"image\/jpeg"}],"twitter_card":"summary_large_image","twitter_misc":{"Gesch\u00e4tzte Lesezeit":"2\u00a0Minuten"},"schema":{"@context":"https:\/\/schema.org","@graph":[{"@type":"WebPage","@id":"https:\/\/nei-tv.com\/product\/smart-tv-58ne6800-webos-4k-ultra-hd-147-cm-wifi-ci\/","url":"https:\/\/nei-tv.com\/product\/smart-tv-58ne6800-webos-4k-ultra-hd-147-cm-wifi-ci\/","name":"Smart TV 58NE6800, WebOS 4K, Ultra HD, 147 cm, WiFi, CI+ - NEI TV","isPartOf":{"@id":"https:\/\/nei-tv.com\/#website"},"primaryImageOfPage":{"@id":"https:\/\/nei-tv.com\/product\/smart-tv-58ne6800-webos-4k-ultra-hd-147-cm-wifi-ci\/#primaryimage"},"image":{"@id":"https:\/\/nei-tv.com\/product\/smart-tv-58ne6800-webos-4k-ultra-hd-147-cm-wifi-ci\/#primaryimage"},"thumbnailUrl":"https:\/\/nei-tv.com\/wp-content\/uploads\/2023\/11\/NEI-58NE6800.jpg","datePublished":"2023-11-03T00:33:09+00:00","dateModified":"2024-02-15T11:52:30+00:00","breadcrumb":{"@id":"https:\/\/nei-tv.com\/product\/smart-tv-58ne6800-webos-4k-ultra-hd-147-cm-wifi-ci\/#breadcrumb"},"inLanguage":"de","potentialAction":[{"@type":"ReadAction","target":["https:\/\/nei-tv.com\/product\/smart-tv-58ne6800-webos-4k-ultra-hd-147-cm-wifi-ci\/"]}]},{"@type":"ImageObject","inLanguage":"de","@id":"https:\/\/nei-tv.com\/product\/smart-tv-58ne6800-webos-4k-ultra-hd-147-cm-wifi-ci\/#primaryimage","url":"https:\/\/nei-tv.com\/wp-content\/uploads\/2023\/11\/NEI-58NE6800.jpg","contentUrl":"https:\/\/nei-tv.com\/wp-content\/uploads\/2023\/11\/NEI-58NE6800.jpg","width":1000,"height":1000},{"@type":"BreadcrumbList","@id":"https:\/\/nei-tv.com\/product\/smart-tv-58ne6800-webos-4k-ultra-hd-147-cm-wifi-ci\/#breadcrumb","itemListElement":[{"@type":"ListItem","position":1,"name":"Home","item":"https:\/\/nei-tv.com\/"},{"@type":"ListItem","position":2,"name":"Shop","item":"https:\/\/nei-tv.com\/shop\/"},{"@type":"ListItem","position":3,"name":"Smart TV 58NE6800, WebOS 4K, Ultra HD, 147 cm, WiFi, CI+"}]},{"@type":"WebSite","@id":"https:\/\/nei-tv.com\/#website","url":"https:\/\/nei-tv.com\/","name":"NEI TV","description":"NEI","publisher":{"@id":"https:\/\/nei-tv.com\/#organization"},"potentialAction":[{"@type":"SearchAction","target":{"@type":"EntryPoint","urlTemplate":"https:\/\/nei-tv.com\/?s={search_term_string}"},"query-input":{"@type":"PropertyValueSpecification","valueRequired":true,"valueName":"search_term_string"}}],"inLanguage":"de"},{"@type":"Organization","@id":"https:\/\/nei-tv.com\/#organization","name":"NEI TV","url":"https:\/\/nei-tv.com\/","logo":{"@type":"ImageObject","inLanguage":"de","@id":"https:\/\/nei-tv.com\/#\/schema\/logo\/image\/","url":"https:\/\/nei-tv.com\/wp-content\/uploads\/2023\/09\/logo_nei_tv_black_en.svg","contentUrl":"https:\/\/nei-tv.com\/wp-content\/uploads\/2023\/09\/logo_nei_tv_black_en.svg","width":512,"height":205,"caption":"NEI TV"},"image":{"@id":"https:\/\/nei-tv.com\/#\/schema\/logo\/image\/"}}]}},"_links":{"self":[{"href":"https:\/\/nei-tv.com\/de\/wp-json\/wp\/v2\/product\/1518","targetHints":{"allow":["GET"]}}],"collection":[{"href":"https:\/\/nei-tv.com\/de\/wp-json\/wp\/v2\/product"}],"about":[{"href":"https:\/\/nei-tv.com\/de\/wp-json\/wp\/v2\/types\/product"}],"replies":[{"embeddable":true,"href":"https:\/\/nei-tv.com\/de\/wp-json\/wp\/v2\/comments?post=1518"}],"version-history":[{"count":4,"href":"https:\/\/nei-tv.com\/de\/wp-json\/wp\/v2\/product\/1518\/revisions"}],"predecessor-version":[{"id":1846,"href":"https:\/\/nei-tv.com\/de\/wp-json\/wp\/v2\/product\/1518\/revisions\/1846"}],"wp:featuredmedia":[{"embeddable":true,"href":"https:\/\/nei-tv.com\/de\/wp-json\/wp\/v2\/media\/2118"}],"wp:attachment":[{"href":"https:\/\/nei-tv.com\/de\/wp-json\/wp\/v2\/media?parent=1518"}],"wp:term":[{"taxonomy":"product_brand","embeddable":true,"href":"https:\/\/nei-tv.com\/de\/wp-json\/wp\/v2\/product_brand?post=1518"},{"taxonomy":"product_cat","embeddable":true,"href":"https:\/\/nei-tv.com\/de\/wp-json\/wp\/v2\/product_cat?post=1518"},{"taxonomy":"product_tag","embeddable":true,"href":"https:\/\/nei-tv.com\/de\/wp-json\/wp\/v2\/product_tag?post=1518"}],"curies":[{"name":"wp","href":"https:\/\/api.w.org\/{rel}","templated":true}]}}