{"id":1322,"date":"2023-11-02T13:29:33","date_gmt":"2023-11-02T10:29:33","guid":{"rendered":"https:\/\/nei-tv.com\/?post_type=product&#038;p=1322"},"modified":"2024-02-15T14:29:16","modified_gmt":"2024-02-15T11:29:16","slug":"tv-led-24ne4000-hd-ready-60-cm","status":"publish","type":"product","link":"https:\/\/nei-tv.com\/fr\/produit\/tv-led-24ne4000-hd-ready-60-cm\/","title":{"rendered":"TV LED 24NE4000, HD Ready, 60 cm"},"content":{"rendered":"<p><img decoding=\"async\" class=\"wp-image-1329 size-full aligncenter\" src=\"https:\/\/nei-tv.com\/wp-content\/uploads\/2023\/11\/Nei_24NE4000.jpg\" alt=\"\" width=\"100%\" srcset=\"https:\/\/nei-tv.com\/wp-content\/uploads\/2023\/11\/Nei_24NE4000.jpg 824w, https:\/\/nei-tv.com\/wp-content\/uploads\/2023\/11\/Nei_24NE4000-300x164.jpg 300w, https:\/\/nei-tv.com\/wp-content\/uploads\/2023\/11\/Nei_24NE4000-768x419.jpg 768w, https:\/\/nei-tv.com\/wp-content\/uploads\/2023\/11\/Nei_24NE4000-18x10.jpg 18w, https:\/\/nei-tv.com\/wp-content\/uploads\/2023\/11\/Nei_24NE4000-600x328.jpg 600w\" sizes=\"(max-width: 824px) 100vw, 824px\" \/><\/p>\n<p>TV avec \u00e9cran LED, d'une diagonale de 60 cm et d'une r\u00e9solution HD (1366\u00d7768). Comme interface nous listons : 1 port HDMI, 1 port USB, 1 emplacement CI+, 1 port Jack 3,5 mm, 1 port YPBPR, 1 port CVBS, 1 port VGA. Pr\u00e9sente en Roumanie depuis 1993, la marque NEI ram\u00e8ne des t\u00e9l\u00e9viseurs de derni\u00e8re g\u00e9n\u00e9ration \u00e0 des prix abordables. D\u00e9sormais, la qualit\u00e9 est accessible \u00e0 tous, r\u00e9unissant toute la famille pour profiter de ses \u00e9missions et films pr\u00e9f\u00e9r\u00e9s.<\/p>\n<p><img decoding=\"async\" class=\"wp-image-1330 size-full aligncenter\" src=\"https:\/\/nei-tv.com\/wp-content\/uploads\/2023\/11\/TV-LED-24NE4000.jpg\" alt=\"\" width=\"100%\" srcset=\"https:\/\/nei-tv.com\/wp-content\/uploads\/2023\/11\/TV-LED-24NE4000.jpg 500w, https:\/\/nei-tv.com\/wp-content\/uploads\/2023\/11\/TV-LED-24NE4000-300x144.jpg 300w, https:\/\/nei-tv.com\/wp-content\/uploads\/2023\/11\/TV-LED-24NE4000-18x9.jpg 18w\" sizes=\"(max-width: 500px) 100vw, 500px\" \/><\/p>\n<p>Le t\u00e9l\u00e9viseur NEI, d'apparence fine et moderne, convient \u00e0 tout espace de vie. Vous pouvez d\u00e9sormais voir m\u00eame les moindres d\u00e9tails de chaque sc\u00e8ne, gr\u00e2ce \u00e0 la r\u00e9solution HD. La diagonale de 60 cm permet de voir l'image dans son ensemble, tout devenant bien r\u00e9el. Vous avez un acc\u00e8s facile au contenu et un contr\u00f4le simplifi\u00e9 via une seule t\u00e9l\u00e9commande. Plus de connexions et de compatibilit\u00e9 gr\u00e2ce aux 8 ports.<\/p>\n<p>Regardez en r\u00e9solution maximale (HD, 720p) les films, \u00e9missions, \u00e9missions sportives et tous les moments de vacances enregistr\u00e9s avec la cam\u00e9ra\/vid\u00e9o avec vos proches. La qualit\u00e9 de l'image vous emm\u00e8nera au centre de l'action.<\/p>\n<p><img decoding=\"async\" class=\"wp-image-1331 size-full aligncenter\" src=\"https:\/\/nei-tv.com\/wp-content\/uploads\/2023\/11\/TV-LED-24NE4000-1.jpg\" alt=\"\" width=\"100%\" srcset=\"https:\/\/nei-tv.com\/wp-content\/uploads\/2023\/11\/TV-LED-24NE4000-1.jpg 500w, https:\/\/nei-tv.com\/wp-content\/uploads\/2023\/11\/TV-LED-24NE4000-1-300x144.jpg 300w, https:\/\/nei-tv.com\/wp-content\/uploads\/2023\/11\/TV-LED-24NE4000-1-18x9.jpg 18w\" sizes=\"(max-width: 500px) 100vw, 500px\" \/><\/p>\n<p>Connectivit\u00e9 : Le t\u00e9l\u00e9viseur est compatible avec plusieurs appareils gr\u00e2ce \u00e0 son interface vari\u00e9e, tels que :<\/p>\n<ul>\n<li>HDMI est un type de connecteur multim\u00e9dia qui offre un signal vid\u00e9o et audio via la m\u00eame prise, selon une norme bien \u00e9tablie.<\/li>\n<li>L'entr\u00e9e RF (radiofr\u00e9quence) est utilis\u00e9e pour connecter le service TV via un c\u00e2ble coaxial.<\/li>\n<li>Le port YPbPr est une entr\u00e9e de signal vid\u00e9o analogique avec trois fiches coaxiales, \u00e9galement appel\u00e9e vid\u00e9o composante.<\/li>\n<li>USB ou Universal Serial Bus est une interface plug-and-play, ce qui signifie que tout ce que vous avez \u00e0 faire est de connecter un p\u00e9riph\u00e9rique dot\u00e9 d'un port USB au port du t\u00e9l\u00e9viseur, et il pourra le d\u00e9tecter.<\/li>\n<li>Le port VGA (Video Graphics Array) est un type de connexion standard pour les appareils vid\u00e9o qui transmet uniquement le signal vid\u00e9o, pas l'audio, via un signal analogique.<\/li>\n<li>CI+ Common Interface Plus est une interface qui permet d'ins\u00e9rer une carte Common Interface (CI) achet\u00e9e aupr\u00e8s du fournisseur de t\u00e9l\u00e9vision pour avoir acc\u00e8s \u00e0 une grille de programmes sp\u00e9cifique.<\/li>\n<\/ul>\n<p>Partagez le bon contenu \u00e0 partir de plusieurs appareils directement sur l'\u00e9cran du t\u00e9l\u00e9viseur NEI. De cette fa\u00e7on, vous pourrez profiter de vos choix personnels et contr\u00f4ler ce que vous regardez. Tout est simple et facile \u00e0 utiliser.<\/p>\n<p><img decoding=\"async\" class=\"wp-image-1332 size-full aligncenter\" src=\"https:\/\/nei-tv.com\/wp-content\/uploads\/2023\/11\/24NE4000.jpg\" alt=\"\" width=\"100%\" srcset=\"https:\/\/nei-tv.com\/wp-content\/uploads\/2023\/11\/24NE4000.jpg 1850w, https:\/\/nei-tv.com\/wp-content\/uploads\/2023\/11\/24NE4000-300x144.jpg 300w, https:\/\/nei-tv.com\/wp-content\/uploads\/2023\/11\/24NE4000-1024x490.jpg 1024w, https:\/\/nei-tv.com\/wp-content\/uploads\/2023\/11\/24NE4000-768x368.jpg 768w, https:\/\/nei-tv.com\/wp-content\/uploads\/2023\/11\/24NE4000-1536x736.jpg 1536w, https:\/\/nei-tv.com\/wp-content\/uploads\/2023\/11\/24NE4000-18x9.jpg 18w, https:\/\/nei-tv.com\/wp-content\/uploads\/2023\/11\/24NE4000-600x287.jpg 600w\" sizes=\"(max-width: 1850px) 100vw, 1850px\" \/><\/p>\n<p>Suggestions de positionnement<\/p>\n<p>Positionnez le t\u00e9l\u00e9viseur de mani\u00e8re \u00e0 ce que la lumi\u00e8re ne tombe pas directement sur l'\u00e9cran. La distance id\u00e9ale pour regarder la t\u00e9l\u00e9vision est trois fois la diagonale de l\u2019\u00e9cran. Lorsque vous \u00eates assis, vos yeux doivent \u00eatre au niveau du centre de l'\u00e9cran.<\/p>\n<p>Recommandations d'entretien :<\/p>\n<ul>\n<li>D\u00e9branchez le t\u00e9l\u00e9viseur avant de le nettoyer.<\/li>\n<li>Nettoyez le t\u00e9l\u00e9viseur et le cadre avec un chiffon doux et humide et essuyez d\u00e9licatement.<\/li>\n<li>\u00c9vitez autant que possible les images stationnaires. Les images fixes telles que les menus \u00e0 l'\u00e9cran ou les barres noires restent \u00e0 l'\u00e9cran pendant une longue p\u00e9riode.<\/li>\n<li>Si vous devez utiliser des images fixes, r\u00e9duisez le contraste et la luminosit\u00e9 de l'\u00e9cran pour \u00e9viter de l'endommager.<\/li>\n<li>Pour \u00e9viter la distorsion de l'image et la d\u00e9coloration, essuyez les gouttes d'eau le plus rapidement possible.<\/li>\n<\/ul>\n<p>A l'aide de l'interface CI+, vous vous d\u00e9barrassez de la deuxi\u00e8me t\u00e9l\u00e9commande TV Box fournie par votre c\u00e2blo-op\u00e9rateur et contr\u00f4lez les cha\u00eenes TV directement depuis la t\u00e9l\u00e9commande NEI TV. Rien de plus simple !<\/p>","protected":false},"excerpt":{"rendered":"<p>Le t\u00e9l\u00e9viseur NEI, d'apparence fine et moderne, convient \u00e0 tout espace de vie. Vous pouvez d\u00e9sormais voir m\u00eame les moindres d\u00e9tails de chaque sc\u00e8ne, gr\u00e2ce \u00e0 la r\u00e9solution HD.<\/p>","protected":false},"featured_media":2092,"comment_status":"open","ping_status":"closed","template":"","meta":[],"product_brand":[],"product_cat":[36,37],"product_tag":[],"class_list":{"0":"post-1322","1":"product","2":"type-product","3":"status-publish","4":"has-post-thumbnail","6":"product_cat-non-smart-tv","7":"product_cat-non-smart-tv-hd","9":"first","10":"instock","11":"shipping-taxable","12":"product-type-simple"},"yoast_head":"<!-- This site is optimized with the Yoast SEO plugin v24.7 - https:\/\/yoast.com\/wordpress\/plugins\/seo\/ -->\n<title>TV LED 24NE4000, HD Ready, 60 cm - NEI TV<\/title>\n<meta name=\"robots\" content=\"index, follow, max-snippet:-1, max-image-preview:large, max-video-preview:-1\" \/>\n<link rel=\"canonical\" href=\"https:\/\/nei-tv.com\/fr\/produit\/tv-led-24ne4000-hd-ready-60-cm\/\" \/>\n<meta property=\"og:locale\" content=\"fr_FR\" \/>\n<meta property=\"og:type\" content=\"article\" \/>\n<meta property=\"og:title\" content=\"TV LED 24NE4000, HD Ready, 60 cm - NEI TV\" \/>\n<meta property=\"og:description\" content=\"The NEI TV, with a slim and modern appearance, is suitable for any living space. You can now see even the fine details in each scene, thanks to the HD resolution.\" \/>\n<meta property=\"og:url\" content=\"https:\/\/nei-tv.com\/fr\/produit\/tv-led-24ne4000-hd-ready-60-cm\/\" \/>\n<meta property=\"og:site_name\" content=\"NEI TV\" \/>\n<meta property=\"article:modified_time\" content=\"2024-02-15T11:29:16+00:00\" \/>\n<meta property=\"og:image\" content=\"https:\/\/nei-tv.com\/wp-content\/uploads\/2023\/11\/NEI-24NE4000.jpg\" \/>\n\t<meta property=\"og:image:width\" content=\"1000\" \/>\n\t<meta property=\"og:image:height\" content=\"1000\" \/>\n\t<meta property=\"og:image:type\" content=\"image\/jpeg\" \/>\n<meta name=\"twitter:card\" content=\"summary_large_image\" \/>\n<meta name=\"twitter:label1\" content=\"Dur\u00e9e de lecture estim\u00e9e\" \/>\n\t<meta name=\"twitter:data1\" content=\"4 minutes\" \/>\n<script type=\"application\/ld+json\" class=\"yoast-schema-graph\">{\"@context\":\"https:\/\/schema.org\",\"@graph\":[{\"@type\":\"WebPage\",\"@id\":\"https:\/\/nei-tv.com\/product\/tv-led-24ne4000-hd-ready-60-cm\/\",\"url\":\"https:\/\/nei-tv.com\/product\/tv-led-24ne4000-hd-ready-60-cm\/\",\"name\":\"TV LED 24NE4000, HD Ready, 60 cm - NEI TV\",\"isPartOf\":{\"@id\":\"https:\/\/nei-tv.com\/#website\"},\"primaryImageOfPage\":{\"@id\":\"https:\/\/nei-tv.com\/product\/tv-led-24ne4000-hd-ready-60-cm\/#primaryimage\"},\"image\":{\"@id\":\"https:\/\/nei-tv.com\/product\/tv-led-24ne4000-hd-ready-60-cm\/#primaryimage\"},\"thumbnailUrl\":\"https:\/\/nei-tv.com\/wp-content\/uploads\/2023\/11\/NEI-24NE4000.jpg\",\"datePublished\":\"2023-11-02T10:29:33+00:00\",\"dateModified\":\"2024-02-15T11:29:16+00:00\",\"breadcrumb\":{\"@id\":\"https:\/\/nei-tv.com\/product\/tv-led-24ne4000-hd-ready-60-cm\/#breadcrumb\"},\"inLanguage\":\"fr-FR\",\"potentialAction\":[{\"@type\":\"ReadAction\",\"target\":[\"https:\/\/nei-tv.com\/product\/tv-led-24ne4000-hd-ready-60-cm\/\"]}]},{\"@type\":\"ImageObject\",\"inLanguage\":\"fr-FR\",\"@id\":\"https:\/\/nei-tv.com\/product\/tv-led-24ne4000-hd-ready-60-cm\/#primaryimage\",\"url\":\"https:\/\/nei-tv.com\/wp-content\/uploads\/2023\/11\/NEI-24NE4000.jpg\",\"contentUrl\":\"https:\/\/nei-tv.com\/wp-content\/uploads\/2023\/11\/NEI-24NE4000.jpg\",\"width\":1000,\"height\":1000},{\"@type\":\"BreadcrumbList\",\"@id\":\"https:\/\/nei-tv.com\/product\/tv-led-24ne4000-hd-ready-60-cm\/#breadcrumb\",\"itemListElement\":[{\"@type\":\"ListItem\",\"position\":1,\"name\":\"Home\",\"item\":\"https:\/\/nei-tv.com\/\"},{\"@type\":\"ListItem\",\"position\":2,\"name\":\"Shop\",\"item\":\"https:\/\/nei-tv.com\/shop\/\"},{\"@type\":\"ListItem\",\"position\":3,\"name\":\"TV LED 24NE4000, HD Ready, 60 cm\"}]},{\"@type\":\"WebSite\",\"@id\":\"https:\/\/nei-tv.com\/#website\",\"url\":\"https:\/\/nei-tv.com\/\",\"name\":\"NEI TV\",\"description\":\"NEI\",\"publisher\":{\"@id\":\"https:\/\/nei-tv.com\/#organization\"},\"potentialAction\":[{\"@type\":\"SearchAction\",\"target\":{\"@type\":\"EntryPoint\",\"urlTemplate\":\"https:\/\/nei-tv.com\/?s={search_term_string}\"},\"query-input\":{\"@type\":\"PropertyValueSpecification\",\"valueRequired\":true,\"valueName\":\"search_term_string\"}}],\"inLanguage\":\"fr-FR\"},{\"@type\":\"Organization\",\"@id\":\"https:\/\/nei-tv.com\/#organization\",\"name\":\"NEI TV\",\"url\":\"https:\/\/nei-tv.com\/\",\"logo\":{\"@type\":\"ImageObject\",\"inLanguage\":\"fr-FR\",\"@id\":\"https:\/\/nei-tv.com\/#\/schema\/logo\/image\/\",\"url\":\"https:\/\/nei-tv.com\/wp-content\/uploads\/2023\/09\/logo_nei_tv_black_en.svg\",\"contentUrl\":\"https:\/\/nei-tv.com\/wp-content\/uploads\/2023\/09\/logo_nei_tv_black_en.svg\",\"width\":512,\"height\":205,\"caption\":\"NEI TV\"},\"image\":{\"@id\":\"https:\/\/nei-tv.com\/#\/schema\/logo\/image\/\"}}]}<\/script>\n<!-- \/ Yoast SEO plugin. -->","yoast_head_json":{"title":"TV LED 24NE4000, HD Ready, 60 cm - NEI TV","robots":{"index":"index","follow":"follow","max-snippet":"max-snippet:-1","max-image-preview":"max-image-preview:large","max-video-preview":"max-video-preview:-1"},"canonical":"https:\/\/nei-tv.com\/fr\/produit\/tv-led-24ne4000-hd-ready-60-cm\/","og_locale":"fr_FR","og_type":"article","og_title":"TV LED 24NE4000, HD Ready, 60 cm - NEI TV","og_description":"The NEI TV, with a slim and modern appearance, is suitable for any living space. You can now see even the fine details in each scene, thanks to the HD resolution.","og_url":"https:\/\/nei-tv.com\/fr\/produit\/tv-led-24ne4000-hd-ready-60-cm\/","og_site_name":"NEI TV","article_modified_time":"2024-02-15T11:29:16+00:00","og_image":[{"width":1000,"height":1000,"url":"https:\/\/nei-tv.com\/wp-content\/uploads\/2023\/11\/NEI-24NE4000.jpg","type":"image\/jpeg"}],"twitter_card":"summary_large_image","twitter_misc":{"Dur\u00e9e de lecture estim\u00e9e":"4 minutes"},"schema":{"@context":"https:\/\/schema.org","@graph":[{"@type":"WebPage","@id":"https:\/\/nei-tv.com\/product\/tv-led-24ne4000-hd-ready-60-cm\/","url":"https:\/\/nei-tv.com\/product\/tv-led-24ne4000-hd-ready-60-cm\/","name":"TV LED 24NE4000, HD Ready, 60 cm - NEI TV","isPartOf":{"@id":"https:\/\/nei-tv.com\/#website"},"primaryImageOfPage":{"@id":"https:\/\/nei-tv.com\/product\/tv-led-24ne4000-hd-ready-60-cm\/#primaryimage"},"image":{"@id":"https:\/\/nei-tv.com\/product\/tv-led-24ne4000-hd-ready-60-cm\/#primaryimage"},"thumbnailUrl":"https:\/\/nei-tv.com\/wp-content\/uploads\/2023\/11\/NEI-24NE4000.jpg","datePublished":"2023-11-02T10:29:33+00:00","dateModified":"2024-02-15T11:29:16+00:00","breadcrumb":{"@id":"https:\/\/nei-tv.com\/product\/tv-led-24ne4000-hd-ready-60-cm\/#breadcrumb"},"inLanguage":"fr-FR","potentialAction":[{"@type":"ReadAction","target":["https:\/\/nei-tv.com\/product\/tv-led-24ne4000-hd-ready-60-cm\/"]}]},{"@type":"ImageObject","inLanguage":"fr-FR","@id":"https:\/\/nei-tv.com\/product\/tv-led-24ne4000-hd-ready-60-cm\/#primaryimage","url":"https:\/\/nei-tv.com\/wp-content\/uploads\/2023\/11\/NEI-24NE4000.jpg","contentUrl":"https:\/\/nei-tv.com\/wp-content\/uploads\/2023\/11\/NEI-24NE4000.jpg","width":1000,"height":1000},{"@type":"BreadcrumbList","@id":"https:\/\/nei-tv.com\/product\/tv-led-24ne4000-hd-ready-60-cm\/#breadcrumb","itemListElement":[{"@type":"ListItem","position":1,"name":"Home","item":"https:\/\/nei-tv.com\/"},{"@type":"ListItem","position":2,"name":"Shop","item":"https:\/\/nei-tv.com\/shop\/"},{"@type":"ListItem","position":3,"name":"TV LED 24NE4000, HD Ready, 60 cm"}]},{"@type":"WebSite","@id":"https:\/\/nei-tv.com\/#website","url":"https:\/\/nei-tv.com\/","name":"NEI TV","description":"NEI","publisher":{"@id":"https:\/\/nei-tv.com\/#organization"},"potentialAction":[{"@type":"SearchAction","target":{"@type":"EntryPoint","urlTemplate":"https:\/\/nei-tv.com\/?s={search_term_string}"},"query-input":{"@type":"PropertyValueSpecification","valueRequired":true,"valueName":"search_term_string"}}],"inLanguage":"fr-FR"},{"@type":"Organization","@id":"https:\/\/nei-tv.com\/#organization","name":"NEI TV","url":"https:\/\/nei-tv.com\/","logo":{"@type":"ImageObject","inLanguage":"fr-FR","@id":"https:\/\/nei-tv.com\/#\/schema\/logo\/image\/","url":"https:\/\/nei-tv.com\/wp-content\/uploads\/2023\/09\/logo_nei_tv_black_en.svg","contentUrl":"https:\/\/nei-tv.com\/wp-content\/uploads\/2023\/09\/logo_nei_tv_black_en.svg","width":512,"height":205,"caption":"NEI TV"},"image":{"@id":"https:\/\/nei-tv.com\/#\/schema\/logo\/image\/"}}]}},"_links":{"self":[{"href":"https:\/\/nei-tv.com\/fr\/wp-json\/wp\/v2\/product\/1322","targetHints":{"allow":["GET"]}}],"collection":[{"href":"https:\/\/nei-tv.com\/fr\/wp-json\/wp\/v2\/product"}],"about":[{"href":"https:\/\/nei-tv.com\/fr\/wp-json\/wp\/v2\/types\/product"}],"replies":[{"embeddable":true,"href":"https:\/\/nei-tv.com\/fr\/wp-json\/wp\/v2\/comments?post=1322"}],"version-history":[{"count":5,"href":"https:\/\/nei-tv.com\/fr\/wp-json\/wp\/v2\/product\/1322\/revisions"}],"predecessor-version":[{"id":2033,"href":"https:\/\/nei-tv.com\/fr\/wp-json\/wp\/v2\/product\/1322\/revisions\/2033"}],"wp:featuredmedia":[{"embeddable":true,"href":"https:\/\/nei-tv.com\/fr\/wp-json\/wp\/v2\/media\/2092"}],"wp:attachment":[{"href":"https:\/\/nei-tv.com\/fr\/wp-json\/wp\/v2\/media?parent=1322"}],"wp:term":[{"taxonomy":"product_brand","embeddable":true,"href":"https:\/\/nei-tv.com\/fr\/wp-json\/wp\/v2\/product_brand?post=1322"},{"taxonomy":"product_cat","embeddable":true,"href":"https:\/\/nei-tv.com\/fr\/wp-json\/wp\/v2\/product_cat?post=1322"},{"taxonomy":"product_tag","embeddable":true,"href":"https:\/\/nei-tv.com\/fr\/wp-json\/wp\/v2\/product_tag?post=1322"}],"curies":[{"name":"wp","href":"https:\/\/api.w.org\/{rel}","templated":true}]}}