{"id":1462,"date":"2023-11-03T02:17:45","date_gmt":"2023-11-02T23:17:45","guid":{"rendered":"https:\/\/nei-tv.com\/?post_type=product&#038;p=1462"},"modified":"2025-10-29T23:41:35","modified_gmt":"2025-10-29T20:41:35","slug":"smart-tv-40ne6800-webos-4k-ultra-hd-100-cm-wifi-ci","status":"publish","type":"product","link":"https:\/\/nei-tv.com\/fr\/produit\/smart-tv-40ne6800-webos-4k-ultra-hd-100-cm-wifi-ci\/","title":{"rendered":"Smart TV 40NE6800, WebOS 4K, Ultra HD, 100 cm, WiFi, CI+"},"content":{"rendered":"<p><img decoding=\"async\" class=\"wp-image-1471 size-full aligncenter\" src=\"https:\/\/nei-tv.com\/wp-content\/uploads\/2023\/11\/40NE6800.jpg\" alt=\"\" width=\"100%\" srcset=\"https:\/\/nei-tv.com\/wp-content\/uploads\/2023\/11\/40NE6800.jpg 900w, https:\/\/nei-tv.com\/wp-content\/uploads\/2023\/11\/40NE6800-300x180.jpg 300w, https:\/\/nei-tv.com\/wp-content\/uploads\/2023\/11\/40NE6800-768x461.jpg 768w, https:\/\/nei-tv.com\/wp-content\/uploads\/2023\/11\/40NE6800-18x12.jpg 18w, https:\/\/nei-tv.com\/wp-content\/uploads\/2023\/11\/40NE6800-600x360.jpg 600w\" sizes=\"(max-width: 900px) 100vw, 900px\" \/><br \/>\nLa Smart TV NEI 40NE6800 dispose d'un \u00e9cran LED, r\u00e9solution 3840 x 2160 Ultra HD\/ 4K, sp\u00e9cialement cr\u00e9\u00e9 pour mettre en valeur la clart\u00e9 et la qualit\u00e9 des images lues, afin que vous puissiez profiter de la plus haute qualit\u00e9 et performance.<\/p>\n<p>Gr\u00e2ce \u00e0 la fonction Screen Mirroring, vous pouvez utiliser les performances du t\u00e9l\u00e9viseur intelligent LED NEI 40NE6800 pour lire des images, des vid\u00e9os et m\u00eame des jeux depuis votre t\u00e9l\u00e9phone ou votre tablette.<\/p>\n<p>Avec une diagonale de 101 cm et un lecteur multim\u00e9dia int\u00e9gr\u00e9, la Smart TV LED NEI 40NE6800 apporte \u00e0 ses utilisateurs une qualit\u00e9 vid\u00e9o et audio, disposant \u00e9galement d'un syst\u00e8me d'exploitation Web OS, avec une interface simple \u00e0 utiliser.<\/p>\n<p>Le syst\u00e8me webOS a \u00e9t\u00e9 repens\u00e9, conservant \u00e0 la fois la carte UI et une fonction appel\u00e9e \u00ab Commutation simple \u00bb des applications TV. Cette fonctionnalit\u00e9 permet une utilisation plus facile du mod\u00e8le 40NE6800 en \u00e9liminant les temps d'attente lors du changement de cha\u00eene.<\/p>\n<p>En tant que Smart TV, le NEI 40NE6800 est livr\u00e9 avec un mode Wi-Fi\/Lan int\u00e9gr\u00e9, vous aidant \u00e0 regarder votre contenu pr\u00e9f\u00e9r\u00e9 sur Internet ou des applications telles que Netflix, HBO GO et autres !<\/p>\n<p>Pr\u00e9sente en Roumanie depuis 1993, la marque NEI ram\u00e8ne des t\u00e9l\u00e9viseurs de derni\u00e8re g\u00e9n\u00e9ration \u00e0 des prix abordables. D\u00e9sormais, la qualit\u00e9 est accessible \u00e0 tous, r\u00e9unissant toute la famille pour profiter de ses \u00e9missions et films pr\u00e9f\u00e9r\u00e9s.<\/p>\n<p>Regardez des films, des \u00e9missions, des retransmissions sportives et tous les moments de vacances enregistr\u00e9s avec la cam\u00e9ra\/vid\u00e9o avec vos proches en r\u00e9solution maximale. La qualit\u00e9 de l'image vous emm\u00e8nera au centre de l'action.<\/p>\n<p>Partagez le bon contenu \u00e0 partir de plusieurs appareils directement sur l'\u00e9cran du t\u00e9l\u00e9viseur NEI. De cette fa\u00e7on, vous pourrez profiter de vos choix personnels et contr\u00f4ler ce que vous regardez. Tout est simple et facile \u00e0 utiliser.<\/p>\n<p>A l'aide de l'interface CI+, vous vous d\u00e9barrassez de la deuxi\u00e8me t\u00e9l\u00e9commande TV Box fournie par votre c\u00e2blo-op\u00e9rateur et contr\u00f4lez les cha\u00eenes TV directement depuis la t\u00e9l\u00e9commande NEI TV. Rien de plus simple !<\/p>","protected":false},"excerpt":{"rendered":"<p>La Smart TV NEI 40NE6800 dispose d'un \u00e9cran LED, r\u00e9solution 3840 x 2160 Ultra HD\/ 4K, sp\u00e9cialement cr\u00e9\u00e9 pour mettre en valeur la clart\u00e9 et la qualit\u00e9 des images lues, afin que vous puissiez profiter de la plus haute qualit\u00e9 et performance.<\/p>","protected":false},"featured_media":2106,"comment_status":"open","ping_status":"closed","template":"","meta":[],"product_brand":[],"product_cat":[24,27],"product_tag":[],"class_list":{"0":"post-1462","1":"product","2":"type-product","3":"status-publish","4":"has-post-thumbnail","6":"product_cat-webos-tv","7":"product_cat-webos-tv-uhd-4k","9":"first","10":"instock","11":"shipping-taxable","12":"product-type-simple"},"yoast_head":"<!-- This site is optimized with the Yoast SEO plugin v24.7 - https:\/\/yoast.com\/wordpress\/plugins\/seo\/ -->\n<title>Smart TV 40NE6800, WebOS 4K, Ultra HD, 100 cm, WiFi, CI+ - NEI TV<\/title>\n<meta name=\"robots\" content=\"index, follow, max-snippet:-1, max-image-preview:large, max-video-preview:-1\" \/>\n<link rel=\"canonical\" href=\"https:\/\/nei-tv.com\/fr\/produit\/smart-tv-40ne6800-webos-4k-ultra-hd-100-cm-wifi-ci\/\" \/>\n<meta property=\"og:locale\" content=\"fr_FR\" \/>\n<meta property=\"og:type\" content=\"article\" \/>\n<meta property=\"og:title\" content=\"Smart TV 40NE6800, WebOS 4K, Ultra HD, 100 cm, WiFi, CI+ - NEI TV\" \/>\n<meta property=\"og:description\" content=\"The Smart TV NEI 40NE6800 has an LED display, resolution 3840 x 2160 Ultra HD\/ 4K, specially created to highlight the clarity and quality of the images played, so you can enjoy the highest quality and performance.\" \/>\n<meta property=\"og:url\" content=\"https:\/\/nei-tv.com\/fr\/produit\/smart-tv-40ne6800-webos-4k-ultra-hd-100-cm-wifi-ci\/\" \/>\n<meta property=\"og:site_name\" content=\"NEI TV\" \/>\n<meta property=\"article:modified_time\" content=\"2025-10-29T20:41:35+00:00\" \/>\n<meta property=\"og:image\" content=\"https:\/\/nei-tv.com\/wp-content\/uploads\/2023\/11\/NEI-40NE6800.jpg\" \/>\n\t<meta property=\"og:image:width\" content=\"1000\" \/>\n\t<meta property=\"og:image:height\" content=\"1000\" \/>\n\t<meta property=\"og:image:type\" content=\"image\/jpeg\" \/>\n<meta name=\"twitter:card\" content=\"summary_large_image\" \/>\n<meta name=\"twitter:label1\" content=\"Dur\u00e9e de lecture estim\u00e9e\" \/>\n\t<meta name=\"twitter:data1\" content=\"2 minutes\" \/>\n<script type=\"application\/ld+json\" class=\"yoast-schema-graph\">{\"@context\":\"https:\/\/schema.org\",\"@graph\":[{\"@type\":\"WebPage\",\"@id\":\"https:\/\/nei-tv.com\/product\/smart-tv-40ne6800-webos-4k-ultra-hd-100-cm-wifi-ci\/\",\"url\":\"https:\/\/nei-tv.com\/product\/smart-tv-40ne6800-webos-4k-ultra-hd-100-cm-wifi-ci\/\",\"name\":\"Smart TV 40NE6800, WebOS 4K, Ultra HD, 100 cm, WiFi, CI+ - NEI TV\",\"isPartOf\":{\"@id\":\"https:\/\/nei-tv.com\/#website\"},\"primaryImageOfPage\":{\"@id\":\"https:\/\/nei-tv.com\/product\/smart-tv-40ne6800-webos-4k-ultra-hd-100-cm-wifi-ci\/#primaryimage\"},\"image\":{\"@id\":\"https:\/\/nei-tv.com\/product\/smart-tv-40ne6800-webos-4k-ultra-hd-100-cm-wifi-ci\/#primaryimage\"},\"thumbnailUrl\":\"https:\/\/nei-tv.com\/wp-content\/uploads\/2023\/11\/NEI-40NE6800.jpg\",\"datePublished\":\"2023-11-02T23:17:45+00:00\",\"dateModified\":\"2025-10-29T20:41:35+00:00\",\"breadcrumb\":{\"@id\":\"https:\/\/nei-tv.com\/product\/smart-tv-40ne6800-webos-4k-ultra-hd-100-cm-wifi-ci\/#breadcrumb\"},\"inLanguage\":\"fr-FR\",\"potentialAction\":[{\"@type\":\"ReadAction\",\"target\":[\"https:\/\/nei-tv.com\/product\/smart-tv-40ne6800-webos-4k-ultra-hd-100-cm-wifi-ci\/\"]}]},{\"@type\":\"ImageObject\",\"inLanguage\":\"fr-FR\",\"@id\":\"https:\/\/nei-tv.com\/product\/smart-tv-40ne6800-webos-4k-ultra-hd-100-cm-wifi-ci\/#primaryimage\",\"url\":\"https:\/\/nei-tv.com\/wp-content\/uploads\/2023\/11\/NEI-40NE6800.jpg\",\"contentUrl\":\"https:\/\/nei-tv.com\/wp-content\/uploads\/2023\/11\/NEI-40NE6800.jpg\",\"width\":1000,\"height\":1000},{\"@type\":\"BreadcrumbList\",\"@id\":\"https:\/\/nei-tv.com\/product\/smart-tv-40ne6800-webos-4k-ultra-hd-100-cm-wifi-ci\/#breadcrumb\",\"itemListElement\":[{\"@type\":\"ListItem\",\"position\":1,\"name\":\"Home\",\"item\":\"https:\/\/nei-tv.com\/\"},{\"@type\":\"ListItem\",\"position\":2,\"name\":\"Shop\",\"item\":\"https:\/\/nei-tv.com\/shop\/\"},{\"@type\":\"ListItem\",\"position\":3,\"name\":\"Smart TV 40NE6800, WebOS 4K, Ultra HD, 100 cm, WiFi, CI+\"}]},{\"@type\":\"WebSite\",\"@id\":\"https:\/\/nei-tv.com\/#website\",\"url\":\"https:\/\/nei-tv.com\/\",\"name\":\"NEI TV\",\"description\":\"NEI\",\"publisher\":{\"@id\":\"https:\/\/nei-tv.com\/#organization\"},\"potentialAction\":[{\"@type\":\"SearchAction\",\"target\":{\"@type\":\"EntryPoint\",\"urlTemplate\":\"https:\/\/nei-tv.com\/?s={search_term_string}\"},\"query-input\":{\"@type\":\"PropertyValueSpecification\",\"valueRequired\":true,\"valueName\":\"search_term_string\"}}],\"inLanguage\":\"fr-FR\"},{\"@type\":\"Organization\",\"@id\":\"https:\/\/nei-tv.com\/#organization\",\"name\":\"NEI TV\",\"url\":\"https:\/\/nei-tv.com\/\",\"logo\":{\"@type\":\"ImageObject\",\"inLanguage\":\"fr-FR\",\"@id\":\"https:\/\/nei-tv.com\/#\/schema\/logo\/image\/\",\"url\":\"https:\/\/nei-tv.com\/wp-content\/uploads\/2023\/09\/logo_nei_tv_black_en.svg\",\"contentUrl\":\"https:\/\/nei-tv.com\/wp-content\/uploads\/2023\/09\/logo_nei_tv_black_en.svg\",\"width\":512,\"height\":205,\"caption\":\"NEI TV\"},\"image\":{\"@id\":\"https:\/\/nei-tv.com\/#\/schema\/logo\/image\/\"}}]}<\/script>\n<!-- \/ Yoast SEO plugin. -->","yoast_head_json":{"title":"Smart TV 40NE6800, WebOS 4K, Ultra HD, 100 cm, WiFi, CI+ - NEI TV","robots":{"index":"index","follow":"follow","max-snippet":"max-snippet:-1","max-image-preview":"max-image-preview:large","max-video-preview":"max-video-preview:-1"},"canonical":"https:\/\/nei-tv.com\/fr\/produit\/smart-tv-40ne6800-webos-4k-ultra-hd-100-cm-wifi-ci\/","og_locale":"fr_FR","og_type":"article","og_title":"Smart TV 40NE6800, WebOS 4K, Ultra HD, 100 cm, WiFi, CI+ - NEI TV","og_description":"The Smart TV NEI 40NE6800 has an LED display, resolution 3840 x 2160 Ultra HD\/ 4K, specially created to highlight the clarity and quality of the images played, so you can enjoy the highest quality and performance.","og_url":"https:\/\/nei-tv.com\/fr\/produit\/smart-tv-40ne6800-webos-4k-ultra-hd-100-cm-wifi-ci\/","og_site_name":"NEI TV","article_modified_time":"2025-10-29T20:41:35+00:00","og_image":[{"width":1000,"height":1000,"url":"https:\/\/nei-tv.com\/wp-content\/uploads\/2023\/11\/NEI-40NE6800.jpg","type":"image\/jpeg"}],"twitter_card":"summary_large_image","twitter_misc":{"Dur\u00e9e de lecture estim\u00e9e":"2 minutes"},"schema":{"@context":"https:\/\/schema.org","@graph":[{"@type":"WebPage","@id":"https:\/\/nei-tv.com\/product\/smart-tv-40ne6800-webos-4k-ultra-hd-100-cm-wifi-ci\/","url":"https:\/\/nei-tv.com\/product\/smart-tv-40ne6800-webos-4k-ultra-hd-100-cm-wifi-ci\/","name":"Smart TV 40NE6800, WebOS 4K, Ultra HD, 100 cm, WiFi, CI+ - NEI TV","isPartOf":{"@id":"https:\/\/nei-tv.com\/#website"},"primaryImageOfPage":{"@id":"https:\/\/nei-tv.com\/product\/smart-tv-40ne6800-webos-4k-ultra-hd-100-cm-wifi-ci\/#primaryimage"},"image":{"@id":"https:\/\/nei-tv.com\/product\/smart-tv-40ne6800-webos-4k-ultra-hd-100-cm-wifi-ci\/#primaryimage"},"thumbnailUrl":"https:\/\/nei-tv.com\/wp-content\/uploads\/2023\/11\/NEI-40NE6800.jpg","datePublished":"2023-11-02T23:17:45+00:00","dateModified":"2025-10-29T20:41:35+00:00","breadcrumb":{"@id":"https:\/\/nei-tv.com\/product\/smart-tv-40ne6800-webos-4k-ultra-hd-100-cm-wifi-ci\/#breadcrumb"},"inLanguage":"fr-FR","potentialAction":[{"@type":"ReadAction","target":["https:\/\/nei-tv.com\/product\/smart-tv-40ne6800-webos-4k-ultra-hd-100-cm-wifi-ci\/"]}]},{"@type":"ImageObject","inLanguage":"fr-FR","@id":"https:\/\/nei-tv.com\/product\/smart-tv-40ne6800-webos-4k-ultra-hd-100-cm-wifi-ci\/#primaryimage","url":"https:\/\/nei-tv.com\/wp-content\/uploads\/2023\/11\/NEI-40NE6800.jpg","contentUrl":"https:\/\/nei-tv.com\/wp-content\/uploads\/2023\/11\/NEI-40NE6800.jpg","width":1000,"height":1000},{"@type":"BreadcrumbList","@id":"https:\/\/nei-tv.com\/product\/smart-tv-40ne6800-webos-4k-ultra-hd-100-cm-wifi-ci\/#breadcrumb","itemListElement":[{"@type":"ListItem","position":1,"name":"Home","item":"https:\/\/nei-tv.com\/"},{"@type":"ListItem","position":2,"name":"Shop","item":"https:\/\/nei-tv.com\/shop\/"},{"@type":"ListItem","position":3,"name":"Smart TV 40NE6800, WebOS 4K, Ultra HD, 100 cm, WiFi, CI+"}]},{"@type":"WebSite","@id":"https:\/\/nei-tv.com\/#website","url":"https:\/\/nei-tv.com\/","name":"NEI TV","description":"NEI","publisher":{"@id":"https:\/\/nei-tv.com\/#organization"},"potentialAction":[{"@type":"SearchAction","target":{"@type":"EntryPoint","urlTemplate":"https:\/\/nei-tv.com\/?s={search_term_string}"},"query-input":{"@type":"PropertyValueSpecification","valueRequired":true,"valueName":"search_term_string"}}],"inLanguage":"fr-FR"},{"@type":"Organization","@id":"https:\/\/nei-tv.com\/#organization","name":"NEI TV","url":"https:\/\/nei-tv.com\/","logo":{"@type":"ImageObject","inLanguage":"fr-FR","@id":"https:\/\/nei-tv.com\/#\/schema\/logo\/image\/","url":"https:\/\/nei-tv.com\/wp-content\/uploads\/2023\/09\/logo_nei_tv_black_en.svg","contentUrl":"https:\/\/nei-tv.com\/wp-content\/uploads\/2023\/09\/logo_nei_tv_black_en.svg","width":512,"height":205,"caption":"NEI TV"},"image":{"@id":"https:\/\/nei-tv.com\/#\/schema\/logo\/image\/"}}]}},"_links":{"self":[{"href":"https:\/\/nei-tv.com\/fr\/wp-json\/wp\/v2\/product\/1462","targetHints":{"allow":["GET"]}}],"collection":[{"href":"https:\/\/nei-tv.com\/fr\/wp-json\/wp\/v2\/product"}],"about":[{"href":"https:\/\/nei-tv.com\/fr\/wp-json\/wp\/v2\/types\/product"}],"replies":[{"embeddable":true,"href":"https:\/\/nei-tv.com\/fr\/wp-json\/wp\/v2\/comments?post=1462"}],"version-history":[{"count":4,"href":"https:\/\/nei-tv.com\/fr\/wp-json\/wp\/v2\/product\/1462\/revisions"}],"predecessor-version":[{"id":1851,"href":"https:\/\/nei-tv.com\/fr\/wp-json\/wp\/v2\/product\/1462\/revisions\/1851"}],"wp:featuredmedia":[{"embeddable":true,"href":"https:\/\/nei-tv.com\/fr\/wp-json\/wp\/v2\/media\/2106"}],"wp:attachment":[{"href":"https:\/\/nei-tv.com\/fr\/wp-json\/wp\/v2\/media?parent=1462"}],"wp:term":[{"taxonomy":"product_brand","embeddable":true,"href":"https:\/\/nei-tv.com\/fr\/wp-json\/wp\/v2\/product_brand?post=1462"},{"taxonomy":"product_cat","embeddable":true,"href":"https:\/\/nei-tv.com\/fr\/wp-json\/wp\/v2\/product_cat?post=1462"},{"taxonomy":"product_tag","embeddable":true,"href":"https:\/\/nei-tv.com\/fr\/wp-json\/wp\/v2\/product_tag?post=1462"}],"curies":[{"name":"wp","href":"https:\/\/api.w.org\/{rel}","templated":true}]}}