{"id":1462,"date":"2023-11-03T02:17:45","date_gmt":"2023-11-02T23:17:45","guid":{"rendered":"https:\/\/nei-tv.com\/?post_type=product&#038;p=1462"},"modified":"2025-10-29T23:41:35","modified_gmt":"2025-10-29T20:41:35","slug":"smart-tv-40ne6800-webos-4k-ultra-hd-100-cm-wifi-ci","status":"publish","type":"product","link":"https:\/\/nei-tv.com\/it\/prodotto\/smart-tv-40ne6800-webos-4k-ultra-hd-100-cm-wifi-ci\/","title":{"rendered":"Smart TV 40NE6800, WebOS 4K, Ultra HD, 100 cm, WiFi, CI+"},"content":{"rendered":"<p><img decoding=\"async\" class=\"wp-image-1471 size-full aligncenter\" src=\"https:\/\/nei-tv.com\/wp-content\/uploads\/2023\/11\/40NE6800.jpg\" alt=\"\" width=\"100%\" srcset=\"https:\/\/nei-tv.com\/wp-content\/uploads\/2023\/11\/40NE6800.jpg 900w, https:\/\/nei-tv.com\/wp-content\/uploads\/2023\/11\/40NE6800-300x180.jpg 300w, https:\/\/nei-tv.com\/wp-content\/uploads\/2023\/11\/40NE6800-768x461.jpg 768w, https:\/\/nei-tv.com\/wp-content\/uploads\/2023\/11\/40NE6800-18x12.jpg 18w, https:\/\/nei-tv.com\/wp-content\/uploads\/2023\/11\/40NE6800-600x360.jpg 600w\" sizes=\"(max-width: 900px) 100vw, 900px\" \/><br \/>\nLo Smart TV NEI 40NE6800 \u00e8 dotato di un display LED, risoluzione 3840 x 2160 Ultra HD\/ 4K, creato appositamente per evidenziare la chiarezza e la qualit\u00e0 delle immagini riprodotte, cos\u00ec puoi goderti la massima qualit\u00e0 e prestazioni.<\/p>\n<p>Con l'aiuto della funzione Screen Mirroring puoi sfruttare le prestazioni dello Smart TV LED NEI 40NE6800 per riprodurre immagini, video e persino giochi dal tuo telefono o tablet.<\/p>\n<p>Con una diagonale di 101 cm e un lettore multimediale integrato, la Smart TV LED NEI 40NE6800 offre ai suoi utenti sia qualit\u00e0 video che audio, disponendo anche di un sistema operativo Web OS, con un'interfaccia facile da usare.<\/p>\n<p>Il sistema webOS \u00e8 stato riprogettato, mantenendo sia la scheda UI che una funzione chiamata \u201cCambio semplice\u201d delle applicazioni TV. Questa funzionalit\u00e0 consente un utilizzo pi\u00f9 semplice del modello 40NE6800 eliminando i tempi di attesa quando si cambia canale.<\/p>\n<p>Essendo una Smart TV, NEI 40NE6800 \u00e8 dotato di modalit\u00e0 Wi-Fi\/Lan integrata, che ti aiuta a guardare i tuoi contenuti preferiti su Internet o applicazioni come Netflix, HBO GO e altri!<\/p>\n<p>Presente in Romania dal 1993, il marchio NEI ripropone i televisori di ultima generazione a prezzi accessibili. Ora la qualit\u00e0 \u00e8 accessibile a tutti, riunendo tutta la famiglia per godersi i propri programmi e film preferiti.<\/p>\n<p>Guarda film, spettacoli, trasmissioni sportive e tutti i momenti di vacanza registrati con la telecamera\/video insieme ai tuoi cari nella massima risoluzione. La qualit\u00e0 dell'immagine ti porter\u00e0 al centro dell'azione.<\/p>\n<p>Condividi i contenuti giusti da pi\u00f9 dispositivi direttamente sullo schermo del NEI TV. In questo modo potrai goderti le tue scelte personali e controllare ci\u00f2 che guardi. Tutto \u00e8 semplice e facile da usare.<\/p>\n<p>Con l'aiuto dell'interfaccia CI+ potrete liberarvi del secondo telecomando TV Box fornito dal vostro operatore via cavo e controllare i canali TV direttamente dal telecomando NEI TV. Niente di pi\u00f9 facile!<\/p>","protected":false},"excerpt":{"rendered":"<p>Lo Smart TV NEI 40NE6800 \u00e8 dotato di un display LED, risoluzione 3840 x 2160 Ultra HD\/ 4K, creato appositamente per evidenziare la chiarezza e la qualit\u00e0 delle immagini riprodotte, cos\u00ec puoi goderti la massima qualit\u00e0 e prestazioni.<\/p>","protected":false},"featured_media":2106,"comment_status":"open","ping_status":"closed","template":"","meta":[],"product_brand":[],"product_cat":[24,27],"product_tag":[],"class_list":{"0":"post-1462","1":"product","2":"type-product","3":"status-publish","4":"has-post-thumbnail","6":"product_cat-webos-tv","7":"product_cat-webos-tv-uhd-4k","9":"first","10":"instock","11":"shipping-taxable","12":"product-type-simple"},"yoast_head":"<!-- This site is optimized with the Yoast SEO plugin v24.7 - https:\/\/yoast.com\/wordpress\/plugins\/seo\/ -->\n<title>Smart TV 40NE6800, WebOS 4K, Ultra HD, 100 cm, WiFi, CI+ - NEI TV<\/title>\n<meta name=\"robots\" content=\"index, follow, max-snippet:-1, max-image-preview:large, max-video-preview:-1\" \/>\n<link rel=\"canonical\" href=\"https:\/\/nei-tv.com\/it\/prodotto\/smart-tv-40ne6800-webos-4k-ultra-hd-100-cm-wifi-ci\/\" \/>\n<meta property=\"og:locale\" content=\"it_IT\" \/>\n<meta property=\"og:type\" content=\"article\" \/>\n<meta property=\"og:title\" content=\"Smart TV 40NE6800, WebOS 4K, Ultra HD, 100 cm, WiFi, CI+ - NEI TV\" \/>\n<meta property=\"og:description\" content=\"The Smart TV NEI 40NE6800 has an LED display, resolution 3840 x 2160 Ultra HD\/ 4K, specially created to highlight the clarity and quality of the images played, so you can enjoy the highest quality and performance.\" \/>\n<meta property=\"og:url\" content=\"https:\/\/nei-tv.com\/it\/prodotto\/smart-tv-40ne6800-webos-4k-ultra-hd-100-cm-wifi-ci\/\" \/>\n<meta property=\"og:site_name\" content=\"NEI TV\" \/>\n<meta property=\"article:modified_time\" content=\"2025-10-29T20:41:35+00:00\" \/>\n<meta property=\"og:image\" content=\"https:\/\/nei-tv.com\/wp-content\/uploads\/2023\/11\/NEI-40NE6800.jpg\" \/>\n\t<meta property=\"og:image:width\" content=\"1000\" \/>\n\t<meta property=\"og:image:height\" content=\"1000\" \/>\n\t<meta property=\"og:image:type\" content=\"image\/jpeg\" \/>\n<meta name=\"twitter:card\" content=\"summary_large_image\" \/>\n<meta name=\"twitter:label1\" content=\"Tempo di lettura stimato\" \/>\n\t<meta name=\"twitter:data1\" content=\"2 minuti\" \/>\n<script type=\"application\/ld+json\" class=\"yoast-schema-graph\">{\"@context\":\"https:\/\/schema.org\",\"@graph\":[{\"@type\":\"WebPage\",\"@id\":\"https:\/\/nei-tv.com\/product\/smart-tv-40ne6800-webos-4k-ultra-hd-100-cm-wifi-ci\/\",\"url\":\"https:\/\/nei-tv.com\/product\/smart-tv-40ne6800-webos-4k-ultra-hd-100-cm-wifi-ci\/\",\"name\":\"Smart TV 40NE6800, WebOS 4K, Ultra HD, 100 cm, WiFi, CI+ - NEI TV\",\"isPartOf\":{\"@id\":\"https:\/\/nei-tv.com\/#website\"},\"primaryImageOfPage\":{\"@id\":\"https:\/\/nei-tv.com\/product\/smart-tv-40ne6800-webos-4k-ultra-hd-100-cm-wifi-ci\/#primaryimage\"},\"image\":{\"@id\":\"https:\/\/nei-tv.com\/product\/smart-tv-40ne6800-webos-4k-ultra-hd-100-cm-wifi-ci\/#primaryimage\"},\"thumbnailUrl\":\"https:\/\/nei-tv.com\/wp-content\/uploads\/2023\/11\/NEI-40NE6800.jpg\",\"datePublished\":\"2023-11-02T23:17:45+00:00\",\"dateModified\":\"2025-10-29T20:41:35+00:00\",\"breadcrumb\":{\"@id\":\"https:\/\/nei-tv.com\/product\/smart-tv-40ne6800-webos-4k-ultra-hd-100-cm-wifi-ci\/#breadcrumb\"},\"inLanguage\":\"it-IT\",\"potentialAction\":[{\"@type\":\"ReadAction\",\"target\":[\"https:\/\/nei-tv.com\/product\/smart-tv-40ne6800-webos-4k-ultra-hd-100-cm-wifi-ci\/\"]}]},{\"@type\":\"ImageObject\",\"inLanguage\":\"it-IT\",\"@id\":\"https:\/\/nei-tv.com\/product\/smart-tv-40ne6800-webos-4k-ultra-hd-100-cm-wifi-ci\/#primaryimage\",\"url\":\"https:\/\/nei-tv.com\/wp-content\/uploads\/2023\/11\/NEI-40NE6800.jpg\",\"contentUrl\":\"https:\/\/nei-tv.com\/wp-content\/uploads\/2023\/11\/NEI-40NE6800.jpg\",\"width\":1000,\"height\":1000},{\"@type\":\"BreadcrumbList\",\"@id\":\"https:\/\/nei-tv.com\/product\/smart-tv-40ne6800-webos-4k-ultra-hd-100-cm-wifi-ci\/#breadcrumb\",\"itemListElement\":[{\"@type\":\"ListItem\",\"position\":1,\"name\":\"Home\",\"item\":\"https:\/\/nei-tv.com\/\"},{\"@type\":\"ListItem\",\"position\":2,\"name\":\"Shop\",\"item\":\"https:\/\/nei-tv.com\/shop\/\"},{\"@type\":\"ListItem\",\"position\":3,\"name\":\"Smart TV 40NE6800, WebOS 4K, Ultra HD, 100 cm, WiFi, CI+\"}]},{\"@type\":\"WebSite\",\"@id\":\"https:\/\/nei-tv.com\/#website\",\"url\":\"https:\/\/nei-tv.com\/\",\"name\":\"NEI TV\",\"description\":\"NEI\",\"publisher\":{\"@id\":\"https:\/\/nei-tv.com\/#organization\"},\"potentialAction\":[{\"@type\":\"SearchAction\",\"target\":{\"@type\":\"EntryPoint\",\"urlTemplate\":\"https:\/\/nei-tv.com\/?s={search_term_string}\"},\"query-input\":{\"@type\":\"PropertyValueSpecification\",\"valueRequired\":true,\"valueName\":\"search_term_string\"}}],\"inLanguage\":\"it-IT\"},{\"@type\":\"Organization\",\"@id\":\"https:\/\/nei-tv.com\/#organization\",\"name\":\"NEI TV\",\"url\":\"https:\/\/nei-tv.com\/\",\"logo\":{\"@type\":\"ImageObject\",\"inLanguage\":\"it-IT\",\"@id\":\"https:\/\/nei-tv.com\/#\/schema\/logo\/image\/\",\"url\":\"https:\/\/nei-tv.com\/wp-content\/uploads\/2023\/09\/logo_nei_tv_black_en.svg\",\"contentUrl\":\"https:\/\/nei-tv.com\/wp-content\/uploads\/2023\/09\/logo_nei_tv_black_en.svg\",\"width\":512,\"height\":205,\"caption\":\"NEI TV\"},\"image\":{\"@id\":\"https:\/\/nei-tv.com\/#\/schema\/logo\/image\/\"}}]}<\/script>\n<!-- \/ Yoast SEO plugin. -->","yoast_head_json":{"title":"Smart TV 40NE6800, WebOS 4K, Ultra HD, 100 cm, WiFi, CI+ - NEI TV","robots":{"index":"index","follow":"follow","max-snippet":"max-snippet:-1","max-image-preview":"max-image-preview:large","max-video-preview":"max-video-preview:-1"},"canonical":"https:\/\/nei-tv.com\/it\/prodotto\/smart-tv-40ne6800-webos-4k-ultra-hd-100-cm-wifi-ci\/","og_locale":"it_IT","og_type":"article","og_title":"Smart TV 40NE6800, WebOS 4K, Ultra HD, 100 cm, WiFi, CI+ - NEI TV","og_description":"The Smart TV NEI 40NE6800 has an LED display, resolution 3840 x 2160 Ultra HD\/ 4K, specially created to highlight the clarity and quality of the images played, so you can enjoy the highest quality and performance.","og_url":"https:\/\/nei-tv.com\/it\/prodotto\/smart-tv-40ne6800-webos-4k-ultra-hd-100-cm-wifi-ci\/","og_site_name":"NEI TV","article_modified_time":"2025-10-29T20:41:35+00:00","og_image":[{"width":1000,"height":1000,"url":"https:\/\/nei-tv.com\/wp-content\/uploads\/2023\/11\/NEI-40NE6800.jpg","type":"image\/jpeg"}],"twitter_card":"summary_large_image","twitter_misc":{"Tempo di lettura stimato":"2 minuti"},"schema":{"@context":"https:\/\/schema.org","@graph":[{"@type":"WebPage","@id":"https:\/\/nei-tv.com\/product\/smart-tv-40ne6800-webos-4k-ultra-hd-100-cm-wifi-ci\/","url":"https:\/\/nei-tv.com\/product\/smart-tv-40ne6800-webos-4k-ultra-hd-100-cm-wifi-ci\/","name":"Smart TV 40NE6800, WebOS 4K, Ultra HD, 100 cm, WiFi, CI+ - NEI TV","isPartOf":{"@id":"https:\/\/nei-tv.com\/#website"},"primaryImageOfPage":{"@id":"https:\/\/nei-tv.com\/product\/smart-tv-40ne6800-webos-4k-ultra-hd-100-cm-wifi-ci\/#primaryimage"},"image":{"@id":"https:\/\/nei-tv.com\/product\/smart-tv-40ne6800-webos-4k-ultra-hd-100-cm-wifi-ci\/#primaryimage"},"thumbnailUrl":"https:\/\/nei-tv.com\/wp-content\/uploads\/2023\/11\/NEI-40NE6800.jpg","datePublished":"2023-11-02T23:17:45+00:00","dateModified":"2025-10-29T20:41:35+00:00","breadcrumb":{"@id":"https:\/\/nei-tv.com\/product\/smart-tv-40ne6800-webos-4k-ultra-hd-100-cm-wifi-ci\/#breadcrumb"},"inLanguage":"it-IT","potentialAction":[{"@type":"ReadAction","target":["https:\/\/nei-tv.com\/product\/smart-tv-40ne6800-webos-4k-ultra-hd-100-cm-wifi-ci\/"]}]},{"@type":"ImageObject","inLanguage":"it-IT","@id":"https:\/\/nei-tv.com\/product\/smart-tv-40ne6800-webos-4k-ultra-hd-100-cm-wifi-ci\/#primaryimage","url":"https:\/\/nei-tv.com\/wp-content\/uploads\/2023\/11\/NEI-40NE6800.jpg","contentUrl":"https:\/\/nei-tv.com\/wp-content\/uploads\/2023\/11\/NEI-40NE6800.jpg","width":1000,"height":1000},{"@type":"BreadcrumbList","@id":"https:\/\/nei-tv.com\/product\/smart-tv-40ne6800-webos-4k-ultra-hd-100-cm-wifi-ci\/#breadcrumb","itemListElement":[{"@type":"ListItem","position":1,"name":"Home","item":"https:\/\/nei-tv.com\/"},{"@type":"ListItem","position":2,"name":"Shop","item":"https:\/\/nei-tv.com\/shop\/"},{"@type":"ListItem","position":3,"name":"Smart TV 40NE6800, WebOS 4K, Ultra HD, 100 cm, WiFi, CI+"}]},{"@type":"WebSite","@id":"https:\/\/nei-tv.com\/#website","url":"https:\/\/nei-tv.com\/","name":"NEI TV","description":"NEI","publisher":{"@id":"https:\/\/nei-tv.com\/#organization"},"potentialAction":[{"@type":"SearchAction","target":{"@type":"EntryPoint","urlTemplate":"https:\/\/nei-tv.com\/?s={search_term_string}"},"query-input":{"@type":"PropertyValueSpecification","valueRequired":true,"valueName":"search_term_string"}}],"inLanguage":"it-IT"},{"@type":"Organization","@id":"https:\/\/nei-tv.com\/#organization","name":"NEI TV","url":"https:\/\/nei-tv.com\/","logo":{"@type":"ImageObject","inLanguage":"it-IT","@id":"https:\/\/nei-tv.com\/#\/schema\/logo\/image\/","url":"https:\/\/nei-tv.com\/wp-content\/uploads\/2023\/09\/logo_nei_tv_black_en.svg","contentUrl":"https:\/\/nei-tv.com\/wp-content\/uploads\/2023\/09\/logo_nei_tv_black_en.svg","width":512,"height":205,"caption":"NEI TV"},"image":{"@id":"https:\/\/nei-tv.com\/#\/schema\/logo\/image\/"}}]}},"_links":{"self":[{"href":"https:\/\/nei-tv.com\/it\/wp-json\/wp\/v2\/product\/1462","targetHints":{"allow":["GET"]}}],"collection":[{"href":"https:\/\/nei-tv.com\/it\/wp-json\/wp\/v2\/product"}],"about":[{"href":"https:\/\/nei-tv.com\/it\/wp-json\/wp\/v2\/types\/product"}],"replies":[{"embeddable":true,"href":"https:\/\/nei-tv.com\/it\/wp-json\/wp\/v2\/comments?post=1462"}],"version-history":[{"count":4,"href":"https:\/\/nei-tv.com\/it\/wp-json\/wp\/v2\/product\/1462\/revisions"}],"predecessor-version":[{"id":1851,"href":"https:\/\/nei-tv.com\/it\/wp-json\/wp\/v2\/product\/1462\/revisions\/1851"}],"wp:featuredmedia":[{"embeddable":true,"href":"https:\/\/nei-tv.com\/it\/wp-json\/wp\/v2\/media\/2106"}],"wp:attachment":[{"href":"https:\/\/nei-tv.com\/it\/wp-json\/wp\/v2\/media?parent=1462"}],"wp:term":[{"taxonomy":"product_brand","embeddable":true,"href":"https:\/\/nei-tv.com\/it\/wp-json\/wp\/v2\/product_brand?post=1462"},{"taxonomy":"product_cat","embeddable":true,"href":"https:\/\/nei-tv.com\/it\/wp-json\/wp\/v2\/product_cat?post=1462"},{"taxonomy":"product_tag","embeddable":true,"href":"https:\/\/nei-tv.com\/it\/wp-json\/wp\/v2\/product_tag?post=1462"}],"curies":[{"name":"wp","href":"https:\/\/api.w.org\/{rel}","templated":true}]}}