{"id":1322,"date":"2023-11-02T13:29:33","date_gmt":"2023-11-02T10:29:33","guid":{"rendered":"https:\/\/nei-tv.com\/?post_type=product&#038;p=1322"},"modified":"2024-02-15T14:29:16","modified_gmt":"2024-02-15T11:29:16","slug":"tv-led-24ne4000-hd-ready-60-cm","status":"publish","type":"product","link":"https:\/\/nei-tv.com\/ro\/produs\/tv-led-24ne4000-hd-ready-60-cm\/","title":{"rendered":"TV LED 24NE4000, HD Ready, 60 cm"},"content":{"rendered":"<p><img decoding=\"async\" class=\"wp-image-1329 size-full aligncenter\" src=\"https:\/\/nei-tv.com\/wp-content\/uploads\/2023\/11\/Nei_24NE4000.jpg\" alt=\"\" width=\"100%\" srcset=\"https:\/\/nei-tv.com\/wp-content\/uploads\/2023\/11\/Nei_24NE4000.jpg 824w, https:\/\/nei-tv.com\/wp-content\/uploads\/2023\/11\/Nei_24NE4000-300x164.jpg 300w, https:\/\/nei-tv.com\/wp-content\/uploads\/2023\/11\/Nei_24NE4000-768x419.jpg 768w, https:\/\/nei-tv.com\/wp-content\/uploads\/2023\/11\/Nei_24NE4000-18x10.jpg 18w, https:\/\/nei-tv.com\/wp-content\/uploads\/2023\/11\/Nei_24NE4000-600x328.jpg 600w\" sizes=\"(max-width: 824px) 100vw, 824px\" \/><\/p>\n<p>Televizor cu ecran LED, cu diagonala de 60 cm si rezolutie HD (1366\u00d7768). Ca interfa\u021b\u0103 enumeram: 1 port HDMI, 1 port USB, 1 slot CI+, 1 port Jack 3,5 mm, 1 port YPBPR, 1 port CVBS, 1 port VGA. Prezent \u00een Rom\u00e2nia din 1993, brandul NEI readuce televizoarele de ultim\u0103 genera\u021bie la pre\u021buri accesibile. Acum, calitatea este accesibil\u0103 tuturor, adun\u00e2nd \u00eentreaga familie pentru a se bucura de emisiunile \u0219i filmele preferate.<\/p>\n<p><img decoding=\"async\" class=\"wp-image-1330 size-full aligncenter\" src=\"https:\/\/nei-tv.com\/wp-content\/uploads\/2023\/11\/TV-LED-24NE4000.jpg\" alt=\"\" width=\"100%\" srcset=\"https:\/\/nei-tv.com\/wp-content\/uploads\/2023\/11\/TV-LED-24NE4000.jpg 500w, https:\/\/nei-tv.com\/wp-content\/uploads\/2023\/11\/TV-LED-24NE4000-300x144.jpg 300w, https:\/\/nei-tv.com\/wp-content\/uploads\/2023\/11\/TV-LED-24NE4000-18x9.jpg 18w\" sizes=\"(max-width: 500px) 100vw, 500px\" \/><\/p>\n<p>Televizorul NEI, cu aspect zvelt si modern, este potrivit pentru orice spatiu de locuit. Acum pute\u021bi vedea chiar \u0219i detaliile fine din fiecare scen\u0103, datorit\u0103 rezolu\u021biei HD. Diagonala de 60 cm v\u0103 permite s\u0103 vede\u021bi imaginea \u00een ansamblu, totul devenind foarte real. Ave\u021bi acces u\u0219or la con\u021binut \u0219i control simplificat printr-o singur\u0103 telecomand\u0103. Mai multe conexiuni \u0219i compatibilitate datorit\u0103 celor 8 porturi.<\/p>\n<p>Urmariti in rezolutie maxima (HD, 720p) filmele, emisiunile, emisiunile sportive si toate momentele din vacanta inregistrate cu camera\/video impreuna cu cei dragi. Calitatea imaginii te va duce \u00een centrul ac\u021biunii.<\/p>\n<p><img decoding=\"async\" class=\"wp-image-1331 size-full aligncenter\" src=\"https:\/\/nei-tv.com\/wp-content\/uploads\/2023\/11\/TV-LED-24NE4000-1.jpg\" alt=\"\" width=\"100%\" srcset=\"https:\/\/nei-tv.com\/wp-content\/uploads\/2023\/11\/TV-LED-24NE4000-1.jpg 500w, https:\/\/nei-tv.com\/wp-content\/uploads\/2023\/11\/TV-LED-24NE4000-1-300x144.jpg 300w, https:\/\/nei-tv.com\/wp-content\/uploads\/2023\/11\/TV-LED-24NE4000-1-18x9.jpg 18w\" sizes=\"(max-width: 500px) 100vw, 500px\" \/><\/p>\n<p>Conectivitate: televizorul este compatibil cu mai multe dispozitive prin interfa\u021ba sa variat\u0103, cum ar fi:<\/p>\n<ul>\n<li>HDMI este un tip de conector multimedia care ofer\u0103 un semnal video \u0219i audio prin aceea\u0219i muf\u0103, conform unui standard bine stabilit.<\/li>\n<li>Intrarea RF (frecven\u021b\u0103 radio) este utilizat\u0103 pentru a conecta serviciul TV printr-un cablu coaxial.<\/li>\n<li>Portul YPbPr este o intrare de semnal video analogic cu trei mufe coaxiale, numite \u0219i video component.<\/li>\n<li>USB sau Universal Serial Bus este o interfa\u021b\u0103 plug-and-play, ceea ce \u00eenseamn\u0103 c\u0103 tot ce trebuie s\u0103 face\u021bi este s\u0103 conecta\u021bi un dispozitiv care are un port USB la portul TV \u0219i acesta \u00eel va putea detecta.<\/li>\n<li>Portul VGA (Video Graphics Array) este un tip de conexiune standard pentru dispozitivele video care transmite doar semnal video, nu audio, prin semnal analogic.<\/li>\n<li>CI+ Common Interface Plus este o interfa\u021b\u0103 care permite introducerea unui card Common Interface (CI) achizi\u021bionat de la furnizorul de televiziune pentru a avea acces la o anumit\u0103 gril\u0103 de programe.<\/li>\n<\/ul>\n<p>Partaja\u021bi con\u021binutul potrivit de pe mai multe dispozitive direct pe ecranul televizorului NEI. \u00cen acest fel, v\u0103 ve\u021bi bucura de alegerile personale \u0219i v\u0103 ve\u021bi controla ceea ce viziona\u021bi. Totul este simplu \u0219i u\u0219or de utilizat.<\/p>\n<p><img decoding=\"async\" class=\"wp-image-1332 size-full aligncenter\" src=\"https:\/\/nei-tv.com\/wp-content\/uploads\/2023\/11\/24NE4000.jpg\" alt=\"\" width=\"100%\" srcset=\"https:\/\/nei-tv.com\/wp-content\/uploads\/2023\/11\/24NE4000.jpg 1850w, https:\/\/nei-tv.com\/wp-content\/uploads\/2023\/11\/24NE4000-300x144.jpg 300w, https:\/\/nei-tv.com\/wp-content\/uploads\/2023\/11\/24NE4000-1024x490.jpg 1024w, https:\/\/nei-tv.com\/wp-content\/uploads\/2023\/11\/24NE4000-768x368.jpg 768w, https:\/\/nei-tv.com\/wp-content\/uploads\/2023\/11\/24NE4000-1536x736.jpg 1536w, https:\/\/nei-tv.com\/wp-content\/uploads\/2023\/11\/24NE4000-18x9.jpg 18w, https:\/\/nei-tv.com\/wp-content\/uploads\/2023\/11\/24NE4000-600x287.jpg 600w\" sizes=\"(max-width: 1850px) 100vw, 1850px\" \/><\/p>\n<p>Sugestii de pozitionare<\/p>\n<p>Pozi\u021biona\u021bi televizorul astfel \u00eenc\u00e2t lumina s\u0103 nu cad\u0103 direct pe ecran. Distan\u021ba ideal\u0103 pentru vizionarea televizorului este de trei ori dimensiunea diagonal\u0103 a ecranului. C\u00e2nd e\u0219ti a\u0219ezat, ochii t\u0103i trebuie s\u0103 fie la nivelul centrului ecranului.<\/p>\n<p>Recomandari de intretinere:<\/p>\n<ul>\n<li>Deconecta\u021bi televizorul \u00eenainte de a-l cur\u0103\u021ba.<\/li>\n<li>Cur\u0103\u021ba\u021bi televizorul \u0219i cadrul cu o c\u00e2rp\u0103 moale \u0219i umed\u0103 \u0219i \u0219terge\u021bi u\u0219or.<\/li>\n<li>Evita\u021bi, pe c\u00e2t posibil, imaginile sta\u021bionare. Imaginile sta\u021bionare precum meniurile de pe ecran sau barele negre r\u0103m\u00e2n pe ecran pentru o perioad\u0103 lung\u0103 de timp.<\/li>\n<li>Dac\u0103 trebuie s\u0103 utiliza\u021bi imagini statice, reduce\u021bi contrastul \u0219i luminozitatea ecranului, pentru a evita deteriorarea acestuia.<\/li>\n<li>Pentru a evita distorsiunea imaginii \u0219i decolorarea culorilor, \u0219terge\u021bi pic\u0103turile de ap\u0103 c\u00e2t mai repede posibil.<\/li>\n<\/ul>\n<p>Cu ajutorul interfe\u021bei CI+ scapi de a doua telecomand\u0103 TV Box oferit\u0103 de operatorul t\u0103u de cablu \u0219i controlezi canalele TV direct de pe telecomanda NEI TV. Nimic mai u\u0219or!<\/p>","protected":false},"excerpt":{"rendered":"<p>Televizorul NEI, cu aspect zvelt si modern, este potrivit pentru orice spatiu de locuit. Acum pute\u021bi vedea chiar \u0219i detaliile fine din fiecare scen\u0103, datorit\u0103 rezolu\u021biei HD.<\/p>","protected":false},"featured_media":2092,"comment_status":"open","ping_status":"closed","template":"","meta":[],"product_brand":[],"product_cat":[36,37],"product_tag":[],"class_list":{"0":"post-1322","1":"product","2":"type-product","3":"status-publish","4":"has-post-thumbnail","6":"product_cat-non-smart-tv","7":"product_cat-non-smart-tv-hd","9":"first","10":"instock","11":"shipping-taxable","12":"product-type-simple"},"yoast_head":"<!-- This site is optimized with the Yoast SEO plugin v24.7 - https:\/\/yoast.com\/wordpress\/plugins\/seo\/ -->\n<title>TV LED 24NE4000, HD Ready, 60 cm - NEI TV<\/title>\n<meta name=\"robots\" content=\"index, follow, max-snippet:-1, max-image-preview:large, max-video-preview:-1\" \/>\n<link rel=\"canonical\" href=\"https:\/\/nei-tv.com\/ro\/produs\/tv-led-24ne4000-hd-ready-60-cm\/\" \/>\n<meta property=\"og:locale\" content=\"ro_RO\" \/>\n<meta property=\"og:type\" content=\"article\" \/>\n<meta property=\"og:title\" content=\"TV LED 24NE4000, HD Ready, 60 cm - NEI TV\" \/>\n<meta property=\"og:description\" content=\"The NEI TV, with a slim and modern appearance, is suitable for any living space. You can now see even the fine details in each scene, thanks to the HD resolution.\" \/>\n<meta property=\"og:url\" content=\"https:\/\/nei-tv.com\/ro\/produs\/tv-led-24ne4000-hd-ready-60-cm\/\" \/>\n<meta property=\"og:site_name\" content=\"NEI TV\" \/>\n<meta property=\"article:modified_time\" content=\"2024-02-15T11:29:16+00:00\" \/>\n<meta property=\"og:image\" content=\"https:\/\/nei-tv.com\/wp-content\/uploads\/2023\/11\/NEI-24NE4000.jpg\" \/>\n\t<meta property=\"og:image:width\" content=\"1000\" \/>\n\t<meta property=\"og:image:height\" content=\"1000\" \/>\n\t<meta property=\"og:image:type\" content=\"image\/jpeg\" \/>\n<meta name=\"twitter:card\" content=\"summary_large_image\" \/>\n<meta name=\"twitter:label1\" content=\"Timp estimat pentru citire\" \/>\n\t<meta name=\"twitter:data1\" content=\"4 minute\" \/>\n<script type=\"application\/ld+json\" class=\"yoast-schema-graph\">{\"@context\":\"https:\/\/schema.org\",\"@graph\":[{\"@type\":\"WebPage\",\"@id\":\"https:\/\/nei-tv.com\/product\/tv-led-24ne4000-hd-ready-60-cm\/\",\"url\":\"https:\/\/nei-tv.com\/product\/tv-led-24ne4000-hd-ready-60-cm\/\",\"name\":\"TV LED 24NE4000, HD Ready, 60 cm - NEI TV\",\"isPartOf\":{\"@id\":\"https:\/\/nei-tv.com\/#website\"},\"primaryImageOfPage\":{\"@id\":\"https:\/\/nei-tv.com\/product\/tv-led-24ne4000-hd-ready-60-cm\/#primaryimage\"},\"image\":{\"@id\":\"https:\/\/nei-tv.com\/product\/tv-led-24ne4000-hd-ready-60-cm\/#primaryimage\"},\"thumbnailUrl\":\"https:\/\/nei-tv.com\/wp-content\/uploads\/2023\/11\/NEI-24NE4000.jpg\",\"datePublished\":\"2023-11-02T10:29:33+00:00\",\"dateModified\":\"2024-02-15T11:29:16+00:00\",\"breadcrumb\":{\"@id\":\"https:\/\/nei-tv.com\/product\/tv-led-24ne4000-hd-ready-60-cm\/#breadcrumb\"},\"inLanguage\":\"ro-RO\",\"potentialAction\":[{\"@type\":\"ReadAction\",\"target\":[\"https:\/\/nei-tv.com\/product\/tv-led-24ne4000-hd-ready-60-cm\/\"]}]},{\"@type\":\"ImageObject\",\"inLanguage\":\"ro-RO\",\"@id\":\"https:\/\/nei-tv.com\/product\/tv-led-24ne4000-hd-ready-60-cm\/#primaryimage\",\"url\":\"https:\/\/nei-tv.com\/wp-content\/uploads\/2023\/11\/NEI-24NE4000.jpg\",\"contentUrl\":\"https:\/\/nei-tv.com\/wp-content\/uploads\/2023\/11\/NEI-24NE4000.jpg\",\"width\":1000,\"height\":1000},{\"@type\":\"BreadcrumbList\",\"@id\":\"https:\/\/nei-tv.com\/product\/tv-led-24ne4000-hd-ready-60-cm\/#breadcrumb\",\"itemListElement\":[{\"@type\":\"ListItem\",\"position\":1,\"name\":\"Home\",\"item\":\"https:\/\/nei-tv.com\/\"},{\"@type\":\"ListItem\",\"position\":2,\"name\":\"Shop\",\"item\":\"https:\/\/nei-tv.com\/shop\/\"},{\"@type\":\"ListItem\",\"position\":3,\"name\":\"TV LED 24NE4000, HD Ready, 60 cm\"}]},{\"@type\":\"WebSite\",\"@id\":\"https:\/\/nei-tv.com\/#website\",\"url\":\"https:\/\/nei-tv.com\/\",\"name\":\"NEI TV\",\"description\":\"NEI\",\"publisher\":{\"@id\":\"https:\/\/nei-tv.com\/#organization\"},\"potentialAction\":[{\"@type\":\"SearchAction\",\"target\":{\"@type\":\"EntryPoint\",\"urlTemplate\":\"https:\/\/nei-tv.com\/?s={search_term_string}\"},\"query-input\":{\"@type\":\"PropertyValueSpecification\",\"valueRequired\":true,\"valueName\":\"search_term_string\"}}],\"inLanguage\":\"ro-RO\"},{\"@type\":\"Organization\",\"@id\":\"https:\/\/nei-tv.com\/#organization\",\"name\":\"NEI TV\",\"url\":\"https:\/\/nei-tv.com\/\",\"logo\":{\"@type\":\"ImageObject\",\"inLanguage\":\"ro-RO\",\"@id\":\"https:\/\/nei-tv.com\/#\/schema\/logo\/image\/\",\"url\":\"https:\/\/nei-tv.com\/wp-content\/uploads\/2023\/09\/logo_nei_tv_black_en.svg\",\"contentUrl\":\"https:\/\/nei-tv.com\/wp-content\/uploads\/2023\/09\/logo_nei_tv_black_en.svg\",\"width\":512,\"height\":205,\"caption\":\"NEI TV\"},\"image\":{\"@id\":\"https:\/\/nei-tv.com\/#\/schema\/logo\/image\/\"}}]}<\/script>\n<!-- \/ Yoast SEO plugin. -->","yoast_head_json":{"title":"TV LED 24NE4000, HD Ready, 60 cm - NEI TV","robots":{"index":"index","follow":"follow","max-snippet":"max-snippet:-1","max-image-preview":"max-image-preview:large","max-video-preview":"max-video-preview:-1"},"canonical":"https:\/\/nei-tv.com\/ro\/produs\/tv-led-24ne4000-hd-ready-60-cm\/","og_locale":"ro_RO","og_type":"article","og_title":"TV LED 24NE4000, HD Ready, 60 cm - NEI TV","og_description":"The NEI TV, with a slim and modern appearance, is suitable for any living space. You can now see even the fine details in each scene, thanks to the HD resolution.","og_url":"https:\/\/nei-tv.com\/ro\/produs\/tv-led-24ne4000-hd-ready-60-cm\/","og_site_name":"NEI TV","article_modified_time":"2024-02-15T11:29:16+00:00","og_image":[{"width":1000,"height":1000,"url":"https:\/\/nei-tv.com\/wp-content\/uploads\/2023\/11\/NEI-24NE4000.jpg","type":"image\/jpeg"}],"twitter_card":"summary_large_image","twitter_misc":{"Timp estimat pentru citire":"4 minute"},"schema":{"@context":"https:\/\/schema.org","@graph":[{"@type":"WebPage","@id":"https:\/\/nei-tv.com\/product\/tv-led-24ne4000-hd-ready-60-cm\/","url":"https:\/\/nei-tv.com\/product\/tv-led-24ne4000-hd-ready-60-cm\/","name":"TV LED 24NE4000, HD Ready, 60 cm - NEI TV","isPartOf":{"@id":"https:\/\/nei-tv.com\/#website"},"primaryImageOfPage":{"@id":"https:\/\/nei-tv.com\/product\/tv-led-24ne4000-hd-ready-60-cm\/#primaryimage"},"image":{"@id":"https:\/\/nei-tv.com\/product\/tv-led-24ne4000-hd-ready-60-cm\/#primaryimage"},"thumbnailUrl":"https:\/\/nei-tv.com\/wp-content\/uploads\/2023\/11\/NEI-24NE4000.jpg","datePublished":"2023-11-02T10:29:33+00:00","dateModified":"2024-02-15T11:29:16+00:00","breadcrumb":{"@id":"https:\/\/nei-tv.com\/product\/tv-led-24ne4000-hd-ready-60-cm\/#breadcrumb"},"inLanguage":"ro-RO","potentialAction":[{"@type":"ReadAction","target":["https:\/\/nei-tv.com\/product\/tv-led-24ne4000-hd-ready-60-cm\/"]}]},{"@type":"ImageObject","inLanguage":"ro-RO","@id":"https:\/\/nei-tv.com\/product\/tv-led-24ne4000-hd-ready-60-cm\/#primaryimage","url":"https:\/\/nei-tv.com\/wp-content\/uploads\/2023\/11\/NEI-24NE4000.jpg","contentUrl":"https:\/\/nei-tv.com\/wp-content\/uploads\/2023\/11\/NEI-24NE4000.jpg","width":1000,"height":1000},{"@type":"BreadcrumbList","@id":"https:\/\/nei-tv.com\/product\/tv-led-24ne4000-hd-ready-60-cm\/#breadcrumb","itemListElement":[{"@type":"ListItem","position":1,"name":"Home","item":"https:\/\/nei-tv.com\/"},{"@type":"ListItem","position":2,"name":"Shop","item":"https:\/\/nei-tv.com\/shop\/"},{"@type":"ListItem","position":3,"name":"TV LED 24NE4000, HD Ready, 60 cm"}]},{"@type":"WebSite","@id":"https:\/\/nei-tv.com\/#website","url":"https:\/\/nei-tv.com\/","name":"NEI TV","description":"NEI","publisher":{"@id":"https:\/\/nei-tv.com\/#organization"},"potentialAction":[{"@type":"SearchAction","target":{"@type":"EntryPoint","urlTemplate":"https:\/\/nei-tv.com\/?s={search_term_string}"},"query-input":{"@type":"PropertyValueSpecification","valueRequired":true,"valueName":"search_term_string"}}],"inLanguage":"ro-RO"},{"@type":"Organization","@id":"https:\/\/nei-tv.com\/#organization","name":"NEI TV","url":"https:\/\/nei-tv.com\/","logo":{"@type":"ImageObject","inLanguage":"ro-RO","@id":"https:\/\/nei-tv.com\/#\/schema\/logo\/image\/","url":"https:\/\/nei-tv.com\/wp-content\/uploads\/2023\/09\/logo_nei_tv_black_en.svg","contentUrl":"https:\/\/nei-tv.com\/wp-content\/uploads\/2023\/09\/logo_nei_tv_black_en.svg","width":512,"height":205,"caption":"NEI TV"},"image":{"@id":"https:\/\/nei-tv.com\/#\/schema\/logo\/image\/"}}]}},"_links":{"self":[{"href":"https:\/\/nei-tv.com\/ro\/wp-json\/wp\/v2\/product\/1322","targetHints":{"allow":["GET"]}}],"collection":[{"href":"https:\/\/nei-tv.com\/ro\/wp-json\/wp\/v2\/product"}],"about":[{"href":"https:\/\/nei-tv.com\/ro\/wp-json\/wp\/v2\/types\/product"}],"replies":[{"embeddable":true,"href":"https:\/\/nei-tv.com\/ro\/wp-json\/wp\/v2\/comments?post=1322"}],"version-history":[{"count":5,"href":"https:\/\/nei-tv.com\/ro\/wp-json\/wp\/v2\/product\/1322\/revisions"}],"predecessor-version":[{"id":2033,"href":"https:\/\/nei-tv.com\/ro\/wp-json\/wp\/v2\/product\/1322\/revisions\/2033"}],"wp:featuredmedia":[{"embeddable":true,"href":"https:\/\/nei-tv.com\/ro\/wp-json\/wp\/v2\/media\/2092"}],"wp:attachment":[{"href":"https:\/\/nei-tv.com\/ro\/wp-json\/wp\/v2\/media?parent=1322"}],"wp:term":[{"taxonomy":"product_brand","embeddable":true,"href":"https:\/\/nei-tv.com\/ro\/wp-json\/wp\/v2\/product_brand?post=1322"},{"taxonomy":"product_cat","embeddable":true,"href":"https:\/\/nei-tv.com\/ro\/wp-json\/wp\/v2\/product_cat?post=1322"},{"taxonomy":"product_tag","embeddable":true,"href":"https:\/\/nei-tv.com\/ro\/wp-json\/wp\/v2\/product_tag?post=1322"}],"curies":[{"name":"wp","href":"https:\/\/api.w.org\/{rel}","templated":true}]}}