{"id":1427,"date":"2023-11-03T00:58:26","date_gmt":"2023-11-02T21:58:26","guid":{"rendered":"https:\/\/nei-tv.com\/?post_type=product&#038;p=1427"},"modified":"2024-02-15T14:50:02","modified_gmt":"2024-02-15T11:50:02","slug":"smart-tv-50ne6900-vidaa-4k-ultra-hd-127-cm-wifi-ci","status":"publish","type":"product","link":"https:\/\/nei-tv.com\/ro\/produs\/smart-tv-50ne6900-vidaa-4k-ultra-hd-127-cm-wifi-ci\/","title":{"rendered":"Smart TV 50NE6900, VIDAA 4K, Ultra HD, 127 cm, WiFi, CI+"},"content":{"rendered":"<p><img decoding=\"async\" class=\"wp-image-1437 size-full aligncenter\" src=\"https:\/\/nei-tv.com\/wp-content\/uploads\/2023\/11\/NEI-50NE6900.jpg\" alt=\"\" width=\"100%\" srcset=\"https:\/\/nei-tv.com\/wp-content\/uploads\/2023\/11\/NEI-50NE6900.jpg 824w, https:\/\/nei-tv.com\/wp-content\/uploads\/2023\/11\/NEI-50NE6900-300x164.jpg 300w, https:\/\/nei-tv.com\/wp-content\/uploads\/2023\/11\/NEI-50NE6900-768x419.jpg 768w, https:\/\/nei-tv.com\/wp-content\/uploads\/2023\/11\/NEI-50NE6900-18x10.jpg 18w, https:\/\/nei-tv.com\/wp-content\/uploads\/2023\/11\/NEI-50NE6900-600x328.jpg 600w\" sizes=\"(max-width: 824px) 100vw, 824px\" \/><\/p>\n<p>Prezent \u00een Rom\u00e2nia din 1993, brandul NEI readuce televizoarele de ultim\u0103 genera\u021bie la pre\u021buri accesibile. Acum, calitatea este accesibil\u0103 tuturor, adun\u00e2nd \u00eentreaga familie pentru a se bucura de emisiunile \u0219i filmele preferate.<\/p>\n<p>Urmariti filme, emisiuni, emisiuni sportive si toate momentele de vacanta inregistrate cu camera\/video impreuna cu cei dragi la rezolutie maxima. Calitatea imaginii te va duce \u00een centrul ac\u021biunii.<\/p>\n<p>Partaja\u021bi con\u021binutul potrivit de pe mai multe dispozitive direct pe ecranul televizorului NEI. \u00cen acest fel, v\u0103 ve\u021bi bucura de alegerile personale \u0219i v\u0103 ve\u021bi controla ceea ce viziona\u021bi. Totul este simplu \u0219i u\u0219or de utilizat.<\/p>\n<p>Cu ajutorul interfe\u021bei CI+ scapi de a doua telecomand\u0103 TV Box oferit\u0103 de operatorul t\u0103u de cablu \u0219i controlezi canalele TV direct de pe telecomanda NEI TV. Nimic mai u\u0219or!<\/p>\n<p>Ce este Vidaa OS?<\/p>\n<p>Sistemul de operare Vidaa Smart TV este special conceput pentru anumite modele de smart TV. A devenit mai practic, confortabil, usor de operat si in acelasi timp functional. Controlul sistemului inteligent \u00eencorporat Vidaa a fost implementat \u021bin\u00e2nd cont de cerin\u021bele utilizatorilor Smart TV, ca urmare, toate elementele inutile care complic\u0103 utilizarea software-ului au fost eliminate.<\/p>\n<p>Interfa\u021ba actualizat\u0103 simplific\u0103 navigarea prin aplica\u021bii de pe afi\u0219ajul televizorului, aspectul convenabil al elementelor v\u0103 permite s\u0103 naviga\u021bi rapid la func\u021biile dorite \u0219i s\u0103 personaliza\u021bi mediul utilizatorului chiar din pagina principal\u0103 a ecranului. Platforma se bazeaz\u0103 pe un sistem asem\u0103n\u0103tor Linux, care face posibil\u0103 utilizarea aplica\u021biilor Android, inclusiv Netflix, Pandora \u0219i YouTube.<\/p>","protected":false},"excerpt":{"rendered":"<p>Urmariti filme, emisiuni, emisiuni sportive si toate momentele de vacanta inregistrate cu camera\/video impreuna cu cei dragi la rezolutie maxima.<\/p>","protected":false},"featured_media":2115,"comment_status":"open","ping_status":"closed","template":"","meta":[],"product_brand":[],"product_cat":[20,23],"product_tag":[],"class_list":{"0":"post-1427","1":"product","2":"type-product","3":"status-publish","4":"has-post-thumbnail","6":"product_cat-vidaa-tv","7":"product_cat-vidaa-tv-uhd-4k","9":"first","10":"instock","11":"shipping-taxable","12":"product-type-simple"},"yoast_head":"<!-- This site is optimized with the Yoast SEO plugin v24.7 - https:\/\/yoast.com\/wordpress\/plugins\/seo\/ -->\n<title>Smart TV 50NE6900, VIDAA 4K, Ultra HD, 127 cm, WiFi, CI+ - NEI TV<\/title>\n<meta name=\"robots\" content=\"index, follow, max-snippet:-1, max-image-preview:large, max-video-preview:-1\" \/>\n<link rel=\"canonical\" href=\"https:\/\/nei-tv.com\/ro\/produs\/smart-tv-50ne6900-vidaa-4k-ultra-hd-127-cm-wifi-ci\/\" \/>\n<meta property=\"og:locale\" content=\"ro_RO\" \/>\n<meta property=\"og:type\" content=\"article\" \/>\n<meta property=\"og:title\" content=\"Smart TV 50NE6900, VIDAA 4K, Ultra HD, 127 cm, WiFi, CI+ - NEI TV\" \/>\n<meta property=\"og:description\" content=\"Watch movies, shows, sports broadcasts and all the vacation moments recorded with the camera\/video together with your loved ones in maximum resolution.\" \/>\n<meta property=\"og:url\" content=\"https:\/\/nei-tv.com\/ro\/produs\/smart-tv-50ne6900-vidaa-4k-ultra-hd-127-cm-wifi-ci\/\" \/>\n<meta property=\"og:site_name\" content=\"NEI TV\" \/>\n<meta property=\"article:modified_time\" content=\"2024-02-15T11:50:02+00:00\" \/>\n<meta property=\"og:image\" content=\"https:\/\/nei-tv.com\/wp-content\/uploads\/2023\/11\/NEI-50NE6900-1.jpg\" \/>\n\t<meta property=\"og:image:width\" content=\"1000\" \/>\n\t<meta property=\"og:image:height\" content=\"1000\" \/>\n\t<meta property=\"og:image:type\" content=\"image\/jpeg\" \/>\n<meta name=\"twitter:card\" content=\"summary_large_image\" \/>\n<meta name=\"twitter:label1\" content=\"Timp estimat pentru citire\" \/>\n\t<meta name=\"twitter:data1\" content=\"2 minute\" \/>\n<script type=\"application\/ld+json\" class=\"yoast-schema-graph\">{\"@context\":\"https:\/\/schema.org\",\"@graph\":[{\"@type\":\"WebPage\",\"@id\":\"https:\/\/nei-tv.com\/product\/smart-tv-50ne6900-vidaa-4k-ultra-hd-127-cm-wifi-ci\/\",\"url\":\"https:\/\/nei-tv.com\/product\/smart-tv-50ne6900-vidaa-4k-ultra-hd-127-cm-wifi-ci\/\",\"name\":\"Smart TV 50NE6900, VIDAA 4K, Ultra HD, 127 cm, WiFi, CI+ - NEI TV\",\"isPartOf\":{\"@id\":\"https:\/\/nei-tv.com\/#website\"},\"primaryImageOfPage\":{\"@id\":\"https:\/\/nei-tv.com\/product\/smart-tv-50ne6900-vidaa-4k-ultra-hd-127-cm-wifi-ci\/#primaryimage\"},\"image\":{\"@id\":\"https:\/\/nei-tv.com\/product\/smart-tv-50ne6900-vidaa-4k-ultra-hd-127-cm-wifi-ci\/#primaryimage\"},\"thumbnailUrl\":\"https:\/\/nei-tv.com\/wp-content\/uploads\/2023\/11\/NEI-50NE6900-1.jpg\",\"datePublished\":\"2023-11-02T21:58:26+00:00\",\"dateModified\":\"2024-02-15T11:50:02+00:00\",\"breadcrumb\":{\"@id\":\"https:\/\/nei-tv.com\/product\/smart-tv-50ne6900-vidaa-4k-ultra-hd-127-cm-wifi-ci\/#breadcrumb\"},\"inLanguage\":\"ro-RO\",\"potentialAction\":[{\"@type\":\"ReadAction\",\"target\":[\"https:\/\/nei-tv.com\/product\/smart-tv-50ne6900-vidaa-4k-ultra-hd-127-cm-wifi-ci\/\"]}]},{\"@type\":\"ImageObject\",\"inLanguage\":\"ro-RO\",\"@id\":\"https:\/\/nei-tv.com\/product\/smart-tv-50ne6900-vidaa-4k-ultra-hd-127-cm-wifi-ci\/#primaryimage\",\"url\":\"https:\/\/nei-tv.com\/wp-content\/uploads\/2023\/11\/NEI-50NE6900-1.jpg\",\"contentUrl\":\"https:\/\/nei-tv.com\/wp-content\/uploads\/2023\/11\/NEI-50NE6900-1.jpg\",\"width\":1000,\"height\":1000},{\"@type\":\"BreadcrumbList\",\"@id\":\"https:\/\/nei-tv.com\/product\/smart-tv-50ne6900-vidaa-4k-ultra-hd-127-cm-wifi-ci\/#breadcrumb\",\"itemListElement\":[{\"@type\":\"ListItem\",\"position\":1,\"name\":\"Home\",\"item\":\"https:\/\/nei-tv.com\/\"},{\"@type\":\"ListItem\",\"position\":2,\"name\":\"Shop\",\"item\":\"https:\/\/nei-tv.com\/shop\/\"},{\"@type\":\"ListItem\",\"position\":3,\"name\":\"Smart TV 50NE6900, VIDAA 4K, Ultra HD, 127 cm, WiFi, CI+\"}]},{\"@type\":\"WebSite\",\"@id\":\"https:\/\/nei-tv.com\/#website\",\"url\":\"https:\/\/nei-tv.com\/\",\"name\":\"NEI TV\",\"description\":\"NEI\",\"publisher\":{\"@id\":\"https:\/\/nei-tv.com\/#organization\"},\"potentialAction\":[{\"@type\":\"SearchAction\",\"target\":{\"@type\":\"EntryPoint\",\"urlTemplate\":\"https:\/\/nei-tv.com\/?s={search_term_string}\"},\"query-input\":{\"@type\":\"PropertyValueSpecification\",\"valueRequired\":true,\"valueName\":\"search_term_string\"}}],\"inLanguage\":\"ro-RO\"},{\"@type\":\"Organization\",\"@id\":\"https:\/\/nei-tv.com\/#organization\",\"name\":\"NEI TV\",\"url\":\"https:\/\/nei-tv.com\/\",\"logo\":{\"@type\":\"ImageObject\",\"inLanguage\":\"ro-RO\",\"@id\":\"https:\/\/nei-tv.com\/#\/schema\/logo\/image\/\",\"url\":\"https:\/\/nei-tv.com\/wp-content\/uploads\/2023\/09\/logo_nei_tv_black_en.svg\",\"contentUrl\":\"https:\/\/nei-tv.com\/wp-content\/uploads\/2023\/09\/logo_nei_tv_black_en.svg\",\"width\":512,\"height\":205,\"caption\":\"NEI TV\"},\"image\":{\"@id\":\"https:\/\/nei-tv.com\/#\/schema\/logo\/image\/\"}}]}<\/script>\n<!-- \/ Yoast SEO plugin. -->","yoast_head_json":{"title":"Smart TV 50NE6900, VIDAA 4K, Ultra HD, 127 cm, WiFi, CI+ - NEI TV","robots":{"index":"index","follow":"follow","max-snippet":"max-snippet:-1","max-image-preview":"max-image-preview:large","max-video-preview":"max-video-preview:-1"},"canonical":"https:\/\/nei-tv.com\/ro\/produs\/smart-tv-50ne6900-vidaa-4k-ultra-hd-127-cm-wifi-ci\/","og_locale":"ro_RO","og_type":"article","og_title":"Smart TV 50NE6900, VIDAA 4K, Ultra HD, 127 cm, WiFi, CI+ - NEI TV","og_description":"Watch movies, shows, sports broadcasts and all the vacation moments recorded with the camera\/video together with your loved ones in maximum resolution.","og_url":"https:\/\/nei-tv.com\/ro\/produs\/smart-tv-50ne6900-vidaa-4k-ultra-hd-127-cm-wifi-ci\/","og_site_name":"NEI TV","article_modified_time":"2024-02-15T11:50:02+00:00","og_image":[{"width":1000,"height":1000,"url":"https:\/\/nei-tv.com\/wp-content\/uploads\/2023\/11\/NEI-50NE6900-1.jpg","type":"image\/jpeg"}],"twitter_card":"summary_large_image","twitter_misc":{"Timp estimat pentru citire":"2 minute"},"schema":{"@context":"https:\/\/schema.org","@graph":[{"@type":"WebPage","@id":"https:\/\/nei-tv.com\/product\/smart-tv-50ne6900-vidaa-4k-ultra-hd-127-cm-wifi-ci\/","url":"https:\/\/nei-tv.com\/product\/smart-tv-50ne6900-vidaa-4k-ultra-hd-127-cm-wifi-ci\/","name":"Smart TV 50NE6900, VIDAA 4K, Ultra HD, 127 cm, WiFi, CI+ - NEI TV","isPartOf":{"@id":"https:\/\/nei-tv.com\/#website"},"primaryImageOfPage":{"@id":"https:\/\/nei-tv.com\/product\/smart-tv-50ne6900-vidaa-4k-ultra-hd-127-cm-wifi-ci\/#primaryimage"},"image":{"@id":"https:\/\/nei-tv.com\/product\/smart-tv-50ne6900-vidaa-4k-ultra-hd-127-cm-wifi-ci\/#primaryimage"},"thumbnailUrl":"https:\/\/nei-tv.com\/wp-content\/uploads\/2023\/11\/NEI-50NE6900-1.jpg","datePublished":"2023-11-02T21:58:26+00:00","dateModified":"2024-02-15T11:50:02+00:00","breadcrumb":{"@id":"https:\/\/nei-tv.com\/product\/smart-tv-50ne6900-vidaa-4k-ultra-hd-127-cm-wifi-ci\/#breadcrumb"},"inLanguage":"ro-RO","potentialAction":[{"@type":"ReadAction","target":["https:\/\/nei-tv.com\/product\/smart-tv-50ne6900-vidaa-4k-ultra-hd-127-cm-wifi-ci\/"]}]},{"@type":"ImageObject","inLanguage":"ro-RO","@id":"https:\/\/nei-tv.com\/product\/smart-tv-50ne6900-vidaa-4k-ultra-hd-127-cm-wifi-ci\/#primaryimage","url":"https:\/\/nei-tv.com\/wp-content\/uploads\/2023\/11\/NEI-50NE6900-1.jpg","contentUrl":"https:\/\/nei-tv.com\/wp-content\/uploads\/2023\/11\/NEI-50NE6900-1.jpg","width":1000,"height":1000},{"@type":"BreadcrumbList","@id":"https:\/\/nei-tv.com\/product\/smart-tv-50ne6900-vidaa-4k-ultra-hd-127-cm-wifi-ci\/#breadcrumb","itemListElement":[{"@type":"ListItem","position":1,"name":"Home","item":"https:\/\/nei-tv.com\/"},{"@type":"ListItem","position":2,"name":"Shop","item":"https:\/\/nei-tv.com\/shop\/"},{"@type":"ListItem","position":3,"name":"Smart TV 50NE6900, VIDAA 4K, Ultra HD, 127 cm, WiFi, CI+"}]},{"@type":"WebSite","@id":"https:\/\/nei-tv.com\/#website","url":"https:\/\/nei-tv.com\/","name":"NEI TV","description":"NEI","publisher":{"@id":"https:\/\/nei-tv.com\/#organization"},"potentialAction":[{"@type":"SearchAction","target":{"@type":"EntryPoint","urlTemplate":"https:\/\/nei-tv.com\/?s={search_term_string}"},"query-input":{"@type":"PropertyValueSpecification","valueRequired":true,"valueName":"search_term_string"}}],"inLanguage":"ro-RO"},{"@type":"Organization","@id":"https:\/\/nei-tv.com\/#organization","name":"NEI TV","url":"https:\/\/nei-tv.com\/","logo":{"@type":"ImageObject","inLanguage":"ro-RO","@id":"https:\/\/nei-tv.com\/#\/schema\/logo\/image\/","url":"https:\/\/nei-tv.com\/wp-content\/uploads\/2023\/09\/logo_nei_tv_black_en.svg","contentUrl":"https:\/\/nei-tv.com\/wp-content\/uploads\/2023\/09\/logo_nei_tv_black_en.svg","width":512,"height":205,"caption":"NEI TV"},"image":{"@id":"https:\/\/nei-tv.com\/#\/schema\/logo\/image\/"}}]}},"_links":{"self":[{"href":"https:\/\/nei-tv.com\/ro\/wp-json\/wp\/v2\/product\/1427","targetHints":{"allow":["GET"]}}],"collection":[{"href":"https:\/\/nei-tv.com\/ro\/wp-json\/wp\/v2\/product"}],"about":[{"href":"https:\/\/nei-tv.com\/ro\/wp-json\/wp\/v2\/types\/product"}],"replies":[{"embeddable":true,"href":"https:\/\/nei-tv.com\/ro\/wp-json\/wp\/v2\/comments?post=1427"}],"version-history":[{"count":5,"href":"https:\/\/nei-tv.com\/ro\/wp-json\/wp\/v2\/product\/1427\/revisions"}],"predecessor-version":[{"id":1854,"href":"https:\/\/nei-tv.com\/ro\/wp-json\/wp\/v2\/product\/1427\/revisions\/1854"}],"wp:featuredmedia":[{"embeddable":true,"href":"https:\/\/nei-tv.com\/ro\/wp-json\/wp\/v2\/media\/2115"}],"wp:attachment":[{"href":"https:\/\/nei-tv.com\/ro\/wp-json\/wp\/v2\/media?parent=1427"}],"wp:term":[{"taxonomy":"product_brand","embeddable":true,"href":"https:\/\/nei-tv.com\/ro\/wp-json\/wp\/v2\/product_brand?post=1427"},{"taxonomy":"product_cat","embeddable":true,"href":"https:\/\/nei-tv.com\/ro\/wp-json\/wp\/v2\/product_cat?post=1427"},{"taxonomy":"product_tag","embeddable":true,"href":"https:\/\/nei-tv.com\/ro\/wp-json\/wp\/v2\/product_tag?post=1427"}],"curies":[{"name":"wp","href":"https:\/\/api.w.org\/{rel}","templated":true}]}}