{"id":1462,"date":"2023-11-03T02:17:45","date_gmt":"2023-11-02T23:17:45","guid":{"rendered":"https:\/\/nei-tv.com\/?post_type=product&#038;p=1462"},"modified":"2025-10-29T23:41:35","modified_gmt":"2025-10-29T20:41:35","slug":"smart-tv-40ne6800-webos-4k-ultra-hd-100-cm-wifi-ci","status":"publish","type":"product","link":"https:\/\/nei-tv.com\/ro\/produs\/smart-tv-40ne6800-webos-4k-ultra-hd-100-cm-wifi-ci\/","title":{"rendered":"Smart TV 40NE6800, WebOS 4K, Ultra HD, 100 cm, WiFi, CI+"},"content":{"rendered":"<p><img decoding=\"async\" class=\"wp-image-1471 size-full aligncenter\" src=\"https:\/\/nei-tv.com\/wp-content\/uploads\/2023\/11\/40NE6800.jpg\" alt=\"\" width=\"100%\" srcset=\"https:\/\/nei-tv.com\/wp-content\/uploads\/2023\/11\/40NE6800.jpg 900w, https:\/\/nei-tv.com\/wp-content\/uploads\/2023\/11\/40NE6800-300x180.jpg 300w, https:\/\/nei-tv.com\/wp-content\/uploads\/2023\/11\/40NE6800-768x461.jpg 768w, https:\/\/nei-tv.com\/wp-content\/uploads\/2023\/11\/40NE6800-18x12.jpg 18w, https:\/\/nei-tv.com\/wp-content\/uploads\/2023\/11\/40NE6800-600x360.jpg 600w\" sizes=\"(max-width: 900px) 100vw, 900px\" \/><br \/>\nSmart TV NEI 40NE6800 are un display LED, rezolu\u021bie 3840 x 2160 Ultra HD\/ 4K, special creat pentru a eviden\u021bia claritatea \u0219i calitatea imaginilor redate, astfel \u00eenc\u00e2t s\u0103 te po\u021bi bucura de cea mai \u00eenalt\u0103 calitate \u0219i performan\u021b\u0103.<\/p>\n<p>Cu ajutorul func\u021biei Screen Mirroring, po\u021bi folosi performan\u021ba Smart TV-ului LED NEI 40NE6800 pentru a reda imagini, videoclipuri, chiar \u0219i jocuri de pe telefon sau tablet\u0103.<\/p>\n<p>Cu o diagonal\u0103 de 101 cm \u0219i un player multimedia integrat, Smart LED TV NEI 40NE6800 aduce utilizatorilor s\u0103i at\u00e2t calitate video, c\u00e2t \u0219i audio, av\u00e2nd \u0219i un sistem de operare Web OS, cu o interfa\u021b\u0103 u\u0219or de utilizat.<\/p>\n<p>Sistemul webOS a fost reproiectat, p\u0103str\u00e2nd at\u00e2t cardul UI, c\u00e2t \u0219i o func\u021bie numit\u0103 \u201eComutare simpl\u0103\u201d a aplica\u021biilor TV. Aceast\u0103 caracteristic\u0103 permite utilizarea mai u\u0219oar\u0103 a modelului 40NE6800 prin eliminarea timpilor de a\u0219teptare la schimbarea canalelor.<\/p>\n<p>Fiind un Smart TV, NEI 40NE6800 vine cu modul Wi-Fi\/Lan \u00eencorporat, ajut\u00e2ndu-v\u0103 s\u0103 urm\u0103ri\u021bi con\u021binutul preferat pe Internet sau aplica\u021bii precum Netflix, HBO GO \u0219i altele!<\/p>\n<p>Prezent \u00een Rom\u00e2nia din 1993, brandul NEI readuce televizoarele de ultim\u0103 genera\u021bie la pre\u021buri accesibile. Acum, calitatea este accesibil\u0103 tuturor, adun\u00e2nd \u00eentreaga familie pentru a se bucura de emisiunile \u0219i filmele preferate.<\/p>\n<p>Urmariti filme, emisiuni, emisiuni sportive si toate momentele de vacanta inregistrate cu camera\/video impreuna cu cei dragi la rezolutie maxima. Calitatea imaginii te va duce \u00een centrul ac\u021biunii.<\/p>\n<p>Partaja\u021bi con\u021binutul potrivit de pe mai multe dispozitive direct pe ecranul televizorului NEI. \u00cen acest fel, v\u0103 ve\u021bi bucura de alegerile personale \u0219i v\u0103 ve\u021bi controla ceea ce viziona\u021bi. Totul este simplu \u0219i u\u0219or de utilizat.<\/p>\n<p>Cu ajutorul interfe\u021bei CI+ scapi de a doua telecomand\u0103 TV Box oferit\u0103 de operatorul t\u0103u de cablu \u0219i controlezi canalele TV direct de pe telecomanda NEI TV. Nimic mai u\u0219or!<\/p>","protected":false},"excerpt":{"rendered":"<p>Smart TV NEI 40NE6800 are un display LED, rezolu\u021bie 3840 x 2160 Ultra HD\/ 4K, special creat pentru a eviden\u021bia claritatea \u0219i calitatea imaginilor redate, astfel \u00eenc\u00e2t s\u0103 te po\u021bi bucura de cea mai \u00eenalt\u0103 calitate \u0219i performan\u021b\u0103.<\/p>","protected":false},"featured_media":2106,"comment_status":"open","ping_status":"closed","template":"","meta":[],"product_brand":[],"product_cat":[24,27],"product_tag":[],"class_list":{"0":"post-1462","1":"product","2":"type-product","3":"status-publish","4":"has-post-thumbnail","6":"product_cat-webos-tv","7":"product_cat-webos-tv-uhd-4k","9":"first","10":"instock","11":"shipping-taxable","12":"product-type-simple"},"yoast_head":"<!-- This site is optimized with the Yoast SEO plugin v24.7 - https:\/\/yoast.com\/wordpress\/plugins\/seo\/ -->\n<title>Smart TV 40NE6800, WebOS 4K, Ultra HD, 100 cm, WiFi, CI+ - NEI TV<\/title>\n<meta name=\"robots\" content=\"index, follow, max-snippet:-1, max-image-preview:large, max-video-preview:-1\" \/>\n<link rel=\"canonical\" href=\"https:\/\/nei-tv.com\/ro\/produs\/smart-tv-40ne6800-webos-4k-ultra-hd-100-cm-wifi-ci\/\" \/>\n<meta property=\"og:locale\" content=\"ro_RO\" \/>\n<meta property=\"og:type\" content=\"article\" \/>\n<meta property=\"og:title\" content=\"Smart TV 40NE6800, WebOS 4K, Ultra HD, 100 cm, WiFi, CI+ - NEI TV\" \/>\n<meta property=\"og:description\" content=\"The Smart TV NEI 40NE6800 has an LED display, resolution 3840 x 2160 Ultra HD\/ 4K, specially created to highlight the clarity and quality of the images played, so you can enjoy the highest quality and performance.\" \/>\n<meta property=\"og:url\" content=\"https:\/\/nei-tv.com\/ro\/produs\/smart-tv-40ne6800-webos-4k-ultra-hd-100-cm-wifi-ci\/\" \/>\n<meta property=\"og:site_name\" content=\"NEI TV\" \/>\n<meta property=\"article:modified_time\" content=\"2025-10-29T20:41:35+00:00\" \/>\n<meta property=\"og:image\" content=\"https:\/\/nei-tv.com\/wp-content\/uploads\/2023\/11\/NEI-40NE6800.jpg\" \/>\n\t<meta property=\"og:image:width\" content=\"1000\" \/>\n\t<meta property=\"og:image:height\" content=\"1000\" \/>\n\t<meta property=\"og:image:type\" content=\"image\/jpeg\" \/>\n<meta name=\"twitter:card\" content=\"summary_large_image\" \/>\n<meta name=\"twitter:label1\" content=\"Timp estimat pentru citire\" \/>\n\t<meta name=\"twitter:data1\" content=\"2 minute\" \/>\n<script type=\"application\/ld+json\" class=\"yoast-schema-graph\">{\"@context\":\"https:\/\/schema.org\",\"@graph\":[{\"@type\":\"WebPage\",\"@id\":\"https:\/\/nei-tv.com\/product\/smart-tv-40ne6800-webos-4k-ultra-hd-100-cm-wifi-ci\/\",\"url\":\"https:\/\/nei-tv.com\/product\/smart-tv-40ne6800-webos-4k-ultra-hd-100-cm-wifi-ci\/\",\"name\":\"Smart TV 40NE6800, WebOS 4K, Ultra HD, 100 cm, WiFi, CI+ - NEI TV\",\"isPartOf\":{\"@id\":\"https:\/\/nei-tv.com\/#website\"},\"primaryImageOfPage\":{\"@id\":\"https:\/\/nei-tv.com\/product\/smart-tv-40ne6800-webos-4k-ultra-hd-100-cm-wifi-ci\/#primaryimage\"},\"image\":{\"@id\":\"https:\/\/nei-tv.com\/product\/smart-tv-40ne6800-webos-4k-ultra-hd-100-cm-wifi-ci\/#primaryimage\"},\"thumbnailUrl\":\"https:\/\/nei-tv.com\/wp-content\/uploads\/2023\/11\/NEI-40NE6800.jpg\",\"datePublished\":\"2023-11-02T23:17:45+00:00\",\"dateModified\":\"2025-10-29T20:41:35+00:00\",\"breadcrumb\":{\"@id\":\"https:\/\/nei-tv.com\/product\/smart-tv-40ne6800-webos-4k-ultra-hd-100-cm-wifi-ci\/#breadcrumb\"},\"inLanguage\":\"ro-RO\",\"potentialAction\":[{\"@type\":\"ReadAction\",\"target\":[\"https:\/\/nei-tv.com\/product\/smart-tv-40ne6800-webos-4k-ultra-hd-100-cm-wifi-ci\/\"]}]},{\"@type\":\"ImageObject\",\"inLanguage\":\"ro-RO\",\"@id\":\"https:\/\/nei-tv.com\/product\/smart-tv-40ne6800-webos-4k-ultra-hd-100-cm-wifi-ci\/#primaryimage\",\"url\":\"https:\/\/nei-tv.com\/wp-content\/uploads\/2023\/11\/NEI-40NE6800.jpg\",\"contentUrl\":\"https:\/\/nei-tv.com\/wp-content\/uploads\/2023\/11\/NEI-40NE6800.jpg\",\"width\":1000,\"height\":1000},{\"@type\":\"BreadcrumbList\",\"@id\":\"https:\/\/nei-tv.com\/product\/smart-tv-40ne6800-webos-4k-ultra-hd-100-cm-wifi-ci\/#breadcrumb\",\"itemListElement\":[{\"@type\":\"ListItem\",\"position\":1,\"name\":\"Home\",\"item\":\"https:\/\/nei-tv.com\/\"},{\"@type\":\"ListItem\",\"position\":2,\"name\":\"Shop\",\"item\":\"https:\/\/nei-tv.com\/shop\/\"},{\"@type\":\"ListItem\",\"position\":3,\"name\":\"Smart TV 40NE6800, WebOS 4K, Ultra HD, 100 cm, WiFi, CI+\"}]},{\"@type\":\"WebSite\",\"@id\":\"https:\/\/nei-tv.com\/#website\",\"url\":\"https:\/\/nei-tv.com\/\",\"name\":\"NEI TV\",\"description\":\"NEI\",\"publisher\":{\"@id\":\"https:\/\/nei-tv.com\/#organization\"},\"potentialAction\":[{\"@type\":\"SearchAction\",\"target\":{\"@type\":\"EntryPoint\",\"urlTemplate\":\"https:\/\/nei-tv.com\/?s={search_term_string}\"},\"query-input\":{\"@type\":\"PropertyValueSpecification\",\"valueRequired\":true,\"valueName\":\"search_term_string\"}}],\"inLanguage\":\"ro-RO\"},{\"@type\":\"Organization\",\"@id\":\"https:\/\/nei-tv.com\/#organization\",\"name\":\"NEI TV\",\"url\":\"https:\/\/nei-tv.com\/\",\"logo\":{\"@type\":\"ImageObject\",\"inLanguage\":\"ro-RO\",\"@id\":\"https:\/\/nei-tv.com\/#\/schema\/logo\/image\/\",\"url\":\"https:\/\/nei-tv.com\/wp-content\/uploads\/2023\/09\/logo_nei_tv_black_en.svg\",\"contentUrl\":\"https:\/\/nei-tv.com\/wp-content\/uploads\/2023\/09\/logo_nei_tv_black_en.svg\",\"width\":512,\"height\":205,\"caption\":\"NEI TV\"},\"image\":{\"@id\":\"https:\/\/nei-tv.com\/#\/schema\/logo\/image\/\"}}]}<\/script>\n<!-- \/ Yoast SEO plugin. -->","yoast_head_json":{"title":"Smart TV 40NE6800, WebOS 4K, Ultra HD, 100 cm, WiFi, CI+ - NEI TV","robots":{"index":"index","follow":"follow","max-snippet":"max-snippet:-1","max-image-preview":"max-image-preview:large","max-video-preview":"max-video-preview:-1"},"canonical":"https:\/\/nei-tv.com\/ro\/produs\/smart-tv-40ne6800-webos-4k-ultra-hd-100-cm-wifi-ci\/","og_locale":"ro_RO","og_type":"article","og_title":"Smart TV 40NE6800, WebOS 4K, Ultra HD, 100 cm, WiFi, CI+ - NEI TV","og_description":"The Smart TV NEI 40NE6800 has an LED display, resolution 3840 x 2160 Ultra HD\/ 4K, specially created to highlight the clarity and quality of the images played, so you can enjoy the highest quality and performance.","og_url":"https:\/\/nei-tv.com\/ro\/produs\/smart-tv-40ne6800-webos-4k-ultra-hd-100-cm-wifi-ci\/","og_site_name":"NEI TV","article_modified_time":"2025-10-29T20:41:35+00:00","og_image":[{"width":1000,"height":1000,"url":"https:\/\/nei-tv.com\/wp-content\/uploads\/2023\/11\/NEI-40NE6800.jpg","type":"image\/jpeg"}],"twitter_card":"summary_large_image","twitter_misc":{"Timp estimat pentru citire":"2 minute"},"schema":{"@context":"https:\/\/schema.org","@graph":[{"@type":"WebPage","@id":"https:\/\/nei-tv.com\/product\/smart-tv-40ne6800-webos-4k-ultra-hd-100-cm-wifi-ci\/","url":"https:\/\/nei-tv.com\/product\/smart-tv-40ne6800-webos-4k-ultra-hd-100-cm-wifi-ci\/","name":"Smart TV 40NE6800, WebOS 4K, Ultra HD, 100 cm, WiFi, CI+ - NEI TV","isPartOf":{"@id":"https:\/\/nei-tv.com\/#website"},"primaryImageOfPage":{"@id":"https:\/\/nei-tv.com\/product\/smart-tv-40ne6800-webos-4k-ultra-hd-100-cm-wifi-ci\/#primaryimage"},"image":{"@id":"https:\/\/nei-tv.com\/product\/smart-tv-40ne6800-webos-4k-ultra-hd-100-cm-wifi-ci\/#primaryimage"},"thumbnailUrl":"https:\/\/nei-tv.com\/wp-content\/uploads\/2023\/11\/NEI-40NE6800.jpg","datePublished":"2023-11-02T23:17:45+00:00","dateModified":"2025-10-29T20:41:35+00:00","breadcrumb":{"@id":"https:\/\/nei-tv.com\/product\/smart-tv-40ne6800-webos-4k-ultra-hd-100-cm-wifi-ci\/#breadcrumb"},"inLanguage":"ro-RO","potentialAction":[{"@type":"ReadAction","target":["https:\/\/nei-tv.com\/product\/smart-tv-40ne6800-webos-4k-ultra-hd-100-cm-wifi-ci\/"]}]},{"@type":"ImageObject","inLanguage":"ro-RO","@id":"https:\/\/nei-tv.com\/product\/smart-tv-40ne6800-webos-4k-ultra-hd-100-cm-wifi-ci\/#primaryimage","url":"https:\/\/nei-tv.com\/wp-content\/uploads\/2023\/11\/NEI-40NE6800.jpg","contentUrl":"https:\/\/nei-tv.com\/wp-content\/uploads\/2023\/11\/NEI-40NE6800.jpg","width":1000,"height":1000},{"@type":"BreadcrumbList","@id":"https:\/\/nei-tv.com\/product\/smart-tv-40ne6800-webos-4k-ultra-hd-100-cm-wifi-ci\/#breadcrumb","itemListElement":[{"@type":"ListItem","position":1,"name":"Home","item":"https:\/\/nei-tv.com\/"},{"@type":"ListItem","position":2,"name":"Shop","item":"https:\/\/nei-tv.com\/shop\/"},{"@type":"ListItem","position":3,"name":"Smart TV 40NE6800, WebOS 4K, Ultra HD, 100 cm, WiFi, CI+"}]},{"@type":"WebSite","@id":"https:\/\/nei-tv.com\/#website","url":"https:\/\/nei-tv.com\/","name":"NEI TV","description":"NEI","publisher":{"@id":"https:\/\/nei-tv.com\/#organization"},"potentialAction":[{"@type":"SearchAction","target":{"@type":"EntryPoint","urlTemplate":"https:\/\/nei-tv.com\/?s={search_term_string}"},"query-input":{"@type":"PropertyValueSpecification","valueRequired":true,"valueName":"search_term_string"}}],"inLanguage":"ro-RO"},{"@type":"Organization","@id":"https:\/\/nei-tv.com\/#organization","name":"NEI TV","url":"https:\/\/nei-tv.com\/","logo":{"@type":"ImageObject","inLanguage":"ro-RO","@id":"https:\/\/nei-tv.com\/#\/schema\/logo\/image\/","url":"https:\/\/nei-tv.com\/wp-content\/uploads\/2023\/09\/logo_nei_tv_black_en.svg","contentUrl":"https:\/\/nei-tv.com\/wp-content\/uploads\/2023\/09\/logo_nei_tv_black_en.svg","width":512,"height":205,"caption":"NEI TV"},"image":{"@id":"https:\/\/nei-tv.com\/#\/schema\/logo\/image\/"}}]}},"_links":{"self":[{"href":"https:\/\/nei-tv.com\/ro\/wp-json\/wp\/v2\/product\/1462","targetHints":{"allow":["GET"]}}],"collection":[{"href":"https:\/\/nei-tv.com\/ro\/wp-json\/wp\/v2\/product"}],"about":[{"href":"https:\/\/nei-tv.com\/ro\/wp-json\/wp\/v2\/types\/product"}],"replies":[{"embeddable":true,"href":"https:\/\/nei-tv.com\/ro\/wp-json\/wp\/v2\/comments?post=1462"}],"version-history":[{"count":4,"href":"https:\/\/nei-tv.com\/ro\/wp-json\/wp\/v2\/product\/1462\/revisions"}],"predecessor-version":[{"id":1851,"href":"https:\/\/nei-tv.com\/ro\/wp-json\/wp\/v2\/product\/1462\/revisions\/1851"}],"wp:featuredmedia":[{"embeddable":true,"href":"https:\/\/nei-tv.com\/ro\/wp-json\/wp\/v2\/media\/2106"}],"wp:attachment":[{"href":"https:\/\/nei-tv.com\/ro\/wp-json\/wp\/v2\/media?parent=1462"}],"wp:term":[{"taxonomy":"product_brand","embeddable":true,"href":"https:\/\/nei-tv.com\/ro\/wp-json\/wp\/v2\/product_brand?post=1462"},{"taxonomy":"product_cat","embeddable":true,"href":"https:\/\/nei-tv.com\/ro\/wp-json\/wp\/v2\/product_cat?post=1462"},{"taxonomy":"product_tag","embeddable":true,"href":"https:\/\/nei-tv.com\/ro\/wp-json\/wp\/v2\/product_tag?post=1462"}],"curies":[{"name":"wp","href":"https:\/\/api.w.org\/{rel}","templated":true}]}}